{"id":11979,"date":"2019-05-19T16:55:20","date_gmt":"2019-05-19T16:55:20","guid":{"rendered":"https:\/\/kueha.mw.tu-dresden.de\/de\/?page_id=11979"},"modified":"2020-09-30T05:02:14","modified_gmt":"2020-09-30T05:02:14","slug":"entdecke-kosten-2","status":"publish","type":"page","link":"https:\/\/kueha.mw.tu-dresden.de\/de\/entdecke-werkzeuge\/","title":{"rendered":"Entdecke-Werkzeuge"},"content":{"rendered":"<p><\/p>\n<h1><strong>(Simulations-) Werkzeuge<\/strong><\/h1>\n<p>&nbsp;<\/p>\n<p>Mit Hilfe der numerischen Untersuchungen werden f\u00fcr die Feldtestobjekte (<a href=\"https:\/\/kueha.mw.tu-dresden.de\/de\/entdecke-felderprobung\/\">Entdecke-Felderprobung<\/a>) als Referenz- und Auslegungsgr\u00f6\u00dfen die Heiz- und K\u00fchllasten bestimmt. Weiterhin soll mit Hilfe der numerischen Simulation die aus den messtechnischen Untersuchungen gewonnenen Erkenntnisse auf andere Randbedingungen \u00fcbertragen werden. Gerade hierbei bieten Simulationsrechnungen den Vorteil von Parametervariationen unter sonst gleichbleibenden Randbedingungen.<\/p>\n<p>F\u00fcr die Untersuchungen kommen nachstehende Simulationswerkzeuge mit unterschiedlicher Detaillierungstiefe der Modelle zur Anwendung:<\/p>\n<ul>\n<li>TRNSYS-TUD<\/li>\n<li>POLYSUN<\/li>\n<li>GEBSIMU<\/li>\n<li>Solar-Computer<\/li>\n<li>mh-Software<\/li>\n<\/ul>\n<p>Im Rahmen der numerischen Untersuchungen kommt TRNSYS-TUD eine besondere Bedeutung zu. TRNSYS-TUD bietet die M\u00f6glichkeit einer bidirektional gekoppelte Anlagen- und Geb\u00e4udesimulation. Das Anlagenmodell kann hinsichtlich der W\u00e4rme-\/K\u00e4lte-Verteilung und -\u00fcbergabe sehr detailliert abgebildet werden, so dass das thermische und hydraulische Verhalten sehr realit\u00e4tsnah simuliert werden kann. Ebenso kann das Geb\u00e4ude hinsichtlich der Geometrie sowie der geometrischen, thermischen und hygrischen Eigenschaften des Bauk\u00f6rpers sehr realit\u00e4tsnah erstellt werden. Besondere Bedeutung kommt hierbei der Ber\u00fccksichtigung der hygrischen Eigenschaften, als Grundlage zur Bilanzierung der Wasserdampfmassestr\u00f6me zu (<a href=\"https:\/\/kueha.mw.tu-dresden.de\/de\/entdecke-regelung\/\">Entdecke-Regelung<\/a>, <a href=\"https:\/\/kueha.mw.tu-dresden.de\/de\/entdecke-tauwasser\/\">Entdecke-Tauwasser<\/a>).<\/p>\n<p>&nbsp;<\/p>\n<p><strong>Modelle<\/strong><\/p>\n<p style=\"text-align: left;\"><img loading=\"lazy\" decoding=\"async\" class=\"alignnone size-medium wp-image-12161\" src=\"https:\/\/kueha.mw.tu-dresden.de\/wp-content\/uploads\/MERAnlagenGebaeudemod-300x119.png\" alt=\"\" width=\"600\" height=\"238\" srcset=\"https:\/\/kueha.mw.tu-dresden.de\/wp-content\/uploads\/MERAnlagenGebaeudemod-300x119.png 300w, https:\/\/kueha.mw.tu-dresden.de\/wp-content\/uploads\/MERAnlagenGebaeudemod-1024x407.png 1024w, https:\/\/kueha.mw.tu-dresden.de\/wp-content\/uploads\/MERAnlagenGebaeudemod-150x60.png 150w, https:\/\/kueha.mw.tu-dresden.de\/wp-content\/uploads\/MERAnlagenGebaeudemod-768x305.png 768w, https:\/\/kueha.mw.tu-dresden.de\/wp-content\/uploads\/MERAnlagenGebaeudemod.png 1170w\" sizes=\"auto, (max-width: 600px) 100vw, 600px\" \/><\/p>\n<p style=\"text-align: left;\"><em>Anlagen- und Geb\u00e4udemodell der Pilot- und Demonstrationsanlage &#8222;Merkel-Bau&#8220; (TRNSYS-TUD)<\/em><\/p>\n<p>&nbsp;<\/p>\n<p style=\"text-align: left;\"><img loading=\"lazy\" decoding=\"async\" class=\"alignnone size-medium wp-image-12162\" src=\"https:\/\/kueha.mw.tu-dresden.de\/wp-content\/uploads\/OhraAnlagenGebaudemod2-300x137.png\" alt=\"\" width=\"600\" height=\"238\" \/><\/p>\n<p style=\"text-align: left;\"><em>Anlagen- und Geb\u00e4udemodell der Feldtestanlage &#8222;Fr\u00f6ttst\u00e4dt&#8220; (TRNSYS-TUD)<\/em><\/p>\n<p>&nbsp;<\/p>\n<p style=\"text-align: left;\"><img loading=\"lazy\" decoding=\"async\" class=\"alignnone size-medium wp-image-12163\" src=\"https:\/\/kueha.mw.tu-dresden.de\/wp-content\/uploads\/OhraGebModmh-300x70.png\" alt=\"\" width=\"600\" height=\"140\" srcset=\"https:\/\/kueha.mw.tu-dresden.de\/wp-content\/uploads\/OhraGebModmh-300x70.png 300w, https:\/\/kueha.mw.tu-dresden.de\/wp-content\/uploads\/OhraGebModmh-150x35.png 150w, https:\/\/kueha.mw.tu-dresden.de\/wp-content\/uploads\/OhraGebModmh-768x180.png 768w, https:\/\/kueha.mw.tu-dresden.de\/wp-content\/uploads\/OhraGebModmh.png 1002w\" sizes=\"auto, (max-width: 600px) 100vw, 600px\" \/><\/p>\n<p style=\"text-align: left;\"><em>Geb\u00e4udemodell der Feldtestanlage &#8222;Fr\u00f6ttst\u00e4dt&#8220; (mh-Software)<\/em><\/p>\n<p>&nbsp;<\/p>\n<p style=\"text-align: left;\"><img loading=\"lazy\" decoding=\"async\" class=\"alignnone size-medium wp-image-12164\" src=\"https:\/\/kueha.mw.tu-dresden.de\/wp-content\/uploads\/OhraPolysun-300x539.png\" alt=\"\" width=\"600\" height=\"1078\" \/><\/p>\n<p style=\"text-align: left;\"><img loading=\"lazy\" decoding=\"async\" class=\"alignnone size-medium wp-image-12166\" src=\"https:\/\/kueha.mw.tu-dresden.de\/wp-content\/uploads\/OhraPolysun-300x167.png\" alt=\"\" width=\"600\" height=\"334\" srcset=\"https:\/\/kueha.mw.tu-dresden.de\/wp-content\/uploads\/OhraPolysun-300x167.png 300w, https:\/\/kueha.mw.tu-dresden.de\/wp-content\/uploads\/OhraPolysun-1024x570.png 1024w, https:\/\/kueha.mw.tu-dresden.de\/wp-content\/uploads\/OhraPolysun-150x83.png 150w, https:\/\/kueha.mw.tu-dresden.de\/wp-content\/uploads\/OhraPolysun-768x427.png 768w, https:\/\/kueha.mw.tu-dresden.de\/wp-content\/uploads\/OhraPolysun.png 1280w\" sizes=\"auto, (max-width: 600px) 100vw, 600px\" \/><\/p>\n<p style=\"text-align: left;\"><em>Anlagenmodell der Feldtestanlage &#8222;Fr\u00f6ttst\u00e4dt&#8220; (POLYSUN)<\/em><\/p>\n<p>&nbsp;<\/p>\n<p style=\"text-align: left;\"><a href=\"https:\/\/kueha.mw.tu-dresden.de\/de\/entdecke\/\">zur\u00fcck<\/a><\/p>\n<p><\/p>","protected":false},"excerpt":{"rendered":"<p>(Simulations-) Werkzeuge &nbsp; Mit Hilfe der numerischen Untersuchungen werden f\u00fcr die Feldtestobjekte (Entdecke-Felderprobung) als Referenz- und Auslegungsgr\u00f6\u00dfen die Heiz- und K\u00fchllasten bestimmt. Weiterhin soll mit Hilfe der numerischen Simulation die aus den messtechnischen Untersuchungen gewonnenen Erkenntnisse auf andere Randbedingungen \u00fcbertragen werden. Gerade hierbei bieten Simulationsrechnungen den Vorteil von Parametervariationen unter sonst gleichbleibenden Randbedingungen. F\u00fcr die [&hellip;]<\/p>\n","protected":false},"author":60,"featured_media":0,"parent":0,"menu_order":0,"comment_status":"closed","ping_status":"closed","template":"","meta":{"footnotes":""},"class_list":["post-11979","page","type-page","status-publish","hentry"],"yoast_head":"<!-- This site is optimized with the Yoast SEO plugin v25.9 - https:\/\/yoast.com\/wordpress\/plugins\/seo\/ -->\n<title>Entdecke-Werkzeuge - KUEHA<\/title>\n<meta name=\"robots\" content=\"index, follow, max-snippet:-1, max-image-preview:large, max-video-preview:-1\" \/>\n<link rel=\"canonical\" href=\"https:\/\/kueha.mw.tu-dresden.de\/de\/entdecke-werkzeuge\/\" \/>\n<meta property=\"og:locale\" content=\"de_DE\" \/>\n<meta property=\"og:type\" content=\"article\" \/>\n<meta property=\"og:title\" content=\"Entdecke-Werkzeuge - KUEHA\" \/>\n<meta property=\"og:description\" content=\"(Simulations-) Werkzeuge &nbsp; Mit Hilfe der numerischen Untersuchungen werden f\u00fcr die Feldtestobjekte (Entdecke-Felderprobung) als Referenz- und Auslegungsgr\u00f6\u00dfen die Heiz- und K\u00fchllasten bestimmt. Weiterhin soll mit Hilfe der numerischen Simulation die aus den messtechnischen Untersuchungen gewonnenen Erkenntnisse auf andere Randbedingungen \u00fcbertragen werden. Gerade hierbei bieten Simulationsrechnungen den Vorteil von Parametervariationen unter sonst gleichbleibenden Randbedingungen. F\u00fcr die [&hellip;]\" \/>\n<meta property=\"og:url\" content=\"https:\/\/kueha.mw.tu-dresden.de\/de\/entdecke-werkzeuge\/\" \/>\n<meta property=\"og:site_name\" content=\"KUEHA\" \/>\n<meta property=\"article:modified_time\" content=\"2020-09-30T05:02:14+00:00\" \/>\n<meta property=\"og:image\" content=\"https:\/\/kueha.mw.tu-dresden.de\/wp-content\/uploads\/MERAnlagenGebaeudemod-300x119.png\" \/>\n<meta name=\"twitter:card\" content=\"summary_large_image\" \/>\n<meta name=\"twitter:label1\" content=\"Gesch\u00e4tzte Lesezeit\" \/>\n\t<meta name=\"twitter:data1\" content=\"1\u00a0Minute\" \/>\n<script type=\"application\/ld+json\" class=\"yoast-schema-graph\">{\"@context\":\"https:\/\/schema.org\",\"@graph\":[{\"@type\":\"WebPage\",\"@id\":\"https:\/\/kueha.mw.tu-dresden.de\/de\/entdecke-werkzeuge\/\",\"url\":\"https:\/\/kueha.mw.tu-dresden.de\/de\/entdecke-werkzeuge\/\",\"name\":\"Entdecke-Werkzeuge - KUEHA\",\"isPartOf\":{\"@id\":\"https:\/\/kueha.mw.tu-dresden.de\/de\/#website\"},\"primaryImageOfPage\":{\"@id\":\"https:\/\/kueha.mw.tu-dresden.de\/de\/entdecke-werkzeuge\/#primaryimage\"},\"image\":{\"@id\":\"https:\/\/kueha.mw.tu-dresden.de\/de\/entdecke-werkzeuge\/#primaryimage\"},\"thumbnailUrl\":\"https:\/\/kueha.mw.tu-dresden.de\/wp-content\/uploads\/MERAnlagenGebaeudemod-300x119.png\",\"datePublished\":\"2019-05-19T16:55:20+00:00\",\"dateModified\":\"2020-09-30T05:02:14+00:00\",\"breadcrumb\":{\"@id\":\"https:\/\/kueha.mw.tu-dresden.de\/de\/entdecke-werkzeuge\/#breadcrumb\"},\"inLanguage\":\"de\",\"potentialAction\":[{\"@type\":\"ReadAction\",\"target\":[\"https:\/\/kueha.mw.tu-dresden.de\/de\/entdecke-werkzeuge\/\"]}]},{\"@type\":\"ImageObject\",\"inLanguage\":\"de\",\"@id\":\"https:\/\/kueha.mw.tu-dresden.de\/de\/entdecke-werkzeuge\/#primaryimage\",\"url\":\"https:\/\/kueha.mw.tu-dresden.de\/wp-content\/uploads\/MERAnlagenGebaeudemod-300x119.png\",\"contentUrl\":\"https:\/\/kueha.mw.tu-dresden.de\/wp-content\/uploads\/MERAnlagenGebaeudemod-300x119.png\"},{\"@type\":\"BreadcrumbList\",\"@id\":\"https:\/\/kueha.mw.tu-dresden.de\/de\/entdecke-werkzeuge\/#breadcrumb\",\"itemListElement\":[{\"@type\":\"ListItem\",\"position\":1,\"name\":\"Home\",\"item\":\"https:\/\/kueha.mw.tu-dresden.de\/de\/\"},{\"@type\":\"ListItem\",\"position\":2,\"name\":\"Entdecke-Werkzeuge\"}]},{\"@type\":\"WebSite\",\"@id\":\"https:\/\/kueha.mw.tu-dresden.de\/de\/#website\",\"url\":\"https:\/\/kueha.mw.tu-dresden.de\/de\/\",\"name\":\"KUEHA\",\"description\":\"KUEHA\",\"potentialAction\":[{\"@type\":\"SearchAction\",\"target\":{\"@type\":\"EntryPoint\",\"urlTemplate\":\"https:\/\/kueha.mw.tu-dresden.de\/de\/?s={search_term_string}\"},\"query-input\":{\"@type\":\"PropertyValueSpecification\",\"valueRequired\":true,\"valueName\":\"search_term_string\"}}],\"inLanguage\":\"de\"}]}<\/script>\n<!-- \/ Yoast SEO plugin. -->","yoast_head_json":{"title":"Entdecke-Werkzeuge - KUEHA","robots":{"index":"index","follow":"follow","max-snippet":"max-snippet:-1","max-image-preview":"max-image-preview:large","max-video-preview":"max-video-preview:-1"},"canonical":"https:\/\/kueha.mw.tu-dresden.de\/de\/entdecke-werkzeuge\/","og_locale":"de_DE","og_type":"article","og_title":"Entdecke-Werkzeuge - KUEHA","og_description":"(Simulations-) Werkzeuge &nbsp; Mit Hilfe der numerischen Untersuchungen werden f\u00fcr die Feldtestobjekte (Entdecke-Felderprobung) als Referenz- und Auslegungsgr\u00f6\u00dfen die Heiz- und K\u00fchllasten bestimmt. Weiterhin soll mit Hilfe der numerischen Simulation die aus den messtechnischen Untersuchungen gewonnenen Erkenntnisse auf andere Randbedingungen \u00fcbertragen werden. Gerade hierbei bieten Simulationsrechnungen den Vorteil von Parametervariationen unter sonst gleichbleibenden Randbedingungen. F\u00fcr die [&hellip;]","og_url":"https:\/\/kueha.mw.tu-dresden.de\/de\/entdecke-werkzeuge\/","og_site_name":"KUEHA","article_modified_time":"2020-09-30T05:02:14+00:00","og_image":[{"url":"https:\/\/kueha.mw.tu-dresden.de\/wp-content\/uploads\/MERAnlagenGebaeudemod-300x119.png","type":"","width":"","height":""}],"twitter_card":"summary_large_image","twitter_misc":{"Gesch\u00e4tzte Lesezeit":"1\u00a0Minute"},"schema":{"@context":"https:\/\/schema.org","@graph":[{"@type":"WebPage","@id":"https:\/\/kueha.mw.tu-dresden.de\/de\/entdecke-werkzeuge\/","url":"https:\/\/kueha.mw.tu-dresden.de\/de\/entdecke-werkzeuge\/","name":"Entdecke-Werkzeuge - KUEHA","isPartOf":{"@id":"https:\/\/kueha.mw.tu-dresden.de\/de\/#website"},"primaryImageOfPage":{"@id":"https:\/\/kueha.mw.tu-dresden.de\/de\/entdecke-werkzeuge\/#primaryimage"},"image":{"@id":"https:\/\/kueha.mw.tu-dresden.de\/de\/entdecke-werkzeuge\/#primaryimage"},"thumbnailUrl":"https:\/\/kueha.mw.tu-dresden.de\/wp-content\/uploads\/MERAnlagenGebaeudemod-300x119.png","datePublished":"2019-05-19T16:55:20+00:00","dateModified":"2020-09-30T05:02:14+00:00","breadcrumb":{"@id":"https:\/\/kueha.mw.tu-dresden.de\/de\/entdecke-werkzeuge\/#breadcrumb"},"inLanguage":"de","potentialAction":[{"@type":"ReadAction","target":["https:\/\/kueha.mw.tu-dresden.de\/de\/entdecke-werkzeuge\/"]}]},{"@type":"ImageObject","inLanguage":"de","@id":"https:\/\/kueha.mw.tu-dresden.de\/de\/entdecke-werkzeuge\/#primaryimage","url":"https:\/\/kueha.mw.tu-dresden.de\/wp-content\/uploads\/MERAnlagenGebaeudemod-300x119.png","contentUrl":"https:\/\/kueha.mw.tu-dresden.de\/wp-content\/uploads\/MERAnlagenGebaeudemod-300x119.png"},{"@type":"BreadcrumbList","@id":"https:\/\/kueha.mw.tu-dresden.de\/de\/entdecke-werkzeuge\/#breadcrumb","itemListElement":[{"@type":"ListItem","position":1,"name":"Home","item":"https:\/\/kueha.mw.tu-dresden.de\/de\/"},{"@type":"ListItem","position":2,"name":"Entdecke-Werkzeuge"}]},{"@type":"WebSite","@id":"https:\/\/kueha.mw.tu-dresden.de\/de\/#website","url":"https:\/\/kueha.mw.tu-dresden.de\/de\/","name":"KUEHA","description":"KUEHA","potentialAction":[{"@type":"SearchAction","target":{"@type":"EntryPoint","urlTemplate":"https:\/\/kueha.mw.tu-dresden.de\/de\/?s={search_term_string}"},"query-input":{"@type":"PropertyValueSpecification","valueRequired":true,"valueName":"search_term_string"}}],"inLanguage":"de"}]}},"_links":{"self":[{"href":"https:\/\/kueha.mw.tu-dresden.de\/de\/wp-json\/wp\/v2\/pages\/11979","targetHints":{"allow":["GET"]}}],"collection":[{"href":"https:\/\/kueha.mw.tu-dresden.de\/de\/wp-json\/wp\/v2\/pages"}],"about":[{"href":"https:\/\/kueha.mw.tu-dresden.de\/de\/wp-json\/wp\/v2\/types\/page"}],"author":[{"embeddable":true,"href":"https:\/\/kueha.mw.tu-dresden.de\/de\/wp-json\/wp\/v2\/users\/60"}],"replies":[{"embeddable":true,"href":"https:\/\/kueha.mw.tu-dresden.de\/de\/wp-json\/wp\/v2\/comments?post=11979"}],"version-history":[{"count":15,"href":"https:\/\/kueha.mw.tu-dresden.de\/de\/wp-json\/wp\/v2\/pages\/11979\/revisions"}],"predecessor-version":[{"id":12178,"href":"https:\/\/kueha.mw.tu-dresden.de\/de\/wp-json\/wp\/v2\/pages\/11979\/revisions\/12178"}],"wp:attachment":[{"href":"https:\/\/kueha.mw.tu-dresden.de\/de\/wp-json\/wp\/v2\/media?parent=11979"}],"curies":[{"name":"wp","href":"https:\/\/api.w.org\/{rel}","templated":true}]}}