{"id":11951,"date":"2019-04-30T07:28:41","date_gmt":"2019-04-30T07:28:41","guid":{"rendered":"https:\/\/kueha.mw.tu-dresden.de\/de\/?page_id=11951"},"modified":"2020-05-27T14:49:53","modified_gmt":"2020-05-27T14:49:53","slug":"thermografie-parallel-vloben-4-2","status":"publish","type":"page","link":"https:\/\/kueha.mw.tu-dresden.de\/de\/thermografie-2\/","title":{"rendered":"Thermografie-2"},"content":{"rendered":"<p><div style=\"width: 750px;\" class=\"wp-video\"><!--[if lt IE 9]><script>document.createElement('video');<\/script><![endif]-->\n<video class=\"wp-video-shortcode\" id=\"video-11951-1\" width=\"750\" height=\"422\" preload=\"metadata\" controls=\"controls\"><source type=\"video\/mp4\" src=\"https:\/\/kueha.mw.tu-dresden.de\/wp-content\/uploads\/Mer302-K\u00fchlfallVLoP-100l-gesamt-15fps1920x1080.mp4?_=1\" \/><a href=\"https:\/\/kueha.mw.tu-dresden.de\/wp-content\/uploads\/Mer302-K\u00fchlfallVLoP-100l-gesamt-15fps1920x1080.mp4\">https:\/\/kueha.mw.tu-dresden.de\/wp-content\/uploads\/Mer302-K\u00fchlfallVLoP-100l-gesamt-15fps1920x1080.mp4<\/a><\/video><\/div><\/p>\n<p>Temperaturverteilung auf einem Heizk\u00f6rper mit parallel durchstr\u00f6mten Platten bei einer Durchstr\u00f6mung mit 2\/3 Auslegungsvolumenstrom (Vorlauf oben)<\/p>","protected":false},"excerpt":{"rendered":"<p>Temperaturverteilung auf einem Heizk\u00f6rper mit parallel durchstr\u00f6mten Platten bei einer Durchstr\u00f6mung mit 2\/3 Auslegungsvolumenstrom (Vorlauf oben)<\/p>\n","protected":false},"author":60,"featured_media":0,"parent":0,"menu_order":0,"comment_status":"closed","ping_status":"closed","template":"","meta":{"footnotes":""},"class_list":["post-11951","page","type-page","status-publish","hentry"],"yoast_head":"<!-- This site is optimized with the Yoast SEO plugin v25.9 - https:\/\/yoast.com\/wordpress\/plugins\/seo\/ -->\n<title>Thermografie-2 - KUEHA<\/title>\n<meta name=\"robots\" content=\"index, follow, max-snippet:-1, max-image-preview:large, max-video-preview:-1\" \/>\n<link rel=\"canonical\" href=\"https:\/\/kueha.mw.tu-dresden.de\/en\/thermography-2\/\" \/>\n<meta property=\"og:locale\" content=\"de_DE\" \/>\n<meta property=\"og:type\" content=\"article\" \/>\n<meta property=\"og:title\" content=\"Thermografie-2 - KUEHA\" \/>\n<meta property=\"og:description\" content=\"Temperaturverteilung auf einem Heizk\u00f6rper mit parallel durchstr\u00f6mten Platten bei einer Durchstr\u00f6mung mit 2\/3 Auslegungsvolumenstrom (Vorlauf oben)\" \/>\n<meta property=\"og:url\" content=\"https:\/\/kueha.mw.tu-dresden.de\/en\/thermography-2\/\" \/>\n<meta property=\"og:site_name\" content=\"KUEHA\" \/>\n<meta property=\"article:modified_time\" content=\"2020-05-27T14:49:53+00:00\" \/>\n<meta name=\"twitter:card\" content=\"summary_large_image\" \/>\n<script type=\"application\/ld+json\" class=\"yoast-schema-graph\">{\"@context\":\"https:\/\/schema.org\",\"@graph\":[{\"@type\":\"WebPage\",\"@id\":\"https:\/\/kueha.mw.tu-dresden.de\/en\/thermography-2\/\",\"url\":\"https:\/\/kueha.mw.tu-dresden.de\/en\/thermography-2\/\",\"name\":\"Thermografie-2 - KUEHA\",\"isPartOf\":{\"@id\":\"https:\/\/kueha.mw.tu-dresden.de\/de\/#website\"},\"datePublished\":\"2019-04-30T07:28:41+00:00\",\"dateModified\":\"2020-05-27T14:49:53+00:00\",\"breadcrumb\":{\"@id\":\"https:\/\/kueha.mw.tu-dresden.de\/en\/thermography-2\/#breadcrumb\"},\"inLanguage\":\"de\",\"potentialAction\":[{\"@type\":\"ReadAction\",\"target\":[\"https:\/\/kueha.mw.tu-dresden.de\/en\/thermography-2\/\"]}]},{\"@type\":\"BreadcrumbList\",\"@id\":\"https:\/\/kueha.mw.tu-dresden.de\/en\/thermography-2\/#breadcrumb\",\"itemListElement\":[{\"@type\":\"ListItem\",\"position\":1,\"name\":\"Home\",\"item\":\"https:\/\/kueha.mw.tu-dresden.de\/de\/\"},{\"@type\":\"ListItem\",\"position\":2,\"name\":\"Thermography-2\"}]},{\"@type\":\"WebSite\",\"@id\":\"https:\/\/kueha.mw.tu-dresden.de\/de\/#website\",\"url\":\"https:\/\/kueha.mw.tu-dresden.de\/de\/\",\"name\":\"KUEHA\",\"description\":\"KUEHA\",\"potentialAction\":[{\"@type\":\"SearchAction\",\"target\":{\"@type\":\"EntryPoint\",\"urlTemplate\":\"https:\/\/kueha.mw.tu-dresden.de\/de\/?s={search_term_string}\"},\"query-input\":{\"@type\":\"PropertyValueSpecification\",\"valueRequired\":true,\"valueName\":\"search_term_string\"}}],\"inLanguage\":\"de\"}]}<\/script>\n<!-- \/ Yoast SEO plugin. -->","yoast_head_json":{"title":"Thermografie-2 - KUEHA","robots":{"index":"index","follow":"follow","max-snippet":"max-snippet:-1","max-image-preview":"max-image-preview:large","max-video-preview":"max-video-preview:-1"},"canonical":"https:\/\/kueha.mw.tu-dresden.de\/en\/thermography-2\/","og_locale":"de_DE","og_type":"article","og_title":"Thermografie-2 - KUEHA","og_description":"Temperaturverteilung auf einem Heizk\u00f6rper mit parallel durchstr\u00f6mten Platten bei einer Durchstr\u00f6mung mit 2\/3 Auslegungsvolumenstrom (Vorlauf oben)","og_url":"https:\/\/kueha.mw.tu-dresden.de\/en\/thermography-2\/","og_site_name":"KUEHA","article_modified_time":"2020-05-27T14:49:53+00:00","twitter_card":"summary_large_image","schema":{"@context":"https:\/\/schema.org","@graph":[{"@type":"WebPage","@id":"https:\/\/kueha.mw.tu-dresden.de\/en\/thermography-2\/","url":"https:\/\/kueha.mw.tu-dresden.de\/en\/thermography-2\/","name":"Thermografie-2 - KUEHA","isPartOf":{"@id":"https:\/\/kueha.mw.tu-dresden.de\/de\/#website"},"datePublished":"2019-04-30T07:28:41+00:00","dateModified":"2020-05-27T14:49:53+00:00","breadcrumb":{"@id":"https:\/\/kueha.mw.tu-dresden.de\/en\/thermography-2\/#breadcrumb"},"inLanguage":"de","potentialAction":[{"@type":"ReadAction","target":["https:\/\/kueha.mw.tu-dresden.de\/en\/thermography-2\/"]}]},{"@type":"BreadcrumbList","@id":"https:\/\/kueha.mw.tu-dresden.de\/en\/thermography-2\/#breadcrumb","itemListElement":[{"@type":"ListItem","position":1,"name":"Home","item":"https:\/\/kueha.mw.tu-dresden.de\/de\/"},{"@type":"ListItem","position":2,"name":"Thermography-2"}]},{"@type":"WebSite","@id":"https:\/\/kueha.mw.tu-dresden.de\/de\/#website","url":"https:\/\/kueha.mw.tu-dresden.de\/de\/","name":"KUEHA","description":"KUEHA","potentialAction":[{"@type":"SearchAction","target":{"@type":"EntryPoint","urlTemplate":"https:\/\/kueha.mw.tu-dresden.de\/de\/?s={search_term_string}"},"query-input":{"@type":"PropertyValueSpecification","valueRequired":true,"valueName":"search_term_string"}}],"inLanguage":"de"}]}},"_links":{"self":[{"href":"https:\/\/kueha.mw.tu-dresden.de\/de\/wp-json\/wp\/v2\/pages\/11951","targetHints":{"allow":["GET"]}}],"collection":[{"href":"https:\/\/kueha.mw.tu-dresden.de\/de\/wp-json\/wp\/v2\/pages"}],"about":[{"href":"https:\/\/kueha.mw.tu-dresden.de\/de\/wp-json\/wp\/v2\/types\/page"}],"author":[{"embeddable":true,"href":"https:\/\/kueha.mw.tu-dresden.de\/de\/wp-json\/wp\/v2\/users\/60"}],"replies":[{"embeddable":true,"href":"https:\/\/kueha.mw.tu-dresden.de\/de\/wp-json\/wp\/v2\/comments?post=11951"}],"version-history":[{"count":4,"href":"https:\/\/kueha.mw.tu-dresden.de\/de\/wp-json\/wp\/v2\/pages\/11951\/revisions"}],"predecessor-version":[{"id":12090,"href":"https:\/\/kueha.mw.tu-dresden.de\/de\/wp-json\/wp\/v2\/pages\/11951\/revisions\/12090"}],"wp:attachment":[{"href":"https:\/\/kueha.mw.tu-dresden.de\/de\/wp-json\/wp\/v2\/media?parent=11951"}],"curies":[{"name":"wp","href":"https:\/\/api.w.org\/{rel}","templated":true}]}}