{"id":11785,"date":"2018-12-03T21:25:35","date_gmt":"2018-12-03T21:25:35","guid":{"rendered":"https:\/\/kueha.mw.tu-dresden.de\/de\/?page_id=11785"},"modified":"2020-09-29T15:51:01","modified_gmt":"2020-09-29T15:51:01","slug":"entdecke-regelung","status":"publish","type":"page","link":"https:\/\/kueha.mw.tu-dresden.de\/de\/entdecke-regelung\/","title":{"rendered":"Entdecke-Regelung"},"content":{"rendered":"<p><\/p>\n<h1><strong>Regelung<\/strong><\/h1>\n<p>&nbsp;<\/p>\n<p>Werden Freie Heizfl\u00e4chen zur sommerlichen Raumk\u00fchlung eingesetzt, ist deren K\u00fchlleistung aufgrund der geringen Untertemperatur des K\u00fchlmittels vergleichsweise gering. Eine Raumtemperaturregelung ist daher nicht erforderlich<em><sup>1)<\/sup><\/em>.<\/p>\n<p>Zur Vermeidung einer Taupunktunterschreitung ist eine Regelung der Vorlauftemperatur erforderlich. Diese kann \u00fcber eine Beimisch-Schaltung realisiert werden. Die Vorgabe der Soll-Vorlauftemperatur kann als fester Wert, oder in Abh\u00e4ngigkeit der Taupunkttemperatur erfolgen. Im Rahmen der Felduntersuchungen wurden beide M\u00f6glichkeiten betrachtet. Eine taupunkttemperaturgef\u00fchrte Vorlauftemperaturregelung erh\u00f6ht das Temperaturabsenkpotential Freier Heizfl\u00e4chen deutlich. Die Vorlauftemperaturregelung l\u00e4sst sich durch eine Sicherheitsfunktion erg\u00e4nzen, bei dem der K\u00fchlbetrieb unterbrochen wird, sobald ein Tauwasserniederschlag durch einen entsprechenden Sensor registriert wird.<\/p>\n<p>Weniger trivial ist die Ermittlung eines geeigneten Zeitpunktes f\u00fcr den Beginn und das Ende einer K\u00fchlphase. Im Gegensatz zum Winterbetrieb ist hierf\u00fcr die Au\u00dfentemperatur als alleinige Beobachtungsgr\u00f6\u00dfe ungeeignet.<\/p>\n<p><em><sup>1)<\/sup>Mit dem Absinken der Raumtemperatur verringert sich die Temperaturdifferenz zwischen Heizfl\u00e4che und Umgebung und damit auch zunehmend die K\u00fchlleistung (Selbstregelungseffekt).<\/em><\/p>\n<p><a href=\"https:\/\/kueha.mw.tu-dresden.de\/de\/entdecke\/\">zur\u00fcck<\/a><\/p>","protected":false},"excerpt":{"rendered":"<p>Regelung &nbsp; Werden Freie Heizfl\u00e4chen zur sommerlichen Raumk\u00fchlung eingesetzt, ist deren K\u00fchlleistung aufgrund der geringen Untertemperatur des K\u00fchlmittels vergleichsweise gering. Eine Raumtemperaturregelung ist daher nicht erforderlich1). Zur Vermeidung einer Taupunktunterschreitung ist eine Regelung der Vorlauftemperatur erforderlich. Diese kann \u00fcber eine Beimisch-Schaltung realisiert werden. Die Vorgabe der Soll-Vorlauftemperatur kann als fester Wert, oder in Abh\u00e4ngigkeit der [&hellip;]<\/p>\n","protected":false},"author":60,"featured_media":0,"parent":0,"menu_order":0,"comment_status":"closed","ping_status":"closed","template":"","meta":{"footnotes":""},"class_list":["post-11785","page","type-page","status-publish","hentry"],"yoast_head":"<!-- This site is optimized with the Yoast SEO plugin v25.9 - https:\/\/yoast.com\/wordpress\/plugins\/seo\/ -->\n<title>Entdecke-Regelung - KUEHA<\/title>\n<meta name=\"robots\" content=\"index, follow, max-snippet:-1, max-image-preview:large, max-video-preview:-1\" \/>\n<link rel=\"canonical\" href=\"https:\/\/kueha.mw.tu-dresden.de\/de\/entdecke-regelung\/\" \/>\n<meta property=\"og:locale\" content=\"de_DE\" \/>\n<meta property=\"og:type\" content=\"article\" \/>\n<meta property=\"og:title\" content=\"Entdecke-Regelung - KUEHA\" \/>\n<meta property=\"og:description\" content=\"Regelung &nbsp; Werden Freie Heizfl\u00e4chen zur sommerlichen Raumk\u00fchlung eingesetzt, ist deren K\u00fchlleistung aufgrund der geringen Untertemperatur des K\u00fchlmittels vergleichsweise gering. Eine Raumtemperaturregelung ist daher nicht erforderlich1). Zur Vermeidung einer Taupunktunterschreitung ist eine Regelung der Vorlauftemperatur erforderlich. Diese kann \u00fcber eine Beimisch-Schaltung realisiert werden. Die Vorgabe der Soll-Vorlauftemperatur kann als fester Wert, oder in Abh\u00e4ngigkeit der [&hellip;]\" \/>\n<meta property=\"og:url\" content=\"https:\/\/kueha.mw.tu-dresden.de\/de\/entdecke-regelung\/\" \/>\n<meta property=\"og:site_name\" content=\"KUEHA\" \/>\n<meta property=\"article:modified_time\" content=\"2020-09-29T15:51:01+00:00\" \/>\n<meta name=\"twitter:card\" content=\"summary_large_image\" \/>\n<meta name=\"twitter:label1\" content=\"Gesch\u00e4tzte Lesezeit\" \/>\n\t<meta name=\"twitter:data1\" content=\"1\u00a0Minute\" \/>\n<script type=\"application\/ld+json\" class=\"yoast-schema-graph\">{\"@context\":\"https:\/\/schema.org\",\"@graph\":[{\"@type\":\"WebPage\",\"@id\":\"https:\/\/kueha.mw.tu-dresden.de\/de\/entdecke-regelung\/\",\"url\":\"https:\/\/kueha.mw.tu-dresden.de\/de\/entdecke-regelung\/\",\"name\":\"Entdecke-Regelung - KUEHA\",\"isPartOf\":{\"@id\":\"https:\/\/kueha.mw.tu-dresden.de\/de\/#website\"},\"datePublished\":\"2018-12-03T21:25:35+00:00\",\"dateModified\":\"2020-09-29T15:51:01+00:00\",\"breadcrumb\":{\"@id\":\"https:\/\/kueha.mw.tu-dresden.de\/de\/entdecke-regelung\/#breadcrumb\"},\"inLanguage\":\"de\",\"potentialAction\":[{\"@type\":\"ReadAction\",\"target\":[\"https:\/\/kueha.mw.tu-dresden.de\/de\/entdecke-regelung\/\"]}]},{\"@type\":\"BreadcrumbList\",\"@id\":\"https:\/\/kueha.mw.tu-dresden.de\/de\/entdecke-regelung\/#breadcrumb\",\"itemListElement\":[{\"@type\":\"ListItem\",\"position\":1,\"name\":\"Home\",\"item\":\"https:\/\/kueha.mw.tu-dresden.de\/de\/\"},{\"@type\":\"ListItem\",\"position\":2,\"name\":\"Entdecke-Regelung\"}]},{\"@type\":\"WebSite\",\"@id\":\"https:\/\/kueha.mw.tu-dresden.de\/de\/#website\",\"url\":\"https:\/\/kueha.mw.tu-dresden.de\/de\/\",\"name\":\"KUEHA\",\"description\":\"KUEHA\",\"potentialAction\":[{\"@type\":\"SearchAction\",\"target\":{\"@type\":\"EntryPoint\",\"urlTemplate\":\"https:\/\/kueha.mw.tu-dresden.de\/de\/?s={search_term_string}\"},\"query-input\":{\"@type\":\"PropertyValueSpecification\",\"valueRequired\":true,\"valueName\":\"search_term_string\"}}],\"inLanguage\":\"de\"}]}<\/script>\n<!-- \/ Yoast SEO plugin. -->","yoast_head_json":{"title":"Entdecke-Regelung - KUEHA","robots":{"index":"index","follow":"follow","max-snippet":"max-snippet:-1","max-image-preview":"max-image-preview:large","max-video-preview":"max-video-preview:-1"},"canonical":"https:\/\/kueha.mw.tu-dresden.de\/de\/entdecke-regelung\/","og_locale":"de_DE","og_type":"article","og_title":"Entdecke-Regelung - KUEHA","og_description":"Regelung &nbsp; Werden Freie Heizfl\u00e4chen zur sommerlichen Raumk\u00fchlung eingesetzt, ist deren K\u00fchlleistung aufgrund der geringen Untertemperatur des K\u00fchlmittels vergleichsweise gering. Eine Raumtemperaturregelung ist daher nicht erforderlich1). Zur Vermeidung einer Taupunktunterschreitung ist eine Regelung der Vorlauftemperatur erforderlich. Diese kann \u00fcber eine Beimisch-Schaltung realisiert werden. Die Vorgabe der Soll-Vorlauftemperatur kann als fester Wert, oder in Abh\u00e4ngigkeit der [&hellip;]","og_url":"https:\/\/kueha.mw.tu-dresden.de\/de\/entdecke-regelung\/","og_site_name":"KUEHA","article_modified_time":"2020-09-29T15:51:01+00:00","twitter_card":"summary_large_image","twitter_misc":{"Gesch\u00e4tzte Lesezeit":"1\u00a0Minute"},"schema":{"@context":"https:\/\/schema.org","@graph":[{"@type":"WebPage","@id":"https:\/\/kueha.mw.tu-dresden.de\/de\/entdecke-regelung\/","url":"https:\/\/kueha.mw.tu-dresden.de\/de\/entdecke-regelung\/","name":"Entdecke-Regelung - KUEHA","isPartOf":{"@id":"https:\/\/kueha.mw.tu-dresden.de\/de\/#website"},"datePublished":"2018-12-03T21:25:35+00:00","dateModified":"2020-09-29T15:51:01+00:00","breadcrumb":{"@id":"https:\/\/kueha.mw.tu-dresden.de\/de\/entdecke-regelung\/#breadcrumb"},"inLanguage":"de","potentialAction":[{"@type":"ReadAction","target":["https:\/\/kueha.mw.tu-dresden.de\/de\/entdecke-regelung\/"]}]},{"@type":"BreadcrumbList","@id":"https:\/\/kueha.mw.tu-dresden.de\/de\/entdecke-regelung\/#breadcrumb","itemListElement":[{"@type":"ListItem","position":1,"name":"Home","item":"https:\/\/kueha.mw.tu-dresden.de\/de\/"},{"@type":"ListItem","position":2,"name":"Entdecke-Regelung"}]},{"@type":"WebSite","@id":"https:\/\/kueha.mw.tu-dresden.de\/de\/#website","url":"https:\/\/kueha.mw.tu-dresden.de\/de\/","name":"KUEHA","description":"KUEHA","potentialAction":[{"@type":"SearchAction","target":{"@type":"EntryPoint","urlTemplate":"https:\/\/kueha.mw.tu-dresden.de\/de\/?s={search_term_string}"},"query-input":{"@type":"PropertyValueSpecification","valueRequired":true,"valueName":"search_term_string"}}],"inLanguage":"de"}]}},"_links":{"self":[{"href":"https:\/\/kueha.mw.tu-dresden.de\/de\/wp-json\/wp\/v2\/pages\/11785","targetHints":{"allow":["GET"]}}],"collection":[{"href":"https:\/\/kueha.mw.tu-dresden.de\/de\/wp-json\/wp\/v2\/pages"}],"about":[{"href":"https:\/\/kueha.mw.tu-dresden.de\/de\/wp-json\/wp\/v2\/types\/page"}],"author":[{"embeddable":true,"href":"https:\/\/kueha.mw.tu-dresden.de\/de\/wp-json\/wp\/v2\/users\/60"}],"replies":[{"embeddable":true,"href":"https:\/\/kueha.mw.tu-dresden.de\/de\/wp-json\/wp\/v2\/comments?post=11785"}],"version-history":[{"count":6,"href":"https:\/\/kueha.mw.tu-dresden.de\/de\/wp-json\/wp\/v2\/pages\/11785\/revisions"}],"predecessor-version":[{"id":12145,"href":"https:\/\/kueha.mw.tu-dresden.de\/de\/wp-json\/wp\/v2\/pages\/11785\/revisions\/12145"}],"wp:attachment":[{"href":"https:\/\/kueha.mw.tu-dresden.de\/de\/wp-json\/wp\/v2\/media?parent=11785"}],"curies":[{"name":"wp","href":"https:\/\/api.w.org\/{rel}","templated":true}]}}