{"id":11781,"date":"2018-12-03T21:23:54","date_gmt":"2018-12-03T21:23:54","guid":{"rendered":"https:\/\/kueha.mw.tu-dresden.de\/de\/?page_id=11781"},"modified":"2020-09-29T14:11:38","modified_gmt":"2020-09-29T14:11:38","slug":"entdecke-kosten","status":"publish","type":"page","link":"https:\/\/kueha.mw.tu-dresden.de\/de\/entdecke-kosten\/","title":{"rendered":"Entdecke-Kosten"},"content":{"rendered":"<p><\/p>\n<h1><strong>Kosten<\/strong><\/h1>\n<p>&nbsp;<\/p>\n<p>Bei einer Kostenbetrachtung ist zu ber\u00fccksichtigen, dass die Kosten f\u00fcr das Verteil- und \u00dcbergabesystem entfallen, da hierf\u00fcr die bestehende Heizungsanlage genutzt wird.<\/p>\n<p>Die H\u00f6he der Investitions- und Betriebskosten richten sich vor allem nach den \u00f6rtlichen und individuellen M\u00f6glichkeiten zur K\u00e4ltebereitstellung. Besonders niedrige Kosten entstehen, wenn eine direkte Nutzung der Umwelt als W\u00e4rmesenke m\u00f6glich ist.<\/p>\n<p>Weitere Kosten entstehen f\u00fcr die Installation einer Vorlauftemperatur-Regeleinrichtung. Der erreichbare Temperierungseffekt l\u00e4sst sich maximieren, wenn die Vorlauftemperatur in Abh\u00e4ngigkeit der Taupunkttemperatur geregelt wird. Dazu fallen moderate Kosten f\u00fcr die Installation der entsprechenden Sensorik an.<\/p>\n<p>Eine Kostenbetrachtung sollte den ganzj\u00e4hrigen Anlagenbetrieb ber\u00fccksichtigen, da die Erschlie\u00dfung des Zusatznutzen \u201eK\u00fchlung\u201c meist auch zu einer Effizienzverbesserung im Heizbetrieb, oder bei der Nutzung regenerativer Energiequellen f\u00fchrt.<\/p>\n<p>Die detaillierte Betrachtung der Kosten ist ein Bearbeitungsschwerpunkt in der aktuellen Projektarbeit.<\/p>\n<p><a href=\"https:\/\/kueha.mw.tu-dresden.de\/de\/entdecke\/\">zur\u00fcck<\/a><\/p>","protected":false},"excerpt":{"rendered":"<p>Kosten &nbsp; Bei einer Kostenbetrachtung ist zu ber\u00fccksichtigen, dass die Kosten f\u00fcr das Verteil- und \u00dcbergabesystem entfallen, da hierf\u00fcr die bestehende Heizungsanlage genutzt wird. Die H\u00f6he der Investitions- und Betriebskosten richten sich vor allem nach den \u00f6rtlichen und individuellen M\u00f6glichkeiten zur K\u00e4ltebereitstellung. Besonders niedrige Kosten entstehen, wenn eine direkte Nutzung der Umwelt als W\u00e4rmesenke m\u00f6glich [&hellip;]<\/p>\n","protected":false},"author":60,"featured_media":0,"parent":0,"menu_order":0,"comment_status":"closed","ping_status":"closed","template":"","meta":{"footnotes":""},"class_list":["post-11781","page","type-page","status-publish","hentry"],"yoast_head":"<!-- This site is optimized with the Yoast SEO plugin v25.9 - https:\/\/yoast.com\/wordpress\/plugins\/seo\/ -->\n<title>Entdecke-Kosten - KUEHA<\/title>\n<meta name=\"robots\" content=\"index, follow, max-snippet:-1, max-image-preview:large, max-video-preview:-1\" \/>\n<link rel=\"canonical\" href=\"https:\/\/kueha.mw.tu-dresden.de\/de\/entdecke-kosten\/\" \/>\n<meta property=\"og:locale\" content=\"de_DE\" \/>\n<meta property=\"og:type\" content=\"article\" \/>\n<meta property=\"og:title\" content=\"Entdecke-Kosten - KUEHA\" \/>\n<meta property=\"og:description\" content=\"Kosten &nbsp; Bei einer Kostenbetrachtung ist zu ber\u00fccksichtigen, dass die Kosten f\u00fcr das Verteil- und \u00dcbergabesystem entfallen, da hierf\u00fcr die bestehende Heizungsanlage genutzt wird. Die H\u00f6he der Investitions- und Betriebskosten richten sich vor allem nach den \u00f6rtlichen und individuellen M\u00f6glichkeiten zur K\u00e4ltebereitstellung. Besonders niedrige Kosten entstehen, wenn eine direkte Nutzung der Umwelt als W\u00e4rmesenke m\u00f6glich [&hellip;]\" \/>\n<meta property=\"og:url\" content=\"https:\/\/kueha.mw.tu-dresden.de\/de\/entdecke-kosten\/\" \/>\n<meta property=\"og:site_name\" content=\"KUEHA\" \/>\n<meta property=\"article:modified_time\" content=\"2020-09-29T14:11:38+00:00\" \/>\n<meta name=\"twitter:card\" content=\"summary_large_image\" \/>\n<meta name=\"twitter:label1\" content=\"Gesch\u00e4tzte Lesezeit\" \/>\n\t<meta name=\"twitter:data1\" content=\"1\u00a0Minute\" \/>\n<script type=\"application\/ld+json\" class=\"yoast-schema-graph\">{\"@context\":\"https:\/\/schema.org\",\"@graph\":[{\"@type\":\"WebPage\",\"@id\":\"https:\/\/kueha.mw.tu-dresden.de\/de\/entdecke-kosten\/\",\"url\":\"https:\/\/kueha.mw.tu-dresden.de\/de\/entdecke-kosten\/\",\"name\":\"Entdecke-Kosten - KUEHA\",\"isPartOf\":{\"@id\":\"https:\/\/kueha.mw.tu-dresden.de\/de\/#website\"},\"datePublished\":\"2018-12-03T21:23:54+00:00\",\"dateModified\":\"2020-09-29T14:11:38+00:00\",\"breadcrumb\":{\"@id\":\"https:\/\/kueha.mw.tu-dresden.de\/de\/entdecke-kosten\/#breadcrumb\"},\"inLanguage\":\"de\",\"potentialAction\":[{\"@type\":\"ReadAction\",\"target\":[\"https:\/\/kueha.mw.tu-dresden.de\/de\/entdecke-kosten\/\"]}]},{\"@type\":\"BreadcrumbList\",\"@id\":\"https:\/\/kueha.mw.tu-dresden.de\/de\/entdecke-kosten\/#breadcrumb\",\"itemListElement\":[{\"@type\":\"ListItem\",\"position\":1,\"name\":\"Home\",\"item\":\"https:\/\/kueha.mw.tu-dresden.de\/de\/\"},{\"@type\":\"ListItem\",\"position\":2,\"name\":\"Entdecke-Kosten\"}]},{\"@type\":\"WebSite\",\"@id\":\"https:\/\/kueha.mw.tu-dresden.de\/de\/#website\",\"url\":\"https:\/\/kueha.mw.tu-dresden.de\/de\/\",\"name\":\"KUEHA\",\"description\":\"KUEHA\",\"potentialAction\":[{\"@type\":\"SearchAction\",\"target\":{\"@type\":\"EntryPoint\",\"urlTemplate\":\"https:\/\/kueha.mw.tu-dresden.de\/de\/?s={search_term_string}\"},\"query-input\":{\"@type\":\"PropertyValueSpecification\",\"valueRequired\":true,\"valueName\":\"search_term_string\"}}],\"inLanguage\":\"de\"}]}<\/script>\n<!-- \/ Yoast SEO plugin. -->","yoast_head_json":{"title":"Entdecke-Kosten - KUEHA","robots":{"index":"index","follow":"follow","max-snippet":"max-snippet:-1","max-image-preview":"max-image-preview:large","max-video-preview":"max-video-preview:-1"},"canonical":"https:\/\/kueha.mw.tu-dresden.de\/de\/entdecke-kosten\/","og_locale":"de_DE","og_type":"article","og_title":"Entdecke-Kosten - KUEHA","og_description":"Kosten &nbsp; Bei einer Kostenbetrachtung ist zu ber\u00fccksichtigen, dass die Kosten f\u00fcr das Verteil- und \u00dcbergabesystem entfallen, da hierf\u00fcr die bestehende Heizungsanlage genutzt wird. Die H\u00f6he der Investitions- und Betriebskosten richten sich vor allem nach den \u00f6rtlichen und individuellen M\u00f6glichkeiten zur K\u00e4ltebereitstellung. Besonders niedrige Kosten entstehen, wenn eine direkte Nutzung der Umwelt als W\u00e4rmesenke m\u00f6glich [&hellip;]","og_url":"https:\/\/kueha.mw.tu-dresden.de\/de\/entdecke-kosten\/","og_site_name":"KUEHA","article_modified_time":"2020-09-29T14:11:38+00:00","twitter_card":"summary_large_image","twitter_misc":{"Gesch\u00e4tzte Lesezeit":"1\u00a0Minute"},"schema":{"@context":"https:\/\/schema.org","@graph":[{"@type":"WebPage","@id":"https:\/\/kueha.mw.tu-dresden.de\/de\/entdecke-kosten\/","url":"https:\/\/kueha.mw.tu-dresden.de\/de\/entdecke-kosten\/","name":"Entdecke-Kosten - KUEHA","isPartOf":{"@id":"https:\/\/kueha.mw.tu-dresden.de\/de\/#website"},"datePublished":"2018-12-03T21:23:54+00:00","dateModified":"2020-09-29T14:11:38+00:00","breadcrumb":{"@id":"https:\/\/kueha.mw.tu-dresden.de\/de\/entdecke-kosten\/#breadcrumb"},"inLanguage":"de","potentialAction":[{"@type":"ReadAction","target":["https:\/\/kueha.mw.tu-dresden.de\/de\/entdecke-kosten\/"]}]},{"@type":"BreadcrumbList","@id":"https:\/\/kueha.mw.tu-dresden.de\/de\/entdecke-kosten\/#breadcrumb","itemListElement":[{"@type":"ListItem","position":1,"name":"Home","item":"https:\/\/kueha.mw.tu-dresden.de\/de\/"},{"@type":"ListItem","position":2,"name":"Entdecke-Kosten"}]},{"@type":"WebSite","@id":"https:\/\/kueha.mw.tu-dresden.de\/de\/#website","url":"https:\/\/kueha.mw.tu-dresden.de\/de\/","name":"KUEHA","description":"KUEHA","potentialAction":[{"@type":"SearchAction","target":{"@type":"EntryPoint","urlTemplate":"https:\/\/kueha.mw.tu-dresden.de\/de\/?s={search_term_string}"},"query-input":{"@type":"PropertyValueSpecification","valueRequired":true,"valueName":"search_term_string"}}],"inLanguage":"de"}]}},"_links":{"self":[{"href":"https:\/\/kueha.mw.tu-dresden.de\/de\/wp-json\/wp\/v2\/pages\/11781","targetHints":{"allow":["GET"]}}],"collection":[{"href":"https:\/\/kueha.mw.tu-dresden.de\/de\/wp-json\/wp\/v2\/pages"}],"about":[{"href":"https:\/\/kueha.mw.tu-dresden.de\/de\/wp-json\/wp\/v2\/types\/page"}],"author":[{"embeddable":true,"href":"https:\/\/kueha.mw.tu-dresden.de\/de\/wp-json\/wp\/v2\/users\/60"}],"replies":[{"embeddable":true,"href":"https:\/\/kueha.mw.tu-dresden.de\/de\/wp-json\/wp\/v2\/comments?post=11781"}],"version-history":[{"count":4,"href":"https:\/\/kueha.mw.tu-dresden.de\/de\/wp-json\/wp\/v2\/pages\/11781\/revisions"}],"predecessor-version":[{"id":12141,"href":"https:\/\/kueha.mw.tu-dresden.de\/de\/wp-json\/wp\/v2\/pages\/11781\/revisions\/12141"}],"wp:attachment":[{"href":"https:\/\/kueha.mw.tu-dresden.de\/de\/wp-json\/wp\/v2\/media?parent=11781"}],"curies":[{"name":"wp","href":"https:\/\/api.w.org\/{rel}","templated":true}]}}