{"id":11779,"date":"2018-12-03T21:23:12","date_gmt":"2018-12-03T21:23:12","guid":{"rendered":"https:\/\/kueha.mw.tu-dresden.de\/de\/?page_id=11779"},"modified":"2020-09-29T14:02:53","modified_gmt":"2020-09-29T14:02:53","slug":"entdecke-kaeltebereitstellung","status":"publish","type":"page","link":"https:\/\/kueha.mw.tu-dresden.de\/de\/entdecke-kaeltebereitstellung\/","title":{"rendered":"Entdecke-K\u00e4ltebereitstellung"},"content":{"rendered":"<p><\/p>\n<h1><strong>K\u00e4ltebereitstellung<\/strong><\/h1>\n<p>&nbsp;<\/p>\n<p>Da weder an den K\u00fchlfl\u00e4chen, noch innerhalb der Verteilung des K\u00fchlmediums eine Tauwasserbildung einsetzen darf, k\u00f6nnen f\u00fcr die K\u00e4ltebereitstellung auch M\u00f6glichkeiten genutzt werden, bei denen das K\u00fchlmittel auf einem vergleichsweise hohem Temperaturniveau bereitgestellt wird. Dies erm\u00f6glicht beispielsweise eine besonders kosteng\u00fcnstige K\u00e4ltebereitstellung beim Einsatz von Sole-Wasser-W\u00e4rmepumpen, indem der Solekreislauf als W\u00e4rmesenke genutzt wird. Damit ist bei entsprechenden geologischen Bedingungen eine Regeneration des Erdreiches f\u00fcr den kommenden Winterbetrieb m\u00f6glich. Eine weitere kosteng\u00fcnstige M\u00f6glichkeit zur K\u00e4ltebereitstellung ist die Verwendung von Grundwasser als W\u00e4rmesenke.<br \/>\nIm Rahmen der Feldl\u00f6sungen werden nachstehende M\u00f6glichkeiten betrachtet:<\/p>\n<ul>\n<li>Sole-Wasser-W\u00e4rmepumpe<\/li>\n<li>Adsorptionsk\u00e4ltemaschine<\/li>\n<li>Gas-Motor-W\u00e4rmepumpe<\/li>\n<li>Brunnenwassernutzung<\/li>\n<li>Kompressionsk\u00e4ltemaschine<\/li>\n<li>K\u00e4lteauskopplung aus dem R\u00fccklauf einer K\u00e4lteversorgungseinrichtung<\/li>\n<\/ul>\n<p>Die in der Felderprobung eingesetzte Adsorptionsk\u00e4ltemaschine wird \u00fcber die Abw\u00e4rme eines BHKW angetrieben. Dies erm\u00f6glicht w\u00e4hrend der Sommermonate eine deutliche Laufzeitverl\u00e4ngerung des BHKW und eine deutliche Steigerung der Eigenverbrauchsrate des produzierten Stromes. Die K\u00fchlung \u00fcber die bestehende Heizungsanlage erm\u00f6glicht dabei eine Grundlastabdeckung. Ausgew\u00e4hlte R\u00e4ume des Feldtestobjektes sind zus\u00e4tzlich mit Deckenk\u00fchlsegeln ausgestattet und erm\u00f6glichen einen intermittierenden Komfortk\u00fchlbetrieb. F\u00fcr die Deckung der K\u00fchllastspitzen wird eine Gas-Motor-W\u00e4rmepumpe genutzt. Zur K\u00fchlung der R\u00e4ume mit nahezu ganzj\u00e4hrigem K\u00fchlbedarf kann die Adsorptionsk\u00e4ltemaschine bei entsprechend niedrigen Au\u00dfentemperaturen im Modus \u201eFreie K\u00fchlung\u201c betrieben werden.<\/p>\n<p>Die K\u00fchlung \u00fcber Brunnenwasser wird in einem historischen Dreiseitenhof genutzt. Dem aus einem Quellbrunnen entnommenem Grundasser wird \u00fcber einen W\u00e4rme\u00fcbertrager die aus dem Geb\u00e4ude abgef\u00fchrte W\u00e4rme zugef\u00fchrt. Anschlie\u00dfend wird das erw\u00e4rmte Wasser einem Senkbrunnen zugef\u00fchrt. Eine F\u00fcllstands\u00fcberwachung gew\u00e4hrleistet, dass der Quellbrunnen nicht trockenf\u00e4llt und der Senkbrunnen nicht \u00fcberl\u00e4uft.<\/p>\n<p>Da bei der K\u00fchlung \u00fcber Freie Heizfl\u00e4chen nur kleine K\u00fchlleistungen \u00fcbertragen werden k\u00f6nnen, kann die K\u00e4ltebereitstellungsanlage f\u00fcr eine vergleichsweise kleine Leistung ausgelegt werden. Wesentlich ist die zeitliche Verf\u00fcgbarkeit der W\u00e4rmesenke, da der mit Freien Heizfl\u00e4chen erzielbare Temperierungseffekt auch durch einen weitestgehend durchg\u00e4ngigen K\u00fchlbetrieb erreicht wird. Dies ist insbesondere bei der Brunnenwassernutzung und der K\u00e4lteauskopplung aus dem R\u00fccklauf von K\u00e4lteversorgungseinrichtungen zu beachten.<\/p>\n<p><a href=\"https:\/\/kueha.mw.tu-dresden.de\/de\/entdecke\/\">zur\u00fcck<\/a><\/p>","protected":false},"excerpt":{"rendered":"<p>K\u00e4ltebereitstellung &nbsp; Da weder an den K\u00fchlfl\u00e4chen, noch innerhalb der Verteilung des K\u00fchlmediums eine Tauwasserbildung einsetzen darf, k\u00f6nnen f\u00fcr die K\u00e4ltebereitstellung auch M\u00f6glichkeiten genutzt werden, bei denen das K\u00fchlmittel auf einem vergleichsweise hohem Temperaturniveau bereitgestellt wird. Dies erm\u00f6glicht beispielsweise eine besonders kosteng\u00fcnstige K\u00e4ltebereitstellung beim Einsatz von Sole-Wasser-W\u00e4rmepumpen, indem der Solekreislauf als W\u00e4rmesenke genutzt wird. Damit [&hellip;]<\/p>\n","protected":false},"author":60,"featured_media":0,"parent":0,"menu_order":0,"comment_status":"closed","ping_status":"closed","template":"","meta":{"footnotes":""},"class_list":["post-11779","page","type-page","status-publish","hentry"],"yoast_head":"<!-- This site is optimized with the Yoast SEO plugin v25.9 - https:\/\/yoast.com\/wordpress\/plugins\/seo\/ -->\n<title>Entdecke-K\u00e4ltebereitstellung - KUEHA<\/title>\n<meta name=\"robots\" content=\"index, follow, max-snippet:-1, max-image-preview:large, max-video-preview:-1\" \/>\n<link rel=\"canonical\" href=\"https:\/\/kueha.mw.tu-dresden.de\/de\/entdecke-kaeltebereitstellung\/\" \/>\n<meta property=\"og:locale\" content=\"de_DE\" \/>\n<meta property=\"og:type\" content=\"article\" \/>\n<meta property=\"og:title\" content=\"Entdecke-K\u00e4ltebereitstellung - KUEHA\" \/>\n<meta property=\"og:description\" content=\"K\u00e4ltebereitstellung &nbsp; Da weder an den K\u00fchlfl\u00e4chen, noch innerhalb der Verteilung des K\u00fchlmediums eine Tauwasserbildung einsetzen darf, k\u00f6nnen f\u00fcr die K\u00e4ltebereitstellung auch M\u00f6glichkeiten genutzt werden, bei denen das K\u00fchlmittel auf einem vergleichsweise hohem Temperaturniveau bereitgestellt wird. Dies erm\u00f6glicht beispielsweise eine besonders kosteng\u00fcnstige K\u00e4ltebereitstellung beim Einsatz von Sole-Wasser-W\u00e4rmepumpen, indem der Solekreislauf als W\u00e4rmesenke genutzt wird. Damit [&hellip;]\" \/>\n<meta property=\"og:url\" content=\"https:\/\/kueha.mw.tu-dresden.de\/de\/entdecke-kaeltebereitstellung\/\" \/>\n<meta property=\"og:site_name\" content=\"KUEHA\" \/>\n<meta property=\"article:modified_time\" content=\"2020-09-29T14:02:53+00:00\" \/>\n<meta name=\"twitter:card\" content=\"summary_large_image\" \/>\n<meta name=\"twitter:label1\" content=\"Gesch\u00e4tzte Lesezeit\" \/>\n\t<meta name=\"twitter:data1\" content=\"2\u00a0Minuten\" \/>\n<script type=\"application\/ld+json\" class=\"yoast-schema-graph\">{\"@context\":\"https:\/\/schema.org\",\"@graph\":[{\"@type\":\"WebPage\",\"@id\":\"https:\/\/kueha.mw.tu-dresden.de\/de\/entdecke-kaeltebereitstellung\/\",\"url\":\"https:\/\/kueha.mw.tu-dresden.de\/de\/entdecke-kaeltebereitstellung\/\",\"name\":\"Entdecke-K\u00e4ltebereitstellung - KUEHA\",\"isPartOf\":{\"@id\":\"https:\/\/kueha.mw.tu-dresden.de\/de\/#website\"},\"datePublished\":\"2018-12-03T21:23:12+00:00\",\"dateModified\":\"2020-09-29T14:02:53+00:00\",\"breadcrumb\":{\"@id\":\"https:\/\/kueha.mw.tu-dresden.de\/de\/entdecke-kaeltebereitstellung\/#breadcrumb\"},\"inLanguage\":\"de\",\"potentialAction\":[{\"@type\":\"ReadAction\",\"target\":[\"https:\/\/kueha.mw.tu-dresden.de\/de\/entdecke-kaeltebereitstellung\/\"]}]},{\"@type\":\"BreadcrumbList\",\"@id\":\"https:\/\/kueha.mw.tu-dresden.de\/de\/entdecke-kaeltebereitstellung\/#breadcrumb\",\"itemListElement\":[{\"@type\":\"ListItem\",\"position\":1,\"name\":\"Home\",\"item\":\"https:\/\/kueha.mw.tu-dresden.de\/de\/\"},{\"@type\":\"ListItem\",\"position\":2,\"name\":\"Entdecke-K\u00e4ltebereitstellung\"}]},{\"@type\":\"WebSite\",\"@id\":\"https:\/\/kueha.mw.tu-dresden.de\/de\/#website\",\"url\":\"https:\/\/kueha.mw.tu-dresden.de\/de\/\",\"name\":\"KUEHA\",\"description\":\"KUEHA\",\"potentialAction\":[{\"@type\":\"SearchAction\",\"target\":{\"@type\":\"EntryPoint\",\"urlTemplate\":\"https:\/\/kueha.mw.tu-dresden.de\/de\/?s={search_term_string}\"},\"query-input\":{\"@type\":\"PropertyValueSpecification\",\"valueRequired\":true,\"valueName\":\"search_term_string\"}}],\"inLanguage\":\"de\"}]}<\/script>\n<!-- \/ Yoast SEO plugin. -->","yoast_head_json":{"title":"Entdecke-K\u00e4ltebereitstellung - KUEHA","robots":{"index":"index","follow":"follow","max-snippet":"max-snippet:-1","max-image-preview":"max-image-preview:large","max-video-preview":"max-video-preview:-1"},"canonical":"https:\/\/kueha.mw.tu-dresden.de\/de\/entdecke-kaeltebereitstellung\/","og_locale":"de_DE","og_type":"article","og_title":"Entdecke-K\u00e4ltebereitstellung - KUEHA","og_description":"K\u00e4ltebereitstellung &nbsp; Da weder an den K\u00fchlfl\u00e4chen, noch innerhalb der Verteilung des K\u00fchlmediums eine Tauwasserbildung einsetzen darf, k\u00f6nnen f\u00fcr die K\u00e4ltebereitstellung auch M\u00f6glichkeiten genutzt werden, bei denen das K\u00fchlmittel auf einem vergleichsweise hohem Temperaturniveau bereitgestellt wird. Dies erm\u00f6glicht beispielsweise eine besonders kosteng\u00fcnstige K\u00e4ltebereitstellung beim Einsatz von Sole-Wasser-W\u00e4rmepumpen, indem der Solekreislauf als W\u00e4rmesenke genutzt wird. Damit [&hellip;]","og_url":"https:\/\/kueha.mw.tu-dresden.de\/de\/entdecke-kaeltebereitstellung\/","og_site_name":"KUEHA","article_modified_time":"2020-09-29T14:02:53+00:00","twitter_card":"summary_large_image","twitter_misc":{"Gesch\u00e4tzte Lesezeit":"2\u00a0Minuten"},"schema":{"@context":"https:\/\/schema.org","@graph":[{"@type":"WebPage","@id":"https:\/\/kueha.mw.tu-dresden.de\/de\/entdecke-kaeltebereitstellung\/","url":"https:\/\/kueha.mw.tu-dresden.de\/de\/entdecke-kaeltebereitstellung\/","name":"Entdecke-K\u00e4ltebereitstellung - KUEHA","isPartOf":{"@id":"https:\/\/kueha.mw.tu-dresden.de\/de\/#website"},"datePublished":"2018-12-03T21:23:12+00:00","dateModified":"2020-09-29T14:02:53+00:00","breadcrumb":{"@id":"https:\/\/kueha.mw.tu-dresden.de\/de\/entdecke-kaeltebereitstellung\/#breadcrumb"},"inLanguage":"de","potentialAction":[{"@type":"ReadAction","target":["https:\/\/kueha.mw.tu-dresden.de\/de\/entdecke-kaeltebereitstellung\/"]}]},{"@type":"BreadcrumbList","@id":"https:\/\/kueha.mw.tu-dresden.de\/de\/entdecke-kaeltebereitstellung\/#breadcrumb","itemListElement":[{"@type":"ListItem","position":1,"name":"Home","item":"https:\/\/kueha.mw.tu-dresden.de\/de\/"},{"@type":"ListItem","position":2,"name":"Entdecke-K\u00e4ltebereitstellung"}]},{"@type":"WebSite","@id":"https:\/\/kueha.mw.tu-dresden.de\/de\/#website","url":"https:\/\/kueha.mw.tu-dresden.de\/de\/","name":"KUEHA","description":"KUEHA","potentialAction":[{"@type":"SearchAction","target":{"@type":"EntryPoint","urlTemplate":"https:\/\/kueha.mw.tu-dresden.de\/de\/?s={search_term_string}"},"query-input":{"@type":"PropertyValueSpecification","valueRequired":true,"valueName":"search_term_string"}}],"inLanguage":"de"}]}},"_links":{"self":[{"href":"https:\/\/kueha.mw.tu-dresden.de\/de\/wp-json\/wp\/v2\/pages\/11779","targetHints":{"allow":["GET"]}}],"collection":[{"href":"https:\/\/kueha.mw.tu-dresden.de\/de\/wp-json\/wp\/v2\/pages"}],"about":[{"href":"https:\/\/kueha.mw.tu-dresden.de\/de\/wp-json\/wp\/v2\/types\/page"}],"author":[{"embeddable":true,"href":"https:\/\/kueha.mw.tu-dresden.de\/de\/wp-json\/wp\/v2\/users\/60"}],"replies":[{"embeddable":true,"href":"https:\/\/kueha.mw.tu-dresden.de\/de\/wp-json\/wp\/v2\/comments?post=11779"}],"version-history":[{"count":9,"href":"https:\/\/kueha.mw.tu-dresden.de\/de\/wp-json\/wp\/v2\/pages\/11779\/revisions"}],"predecessor-version":[{"id":12139,"href":"https:\/\/kueha.mw.tu-dresden.de\/de\/wp-json\/wp\/v2\/pages\/11779\/revisions\/12139"}],"wp:attachment":[{"href":"https:\/\/kueha.mw.tu-dresden.de\/de\/wp-json\/wp\/v2\/media?parent=11779"}],"curies":[{"name":"wp","href":"https:\/\/api.w.org\/{rel}","templated":true}]}}