{"id":11777,"date":"2018-12-03T21:22:33","date_gmt":"2018-12-03T21:22:33","guid":{"rendered":"https:\/\/kueha.mw.tu-dresden.de\/de\/?page_id=11777"},"modified":"2020-09-29T13:40:42","modified_gmt":"2020-09-29T13:40:42","slug":"entdecke-felderprobung","status":"publish","type":"page","link":"https:\/\/kueha.mw.tu-dresden.de\/de\/entdecke-felderprobung\/","title":{"rendered":"Entdecke-Felderprobung"},"content":{"rendered":"<p><\/p>\n<h1><strong>Felderprobung<\/strong><\/h1>\n<p>&nbsp;<\/p>\n<p>Im Rahmen der Felderprobung wird ein Monitoring in verschiedenen Geb\u00e4uden durchgef\u00fchrt.<br \/>\nDabei wird die K\u00fchlwirkung nachstehender Systeme vergleichend betrachtet:<\/p>\n<ul>\n<li>Freie Heizfl\u00e4chen<\/li>\n<li>Deckenk\u00fchlsegel<\/li>\n<li>Deckenstrahlprofile (System <a href=\"https:\/\/www.arb.pm\/arbonia\/prospekte-preislisten\/de\/decke\/anti_te_klix_deckenstrahlpfofile_ch_de_web.pdf\">KLIX<\/a>)<\/li>\n<li>Wandk\u00fchlung<\/li>\n<li>Fu\u00dfbodenk\u00fchlung<\/li>\n<li>Umluftk\u00fchlger\u00e4te<\/li>\n<\/ul>\n<p>Hierbei steht die Betrachtung der K\u00fchlwirkung Freier Heizfl\u00e4chen im Vordergrund.<br \/>\nHinsichtlich der K\u00e4ltebereitstellung werden nachstehende M\u00f6glichkeiten betrachtet:<\/p>\n<ul>\n<li>Sole-Wasser-W\u00e4rmepumpe<\/li>\n<li>Gas-Motor-W\u00e4rmepumpe<\/li>\n<li>Brunnenwassernutzung<\/li>\n<li>Kompressionsk\u00e4ltemaschine<\/li>\n<li>K\u00e4lteauskopplung aus dem R\u00fccklauf einer K\u00e4lteversorgungseinrichtung<\/li>\n<\/ul>\n<p>Die K\u00e4ltebereitstellung \u00fcber eine Luft-Wasser-W\u00e4rmepumpe wird im Rahmen von Simulationsrechnungen untersucht.<\/p>\n<p>Die messtechnische Ausstattung reicht von der Temperaturmessung, \u00fcber die Nutzung der M\u00f6glichkeiten der Geb\u00e4udeleittechnik bis hin zu einer labor\u00e4hnlichen Ausstattung.<br \/>\nLetztere erm\u00f6glicht die Erfassung<\/p>\n<ul>\n<li>von Luft- und Empfindungstemperaturen,<\/li>\n<li>von horizontalen und vertikalen Verteilungen der Lufttemperatur,<\/li>\n<li>der Vor- und R\u00fccklauftemperaturen an den K\u00fchlfl\u00e4chen sowie<\/li>\n<li>der K\u00fchlmittel-Massestr\u00f6me.<\/li>\n<\/ul>\n<p>Erg\u00e4nzt werden die Feldmessungen durch Simulationsrechnungen. Hierbei kommt die bidirektional gekoppelte Anlagen- und Geb\u00e4udesimulation TRNSYS-TUD zur Anwendung. Die Software erlaubt eine Bilanzierung der Wasserdampftransportvorg\u00e4nge, so dass auch die zeitliche Ver\u00e4nderung der Taupunkttemperaturen hinreichend genau abgebildet ist. Spezielle Problemstellungen (beispielsweise zur Leistungssteigerung von Heizfl\u00e4chen) werden in einem Klimaraum untersucht, welcher die Temperierung der Umgebungsw\u00e4nde und die Vorgabe von Raumluftzust\u00e4nden erm\u00f6glicht.<\/p>\n<p><a href=\"https:\/\/kueha.mw.tu-dresden.de\/de\/entdecke\/\">zur\u00fcck<\/a><\/p>","protected":false},"excerpt":{"rendered":"<p>Felderprobung &nbsp; Im Rahmen der Felderprobung wird ein Monitoring in verschiedenen Geb\u00e4uden durchgef\u00fchrt. Dabei wird die K\u00fchlwirkung nachstehender Systeme vergleichend betrachtet: Freie Heizfl\u00e4chen Deckenk\u00fchlsegel Deckenstrahlprofile (System KLIX) Wandk\u00fchlung Fu\u00dfbodenk\u00fchlung Umluftk\u00fchlger\u00e4te Hierbei steht die Betrachtung der K\u00fchlwirkung Freier Heizfl\u00e4chen im Vordergrund. Hinsichtlich der K\u00e4ltebereitstellung werden nachstehende M\u00f6glichkeiten betrachtet: Sole-Wasser-W\u00e4rmepumpe Gas-Motor-W\u00e4rmepumpe Brunnenwassernutzung Kompressionsk\u00e4ltemaschine K\u00e4lteauskopplung aus dem R\u00fccklauf [&hellip;]<\/p>\n","protected":false},"author":60,"featured_media":0,"parent":0,"menu_order":0,"comment_status":"closed","ping_status":"closed","template":"","meta":{"footnotes":""},"class_list":["post-11777","page","type-page","status-publish","hentry"],"yoast_head":"<!-- This site is optimized with the Yoast SEO plugin v25.9 - https:\/\/yoast.com\/wordpress\/plugins\/seo\/ -->\n<title>Entdecke-Felderprobung - KUEHA<\/title>\n<meta name=\"robots\" content=\"index, follow, max-snippet:-1, max-image-preview:large, max-video-preview:-1\" \/>\n<link rel=\"canonical\" href=\"https:\/\/kueha.mw.tu-dresden.de\/en\/discover-field-testing\/\" \/>\n<meta property=\"og:locale\" content=\"de_DE\" \/>\n<meta property=\"og:type\" content=\"article\" \/>\n<meta property=\"og:title\" content=\"Entdecke-Felderprobung - KUEHA\" \/>\n<meta property=\"og:description\" content=\"Felderprobung &nbsp; Im Rahmen der Felderprobung wird ein Monitoring in verschiedenen Geb\u00e4uden durchgef\u00fchrt. Dabei wird die K\u00fchlwirkung nachstehender Systeme vergleichend betrachtet: Freie Heizfl\u00e4chen Deckenk\u00fchlsegel Deckenstrahlprofile (System KLIX) Wandk\u00fchlung Fu\u00dfbodenk\u00fchlung Umluftk\u00fchlger\u00e4te Hierbei steht die Betrachtung der K\u00fchlwirkung Freier Heizfl\u00e4chen im Vordergrund. Hinsichtlich der K\u00e4ltebereitstellung werden nachstehende M\u00f6glichkeiten betrachtet: Sole-Wasser-W\u00e4rmepumpe Gas-Motor-W\u00e4rmepumpe Brunnenwassernutzung Kompressionsk\u00e4ltemaschine K\u00e4lteauskopplung aus dem R\u00fccklauf [&hellip;]\" \/>\n<meta property=\"og:url\" content=\"https:\/\/kueha.mw.tu-dresden.de\/en\/discover-field-testing\/\" \/>\n<meta property=\"og:site_name\" content=\"KUEHA\" \/>\n<meta property=\"article:modified_time\" content=\"2020-09-29T13:40:42+00:00\" \/>\n<meta name=\"twitter:card\" content=\"summary_large_image\" \/>\n<meta name=\"twitter:label1\" content=\"Gesch\u00e4tzte Lesezeit\" \/>\n\t<meta name=\"twitter:data1\" content=\"1\u00a0Minute\" \/>\n<script type=\"application\/ld+json\" class=\"yoast-schema-graph\">{\"@context\":\"https:\/\/schema.org\",\"@graph\":[{\"@type\":\"WebPage\",\"@id\":\"https:\/\/kueha.mw.tu-dresden.de\/en\/discover-field-testing\/\",\"url\":\"https:\/\/kueha.mw.tu-dresden.de\/en\/discover-field-testing\/\",\"name\":\"Entdecke-Felderprobung - KUEHA\",\"isPartOf\":{\"@id\":\"https:\/\/kueha.mw.tu-dresden.de\/de\/#website\"},\"datePublished\":\"2018-12-03T21:22:33+00:00\",\"dateModified\":\"2020-09-29T13:40:42+00:00\",\"breadcrumb\":{\"@id\":\"https:\/\/kueha.mw.tu-dresden.de\/en\/discover-field-testing\/#breadcrumb\"},\"inLanguage\":\"de\",\"potentialAction\":[{\"@type\":\"ReadAction\",\"target\":[\"https:\/\/kueha.mw.tu-dresden.de\/en\/discover-field-testing\/\"]}]},{\"@type\":\"BreadcrumbList\",\"@id\":\"https:\/\/kueha.mw.tu-dresden.de\/en\/discover-field-testing\/#breadcrumb\",\"itemListElement\":[{\"@type\":\"ListItem\",\"position\":1,\"name\":\"Home\",\"item\":\"https:\/\/kueha.mw.tu-dresden.de\/de\/\"},{\"@type\":\"ListItem\",\"position\":2,\"name\":\"Discover-Field-Testing\"}]},{\"@type\":\"WebSite\",\"@id\":\"https:\/\/kueha.mw.tu-dresden.de\/de\/#website\",\"url\":\"https:\/\/kueha.mw.tu-dresden.de\/de\/\",\"name\":\"KUEHA\",\"description\":\"KUEHA\",\"potentialAction\":[{\"@type\":\"SearchAction\",\"target\":{\"@type\":\"EntryPoint\",\"urlTemplate\":\"https:\/\/kueha.mw.tu-dresden.de\/de\/?s={search_term_string}\"},\"query-input\":{\"@type\":\"PropertyValueSpecification\",\"valueRequired\":true,\"valueName\":\"search_term_string\"}}],\"inLanguage\":\"de\"}]}<\/script>\n<!-- \/ Yoast SEO plugin. -->","yoast_head_json":{"title":"Entdecke-Felderprobung - KUEHA","robots":{"index":"index","follow":"follow","max-snippet":"max-snippet:-1","max-image-preview":"max-image-preview:large","max-video-preview":"max-video-preview:-1"},"canonical":"https:\/\/kueha.mw.tu-dresden.de\/en\/discover-field-testing\/","og_locale":"de_DE","og_type":"article","og_title":"Entdecke-Felderprobung - KUEHA","og_description":"Felderprobung &nbsp; Im Rahmen der Felderprobung wird ein Monitoring in verschiedenen Geb\u00e4uden durchgef\u00fchrt. Dabei wird die K\u00fchlwirkung nachstehender Systeme vergleichend betrachtet: Freie Heizfl\u00e4chen Deckenk\u00fchlsegel Deckenstrahlprofile (System KLIX) Wandk\u00fchlung Fu\u00dfbodenk\u00fchlung Umluftk\u00fchlger\u00e4te Hierbei steht die Betrachtung der K\u00fchlwirkung Freier Heizfl\u00e4chen im Vordergrund. Hinsichtlich der K\u00e4ltebereitstellung werden nachstehende M\u00f6glichkeiten betrachtet: Sole-Wasser-W\u00e4rmepumpe Gas-Motor-W\u00e4rmepumpe Brunnenwassernutzung Kompressionsk\u00e4ltemaschine K\u00e4lteauskopplung aus dem R\u00fccklauf [&hellip;]","og_url":"https:\/\/kueha.mw.tu-dresden.de\/en\/discover-field-testing\/","og_site_name":"KUEHA","article_modified_time":"2020-09-29T13:40:42+00:00","twitter_card":"summary_large_image","twitter_misc":{"Gesch\u00e4tzte Lesezeit":"1\u00a0Minute"},"schema":{"@context":"https:\/\/schema.org","@graph":[{"@type":"WebPage","@id":"https:\/\/kueha.mw.tu-dresden.de\/en\/discover-field-testing\/","url":"https:\/\/kueha.mw.tu-dresden.de\/en\/discover-field-testing\/","name":"Entdecke-Felderprobung - KUEHA","isPartOf":{"@id":"https:\/\/kueha.mw.tu-dresden.de\/de\/#website"},"datePublished":"2018-12-03T21:22:33+00:00","dateModified":"2020-09-29T13:40:42+00:00","breadcrumb":{"@id":"https:\/\/kueha.mw.tu-dresden.de\/en\/discover-field-testing\/#breadcrumb"},"inLanguage":"de","potentialAction":[{"@type":"ReadAction","target":["https:\/\/kueha.mw.tu-dresden.de\/en\/discover-field-testing\/"]}]},{"@type":"BreadcrumbList","@id":"https:\/\/kueha.mw.tu-dresden.de\/en\/discover-field-testing\/#breadcrumb","itemListElement":[{"@type":"ListItem","position":1,"name":"Home","item":"https:\/\/kueha.mw.tu-dresden.de\/de\/"},{"@type":"ListItem","position":2,"name":"Discover-Field-Testing"}]},{"@type":"WebSite","@id":"https:\/\/kueha.mw.tu-dresden.de\/de\/#website","url":"https:\/\/kueha.mw.tu-dresden.de\/de\/","name":"KUEHA","description":"KUEHA","potentialAction":[{"@type":"SearchAction","target":{"@type":"EntryPoint","urlTemplate":"https:\/\/kueha.mw.tu-dresden.de\/de\/?s={search_term_string}"},"query-input":{"@type":"PropertyValueSpecification","valueRequired":true,"valueName":"search_term_string"}}],"inLanguage":"de"}]}},"_links":{"self":[{"href":"https:\/\/kueha.mw.tu-dresden.de\/de\/wp-json\/wp\/v2\/pages\/11777","targetHints":{"allow":["GET"]}}],"collection":[{"href":"https:\/\/kueha.mw.tu-dresden.de\/de\/wp-json\/wp\/v2\/pages"}],"about":[{"href":"https:\/\/kueha.mw.tu-dresden.de\/de\/wp-json\/wp\/v2\/types\/page"}],"author":[{"embeddable":true,"href":"https:\/\/kueha.mw.tu-dresden.de\/de\/wp-json\/wp\/v2\/users\/60"}],"replies":[{"embeddable":true,"href":"https:\/\/kueha.mw.tu-dresden.de\/de\/wp-json\/wp\/v2\/comments?post=11777"}],"version-history":[{"count":5,"href":"https:\/\/kueha.mw.tu-dresden.de\/de\/wp-json\/wp\/v2\/pages\/11777\/revisions"}],"predecessor-version":[{"id":12132,"href":"https:\/\/kueha.mw.tu-dresden.de\/de\/wp-json\/wp\/v2\/pages\/11777\/revisions\/12132"}],"wp:attachment":[{"href":"https:\/\/kueha.mw.tu-dresden.de\/de\/wp-json\/wp\/v2\/media?parent=11777"}],"curies":[{"name":"wp","href":"https:\/\/api.w.org\/{rel}","templated":true}]}}