{"id":11775,"date":"2018-12-03T21:21:45","date_gmt":"2018-12-03T21:21:45","guid":{"rendered":"https:\/\/kueha.mw.tu-dresden.de\/de\/?page_id=11775"},"modified":"2020-09-30T05:55:43","modified_gmt":"2020-09-30T05:55:43","slug":"entdecke-behaglichkeit","status":"publish","type":"page","link":"https:\/\/kueha.mw.tu-dresden.de\/de\/entdecke-behaglichkeit\/","title":{"rendered":"Entdecke-Behaglichkeit"},"content":{"rendered":"<p><\/p>\n<h1><strong>Thermische Behaglichkeit<\/strong><\/h1>\n<p>&nbsp;<\/p>\n<p>Gegen\u00fcber dem ungek\u00fchlten Vergleichsfall kann eine deutliche Verbesserung der thermischen Behaglichkeit auch dann erreicht werden, wenn die K\u00fchlung \u00fcber Freie\u00a0Heizfl\u00e4chen erfolgt. Im Rahmen von Feldmessungen wurde mit verschiedenen Methoden ein Temperatur-Absenkpotential von mehr als 4\u00a0K ermittelt. Damit wurden die Ergebnisse fr\u00fcherer CFD-Rechnungen [1], [2] best\u00e4tigt. Die in [3] vorgestellten Ergebnisse einer aktuellen, unabh\u00e4ngigen Untersuchung liegen ebenfalls in dieser Gr\u00f6\u00dfenordnung.<\/p>\n<p>Bei den Felduntersuchungen kann das Einschwingverhalten des Geb\u00e4udes im Rahmen der Versuchsplanung und -durchf\u00fchrung nur eingeschr\u00e4nkt ber\u00fccksichtigt werden<em><sup>1)<\/sup><\/em>. Dabei kann davon ausgegangen werden, dass sich in der Realit\u00e4t ein gr\u00f6\u00dferes Temperaturabsenkpotential einstellt. Dies best\u00e4tigen Simulationsrechnungen, mit denen sich verschiedene Szenarien unter exakt gleichen Randbedingungen betrachten lassen. Die Ergebnisse (Abb. 1) zeigen, dass bei langanhaltenden Hitzeperioden eine deutlich gr\u00f6\u00dfere Temperaturabsenkung erreicht werden kann.<\/p>\n<p style=\"text-align: center;\"><img loading=\"lazy\" decoding=\"async\" class=\"alignnone size-medium wp-image-12190\" src=\"https:\/\/kueha.mw.tu-dresden.de\/wp-content\/uploads\/AbsenkPotSim-300x262.png\" alt=\"\" width=\"600\" height=\"524\" srcset=\"https:\/\/kueha.mw.tu-dresden.de\/wp-content\/uploads\/AbsenkPotSim-300x262.png 300w, https:\/\/kueha.mw.tu-dresden.de\/wp-content\/uploads\/AbsenkPotSim-1024x893.png 1024w, https:\/\/kueha.mw.tu-dresden.de\/wp-content\/uploads\/AbsenkPotSim-150x131.png 150w, https:\/\/kueha.mw.tu-dresden.de\/wp-content\/uploads\/AbsenkPotSim-768x670.png 768w, https:\/\/kueha.mw.tu-dresden.de\/wp-content\/uploads\/AbsenkPotSim.png 1438w\" sizes=\"auto, (max-width: 600px) 100vw, 600px\" \/><br \/>\nAbb 1: Raumtemperaturverl\u00e4ufe w\u00e4hrend einer anhaltenden Hitzeperiode (Simulationsergebnis)<\/p>\n<p style=\"text-align: left;\">Neben der Absenkung der Raumtemperatur geht von dem sich ausbildenden <a href=\"https:\/\/kueha.mw.tu-dresden.de\/de\/entdecke-kaltluftsee\/\">Kaltluftsee<\/a> eine weitere K\u00fchlwirkung aus, welche insbesondere bei h\u00f6heren Raumtemperaturen als sehr angenehm empfunden wird. Durch den Kaltluftsee erfolgt eine punktuelle K\u00fchlung von W\u00e4rmequellen, welche sich innerhalb des Kaltluftsees befinden. Zus\u00e4tzlich wird durch den Kaltluftsee auch indirekt die darunter befindliche Decke gek\u00fchlt. Dies verbessert die thermische Behaglichkeit in den betreffenden R\u00e4umen. Hier wirken an der Decke ein sehr guter konvektiver W\u00e4rme\u00fcbergang und sehr gute Einstrahlverh\u00e4ltnisse auf die im Raum befindlichen Personen.<\/p>\n<p><em><sup>1)<\/sup>\u00a0Das Versuchsprogramm erfordert einen Wechsel zwischen einem ungek\u00fchlten und gek\u00fchlten Betrieb bei \u00e4hnlichen Witterungsbedingungen, oder die Betrachtung von gek\u00fchlten und ungek\u00fchlten Geb\u00e4udeabschnitten im gleichen Zeitraum. In beiden F\u00e4llen kann das Einschwingverhalten des Geb\u00e4udes nur eingeschr\u00e4nkt ber\u00fccksichtigt werden.\u00a0<\/em><\/p>\n<p>[1] Richter, W.: Handbuch der thermischen Behaglichkeit &#8211; Sommerlicher K\u00fchlbetrieb. Schriftenreihe der Bundesanstalt f\u00fcr Arbeitsschutz und Arbeitsmedizin, 2007 &#8211; ISBN: 978-3-88261-068-0<\/p>\n<p>[2] Seidel, P.; Gritzki, R.; Haupt, J.; R\u00f6sler, M.: Sommerliche Raumk\u00fchlung im Wohnungsbau mittels kombinierter Heiz- K\u00fchlsysteme und gleitend nicht normierter Raumtemperaturen (Temperierungseffekt) \/ TU Dresden, Professur f\u00fcr Geb\u00e4udeenergietechnik und W\u00e4rmeversorgung. 2013. Forschungsbericht. BMWI 0327483A<\/p>\n<p>[3] Pazold, M.; Giglmeier, S.; Winkler, M.; Zhenming, P.: Potenzialanalyse zum Einsatz bestehender Heizsysteme zur Raumk\u00fchlung. In: HLH (09\/2020)<\/p>\n<p><a href=\"https:\/\/kueha.mw.tu-dresden.de\/de\/entdecke\/\">zur\u00fcck<\/a><\/p>","protected":false},"excerpt":{"rendered":"<p>Thermische Behaglichkeit &nbsp; Gegen\u00fcber dem ungek\u00fchlten Vergleichsfall kann eine deutliche Verbesserung der thermischen Behaglichkeit auch dann erreicht werden, wenn die K\u00fchlung \u00fcber Freie\u00a0Heizfl\u00e4chen erfolgt. Im Rahmen von Feldmessungen wurde mit verschiedenen Methoden ein Temperatur-Absenkpotential von mehr als 4\u00a0K ermittelt. Damit wurden die Ergebnisse fr\u00fcherer CFD-Rechnungen [1], [2] best\u00e4tigt. Die in [3] vorgestellten Ergebnisse einer aktuellen, [&hellip;]<\/p>\n","protected":false},"author":60,"featured_media":0,"parent":0,"menu_order":0,"comment_status":"closed","ping_status":"closed","template":"","meta":{"footnotes":""},"class_list":["post-11775","page","type-page","status-publish","hentry"],"yoast_head":"<!-- This site is optimized with the Yoast SEO plugin v25.9 - https:\/\/yoast.com\/wordpress\/plugins\/seo\/ -->\n<title>Entdecke-Behaglichkeit - KUEHA<\/title>\n<meta name=\"robots\" content=\"index, follow, max-snippet:-1, max-image-preview:large, max-video-preview:-1\" \/>\n<link rel=\"canonical\" href=\"https:\/\/kueha.mw.tu-dresden.de\/de\/entdecke-behaglichkeit\/\" \/>\n<meta property=\"og:locale\" content=\"de_DE\" \/>\n<meta property=\"og:type\" content=\"article\" \/>\n<meta property=\"og:title\" content=\"Entdecke-Behaglichkeit - KUEHA\" \/>\n<meta property=\"og:description\" content=\"Thermische Behaglichkeit &nbsp; Gegen\u00fcber dem ungek\u00fchlten Vergleichsfall kann eine deutliche Verbesserung der thermischen Behaglichkeit auch dann erreicht werden, wenn die K\u00fchlung \u00fcber Freie\u00a0Heizfl\u00e4chen erfolgt. Im Rahmen von Feldmessungen wurde mit verschiedenen Methoden ein Temperatur-Absenkpotential von mehr als 4\u00a0K ermittelt. Damit wurden die Ergebnisse fr\u00fcherer CFD-Rechnungen [1], [2] best\u00e4tigt. Die in [3] vorgestellten Ergebnisse einer aktuellen, [&hellip;]\" \/>\n<meta property=\"og:url\" content=\"https:\/\/kueha.mw.tu-dresden.de\/de\/entdecke-behaglichkeit\/\" \/>\n<meta property=\"og:site_name\" content=\"KUEHA\" \/>\n<meta property=\"article:modified_time\" content=\"2020-09-30T05:55:43+00:00\" \/>\n<meta property=\"og:image\" content=\"https:\/\/kueha.mw.tu-dresden.de\/wp-content\/uploads\/AbsenkPotSim-300x262.png\" \/>\n<meta name=\"twitter:card\" content=\"summary_large_image\" \/>\n<meta name=\"twitter:label1\" content=\"Gesch\u00e4tzte Lesezeit\" \/>\n\t<meta name=\"twitter:data1\" content=\"2\u00a0Minuten\" \/>\n<script type=\"application\/ld+json\" class=\"yoast-schema-graph\">{\"@context\":\"https:\/\/schema.org\",\"@graph\":[{\"@type\":\"WebPage\",\"@id\":\"https:\/\/kueha.mw.tu-dresden.de\/de\/entdecke-behaglichkeit\/\",\"url\":\"https:\/\/kueha.mw.tu-dresden.de\/de\/entdecke-behaglichkeit\/\",\"name\":\"Entdecke-Behaglichkeit - KUEHA\",\"isPartOf\":{\"@id\":\"https:\/\/kueha.mw.tu-dresden.de\/de\/#website\"},\"primaryImageOfPage\":{\"@id\":\"https:\/\/kueha.mw.tu-dresden.de\/de\/entdecke-behaglichkeit\/#primaryimage\"},\"image\":{\"@id\":\"https:\/\/kueha.mw.tu-dresden.de\/de\/entdecke-behaglichkeit\/#primaryimage\"},\"thumbnailUrl\":\"https:\/\/kueha.mw.tu-dresden.de\/wp-content\/uploads\/AbsenkPotSim-300x262.png\",\"datePublished\":\"2018-12-03T21:21:45+00:00\",\"dateModified\":\"2020-09-30T05:55:43+00:00\",\"breadcrumb\":{\"@id\":\"https:\/\/kueha.mw.tu-dresden.de\/de\/entdecke-behaglichkeit\/#breadcrumb\"},\"inLanguage\":\"de\",\"potentialAction\":[{\"@type\":\"ReadAction\",\"target\":[\"https:\/\/kueha.mw.tu-dresden.de\/de\/entdecke-behaglichkeit\/\"]}]},{\"@type\":\"ImageObject\",\"inLanguage\":\"de\",\"@id\":\"https:\/\/kueha.mw.tu-dresden.de\/de\/entdecke-behaglichkeit\/#primaryimage\",\"url\":\"https:\/\/kueha.mw.tu-dresden.de\/wp-content\/uploads\/AbsenkPotSim-300x262.png\",\"contentUrl\":\"https:\/\/kueha.mw.tu-dresden.de\/wp-content\/uploads\/AbsenkPotSim-300x262.png\"},{\"@type\":\"BreadcrumbList\",\"@id\":\"https:\/\/kueha.mw.tu-dresden.de\/de\/entdecke-behaglichkeit\/#breadcrumb\",\"itemListElement\":[{\"@type\":\"ListItem\",\"position\":1,\"name\":\"Home\",\"item\":\"https:\/\/kueha.mw.tu-dresden.de\/de\/\"},{\"@type\":\"ListItem\",\"position\":2,\"name\":\"Entdecke-Behaglichkeit\"}]},{\"@type\":\"WebSite\",\"@id\":\"https:\/\/kueha.mw.tu-dresden.de\/de\/#website\",\"url\":\"https:\/\/kueha.mw.tu-dresden.de\/de\/\",\"name\":\"KUEHA\",\"description\":\"KUEHA\",\"potentialAction\":[{\"@type\":\"SearchAction\",\"target\":{\"@type\":\"EntryPoint\",\"urlTemplate\":\"https:\/\/kueha.mw.tu-dresden.de\/de\/?s={search_term_string}\"},\"query-input\":{\"@type\":\"PropertyValueSpecification\",\"valueRequired\":true,\"valueName\":\"search_term_string\"}}],\"inLanguage\":\"de\"}]}<\/script>\n<!-- \/ Yoast SEO plugin. -->","yoast_head_json":{"title":"Entdecke-Behaglichkeit - KUEHA","robots":{"index":"index","follow":"follow","max-snippet":"max-snippet:-1","max-image-preview":"max-image-preview:large","max-video-preview":"max-video-preview:-1"},"canonical":"https:\/\/kueha.mw.tu-dresden.de\/de\/entdecke-behaglichkeit\/","og_locale":"de_DE","og_type":"article","og_title":"Entdecke-Behaglichkeit - KUEHA","og_description":"Thermische Behaglichkeit &nbsp; Gegen\u00fcber dem ungek\u00fchlten Vergleichsfall kann eine deutliche Verbesserung der thermischen Behaglichkeit auch dann erreicht werden, wenn die K\u00fchlung \u00fcber Freie\u00a0Heizfl\u00e4chen erfolgt. Im Rahmen von Feldmessungen wurde mit verschiedenen Methoden ein Temperatur-Absenkpotential von mehr als 4\u00a0K ermittelt. Damit wurden die Ergebnisse fr\u00fcherer CFD-Rechnungen [1], [2] best\u00e4tigt. Die in [3] vorgestellten Ergebnisse einer aktuellen, [&hellip;]","og_url":"https:\/\/kueha.mw.tu-dresden.de\/de\/entdecke-behaglichkeit\/","og_site_name":"KUEHA","article_modified_time":"2020-09-30T05:55:43+00:00","og_image":[{"url":"https:\/\/kueha.mw.tu-dresden.de\/wp-content\/uploads\/AbsenkPotSim-300x262.png","type":"","width":"","height":""}],"twitter_card":"summary_large_image","twitter_misc":{"Gesch\u00e4tzte Lesezeit":"2\u00a0Minuten"},"schema":{"@context":"https:\/\/schema.org","@graph":[{"@type":"WebPage","@id":"https:\/\/kueha.mw.tu-dresden.de\/de\/entdecke-behaglichkeit\/","url":"https:\/\/kueha.mw.tu-dresden.de\/de\/entdecke-behaglichkeit\/","name":"Entdecke-Behaglichkeit - KUEHA","isPartOf":{"@id":"https:\/\/kueha.mw.tu-dresden.de\/de\/#website"},"primaryImageOfPage":{"@id":"https:\/\/kueha.mw.tu-dresden.de\/de\/entdecke-behaglichkeit\/#primaryimage"},"image":{"@id":"https:\/\/kueha.mw.tu-dresden.de\/de\/entdecke-behaglichkeit\/#primaryimage"},"thumbnailUrl":"https:\/\/kueha.mw.tu-dresden.de\/wp-content\/uploads\/AbsenkPotSim-300x262.png","datePublished":"2018-12-03T21:21:45+00:00","dateModified":"2020-09-30T05:55:43+00:00","breadcrumb":{"@id":"https:\/\/kueha.mw.tu-dresden.de\/de\/entdecke-behaglichkeit\/#breadcrumb"},"inLanguage":"de","potentialAction":[{"@type":"ReadAction","target":["https:\/\/kueha.mw.tu-dresden.de\/de\/entdecke-behaglichkeit\/"]}]},{"@type":"ImageObject","inLanguage":"de","@id":"https:\/\/kueha.mw.tu-dresden.de\/de\/entdecke-behaglichkeit\/#primaryimage","url":"https:\/\/kueha.mw.tu-dresden.de\/wp-content\/uploads\/AbsenkPotSim-300x262.png","contentUrl":"https:\/\/kueha.mw.tu-dresden.de\/wp-content\/uploads\/AbsenkPotSim-300x262.png"},{"@type":"BreadcrumbList","@id":"https:\/\/kueha.mw.tu-dresden.de\/de\/entdecke-behaglichkeit\/#breadcrumb","itemListElement":[{"@type":"ListItem","position":1,"name":"Home","item":"https:\/\/kueha.mw.tu-dresden.de\/de\/"},{"@type":"ListItem","position":2,"name":"Entdecke-Behaglichkeit"}]},{"@type":"WebSite","@id":"https:\/\/kueha.mw.tu-dresden.de\/de\/#website","url":"https:\/\/kueha.mw.tu-dresden.de\/de\/","name":"KUEHA","description":"KUEHA","potentialAction":[{"@type":"SearchAction","target":{"@type":"EntryPoint","urlTemplate":"https:\/\/kueha.mw.tu-dresden.de\/de\/?s={search_term_string}"},"query-input":{"@type":"PropertyValueSpecification","valueRequired":true,"valueName":"search_term_string"}}],"inLanguage":"de"}]}},"_links":{"self":[{"href":"https:\/\/kueha.mw.tu-dresden.de\/de\/wp-json\/wp\/v2\/pages\/11775","targetHints":{"allow":["GET"]}}],"collection":[{"href":"https:\/\/kueha.mw.tu-dresden.de\/de\/wp-json\/wp\/v2\/pages"}],"about":[{"href":"https:\/\/kueha.mw.tu-dresden.de\/de\/wp-json\/wp\/v2\/types\/page"}],"author":[{"embeddable":true,"href":"https:\/\/kueha.mw.tu-dresden.de\/de\/wp-json\/wp\/v2\/users\/60"}],"replies":[{"embeddable":true,"href":"https:\/\/kueha.mw.tu-dresden.de\/de\/wp-json\/wp\/v2\/comments?post=11775"}],"version-history":[{"count":26,"href":"https:\/\/kueha.mw.tu-dresden.de\/de\/wp-json\/wp\/v2\/pages\/11775\/revisions"}],"predecessor-version":[{"id":12193,"href":"https:\/\/kueha.mw.tu-dresden.de\/de\/wp-json\/wp\/v2\/pages\/11775\/revisions\/12193"}],"wp:attachment":[{"href":"https:\/\/kueha.mw.tu-dresden.de\/de\/wp-json\/wp\/v2\/media?parent=11775"}],"curies":[{"name":"wp","href":"https:\/\/api.w.org\/{rel}","templated":true}]}}