{"id":11773,"date":"2018-12-03T21:20:57","date_gmt":"2018-12-03T21:20:57","guid":{"rendered":"https:\/\/kueha.mw.tu-dresden.de\/de\/?page_id=11773"},"modified":"2020-09-29T13:04:18","modified_gmt":"2020-09-29T13:04:18","slug":"entdecke-argumente","status":"publish","type":"page","link":"https:\/\/kueha.mw.tu-dresden.de\/de\/entdecke-argumente\/","title":{"rendered":"Entdecke-Argumente"},"content":{"rendered":"<p><\/p>\n<h1><strong>F\u00fcr das K\u00fchlen mit (Bestands-)Heizungsanlagen gibt es gute Argumente:<\/strong><\/h1>\n<p>&nbsp;<\/p>\n<ul>\n<li>Bestehende Heizungsanlagen lassen sich einfach und kosteng\u00fcnstig um eine K\u00fchlfunktion erweitern.<\/li>\n<li>Die L\u00f6sung ist f\u00fcr den Geb\u00e4udebestand, aber selbstverst\u00e4ndlich auch f\u00fcr den Neubau geeignet.<\/li>\n<li>Die Erweiterung einer Heizungsanlage um eine K\u00fchlfunktion verbessert, insbesondere w\u00e4hrend lang anhaltender Hitzeperioden, die thermische Behaglichkeit deutlich.<\/li>\n<li>Die Erweiterung einer Heizungsanlage um eine K\u00fchlfunktion f\u00fchrt zu einer Wertsteigerung der Immobilie.<\/li>\n<li>Das hohe Niveau der K\u00fchlmitteltemperatur erm\u00f6glicht eine sehr kosteng\u00fcnstige K\u00e4lteauskopplung aus der Umwelt. Hierf\u00fcr kann beispielsweise Grundwasser oder der Solekreislauf einer Sole-Wasser-W\u00e4rmepumpe genutzt werden.<\/li>\n<li>Das hohe Niveau der K\u00fchlmitteltemperatur erm\u00f6glicht die K\u00e4lteauskopplung aus dem R\u00fccklauf bestehender K\u00e4lteerzeugungsanlagen.<\/li>\n<li>Die M\u00f6glichkeit zur Erweiterung einer Heizungsanlage um eine K\u00fchlfunktion motiviert zus\u00e4tzlich zum Einsatz effizienter W\u00e4rmepumpentechnologien zur W\u00e4rme- und K\u00e4ltebereitstellung.<\/li>\n<li>Die Auslastung von BHKW kann im Sommer dadurch gesteigert werden, dass die erzeugte W\u00e4rme f\u00fcr den Antrieb von Adsorptionsk\u00e4ltemaschinen genutzt werden kann.<\/li>\n<li>Insbesondere in urbanen Gebieten haben die sommerlichen Umgebungstemperaturen in den letzten Jahren deutlich zugenommen. Dieser Trend wird auch in den kommenden Jahren bestehen. Dabei nimmt besonders in den \u00e4lteren Altersgruppen die Anzahl hitzebedingter Todesf\u00e4lle zu.<\/li>\n<\/ul>\n<p><a href=\"https:\/\/kueha.mw.tu-dresden.de\/de\/entdecke\/\">zur\u00fcck<\/a><\/p>","protected":false},"excerpt":{"rendered":"<p>F\u00fcr das K\u00fchlen mit (Bestands-)Heizungsanlagen gibt es gute Argumente: &nbsp; Bestehende Heizungsanlagen lassen sich einfach und kosteng\u00fcnstig um eine K\u00fchlfunktion erweitern. Die L\u00f6sung ist f\u00fcr den Geb\u00e4udebestand, aber selbstverst\u00e4ndlich auch f\u00fcr den Neubau geeignet. Die Erweiterung einer Heizungsanlage um eine K\u00fchlfunktion verbessert, insbesondere w\u00e4hrend lang anhaltender Hitzeperioden, die thermische Behaglichkeit deutlich. Die Erweiterung einer Heizungsanlage [&hellip;]<\/p>\n","protected":false},"author":60,"featured_media":0,"parent":0,"menu_order":0,"comment_status":"closed","ping_status":"closed","template":"","meta":{"footnotes":""},"class_list":["post-11773","page","type-page","status-publish","hentry"],"yoast_head":"<!-- This site is optimized with the Yoast SEO plugin v25.9 - https:\/\/yoast.com\/wordpress\/plugins\/seo\/ -->\n<title>Entdecke-Argumente - KUEHA<\/title>\n<meta name=\"robots\" content=\"index, follow, max-snippet:-1, max-image-preview:large, max-video-preview:-1\" \/>\n<link rel=\"canonical\" href=\"https:\/\/kueha.mw.tu-dresden.de\/en\/discover-arguments\/\" \/>\n<meta property=\"og:locale\" content=\"de_DE\" \/>\n<meta property=\"og:type\" content=\"article\" \/>\n<meta property=\"og:title\" content=\"Entdecke-Argumente - KUEHA\" \/>\n<meta property=\"og:description\" content=\"F\u00fcr das K\u00fchlen mit (Bestands-)Heizungsanlagen gibt es gute Argumente: &nbsp; Bestehende Heizungsanlagen lassen sich einfach und kosteng\u00fcnstig um eine K\u00fchlfunktion erweitern. Die L\u00f6sung ist f\u00fcr den Geb\u00e4udebestand, aber selbstverst\u00e4ndlich auch f\u00fcr den Neubau geeignet. Die Erweiterung einer Heizungsanlage um eine K\u00fchlfunktion verbessert, insbesondere w\u00e4hrend lang anhaltender Hitzeperioden, die thermische Behaglichkeit deutlich. Die Erweiterung einer Heizungsanlage [&hellip;]\" \/>\n<meta property=\"og:url\" content=\"https:\/\/kueha.mw.tu-dresden.de\/en\/discover-arguments\/\" \/>\n<meta property=\"og:site_name\" content=\"KUEHA\" \/>\n<meta property=\"article:modified_time\" content=\"2020-09-29T13:04:18+00:00\" \/>\n<meta name=\"twitter:card\" content=\"summary_large_image\" \/>\n<meta name=\"twitter:label1\" content=\"Gesch\u00e4tzte Lesezeit\" \/>\n\t<meta name=\"twitter:data1\" content=\"1\u00a0Minute\" \/>\n<script type=\"application\/ld+json\" class=\"yoast-schema-graph\">{\"@context\":\"https:\/\/schema.org\",\"@graph\":[{\"@type\":\"WebPage\",\"@id\":\"https:\/\/kueha.mw.tu-dresden.de\/en\/discover-arguments\/\",\"url\":\"https:\/\/kueha.mw.tu-dresden.de\/en\/discover-arguments\/\",\"name\":\"Entdecke-Argumente - KUEHA\",\"isPartOf\":{\"@id\":\"https:\/\/kueha.mw.tu-dresden.de\/de\/#website\"},\"datePublished\":\"2018-12-03T21:20:57+00:00\",\"dateModified\":\"2020-09-29T13:04:18+00:00\",\"breadcrumb\":{\"@id\":\"https:\/\/kueha.mw.tu-dresden.de\/en\/discover-arguments\/#breadcrumb\"},\"inLanguage\":\"de\",\"potentialAction\":[{\"@type\":\"ReadAction\",\"target\":[\"https:\/\/kueha.mw.tu-dresden.de\/en\/discover-arguments\/\"]}]},{\"@type\":\"BreadcrumbList\",\"@id\":\"https:\/\/kueha.mw.tu-dresden.de\/en\/discover-arguments\/#breadcrumb\",\"itemListElement\":[{\"@type\":\"ListItem\",\"position\":1,\"name\":\"Home\",\"item\":\"https:\/\/kueha.mw.tu-dresden.de\/de\/\"},{\"@type\":\"ListItem\",\"position\":2,\"name\":\"Discover-Arguments\"}]},{\"@type\":\"WebSite\",\"@id\":\"https:\/\/kueha.mw.tu-dresden.de\/de\/#website\",\"url\":\"https:\/\/kueha.mw.tu-dresden.de\/de\/\",\"name\":\"KUEHA\",\"description\":\"KUEHA\",\"potentialAction\":[{\"@type\":\"SearchAction\",\"target\":{\"@type\":\"EntryPoint\",\"urlTemplate\":\"https:\/\/kueha.mw.tu-dresden.de\/de\/?s={search_term_string}\"},\"query-input\":{\"@type\":\"PropertyValueSpecification\",\"valueRequired\":true,\"valueName\":\"search_term_string\"}}],\"inLanguage\":\"de\"}]}<\/script>\n<!-- \/ Yoast SEO plugin. -->","yoast_head_json":{"title":"Entdecke-Argumente - KUEHA","robots":{"index":"index","follow":"follow","max-snippet":"max-snippet:-1","max-image-preview":"max-image-preview:large","max-video-preview":"max-video-preview:-1"},"canonical":"https:\/\/kueha.mw.tu-dresden.de\/en\/discover-arguments\/","og_locale":"de_DE","og_type":"article","og_title":"Entdecke-Argumente - KUEHA","og_description":"F\u00fcr das K\u00fchlen mit (Bestands-)Heizungsanlagen gibt es gute Argumente: &nbsp; Bestehende Heizungsanlagen lassen sich einfach und kosteng\u00fcnstig um eine K\u00fchlfunktion erweitern. Die L\u00f6sung ist f\u00fcr den Geb\u00e4udebestand, aber selbstverst\u00e4ndlich auch f\u00fcr den Neubau geeignet. Die Erweiterung einer Heizungsanlage um eine K\u00fchlfunktion verbessert, insbesondere w\u00e4hrend lang anhaltender Hitzeperioden, die thermische Behaglichkeit deutlich. Die Erweiterung einer Heizungsanlage [&hellip;]","og_url":"https:\/\/kueha.mw.tu-dresden.de\/en\/discover-arguments\/","og_site_name":"KUEHA","article_modified_time":"2020-09-29T13:04:18+00:00","twitter_card":"summary_large_image","twitter_misc":{"Gesch\u00e4tzte Lesezeit":"1\u00a0Minute"},"schema":{"@context":"https:\/\/schema.org","@graph":[{"@type":"WebPage","@id":"https:\/\/kueha.mw.tu-dresden.de\/en\/discover-arguments\/","url":"https:\/\/kueha.mw.tu-dresden.de\/en\/discover-arguments\/","name":"Entdecke-Argumente - KUEHA","isPartOf":{"@id":"https:\/\/kueha.mw.tu-dresden.de\/de\/#website"},"datePublished":"2018-12-03T21:20:57+00:00","dateModified":"2020-09-29T13:04:18+00:00","breadcrumb":{"@id":"https:\/\/kueha.mw.tu-dresden.de\/en\/discover-arguments\/#breadcrumb"},"inLanguage":"de","potentialAction":[{"@type":"ReadAction","target":["https:\/\/kueha.mw.tu-dresden.de\/en\/discover-arguments\/"]}]},{"@type":"BreadcrumbList","@id":"https:\/\/kueha.mw.tu-dresden.de\/en\/discover-arguments\/#breadcrumb","itemListElement":[{"@type":"ListItem","position":1,"name":"Home","item":"https:\/\/kueha.mw.tu-dresden.de\/de\/"},{"@type":"ListItem","position":2,"name":"Discover-Arguments"}]},{"@type":"WebSite","@id":"https:\/\/kueha.mw.tu-dresden.de\/de\/#website","url":"https:\/\/kueha.mw.tu-dresden.de\/de\/","name":"KUEHA","description":"KUEHA","potentialAction":[{"@type":"SearchAction","target":{"@type":"EntryPoint","urlTemplate":"https:\/\/kueha.mw.tu-dresden.de\/de\/?s={search_term_string}"},"query-input":{"@type":"PropertyValueSpecification","valueRequired":true,"valueName":"search_term_string"}}],"inLanguage":"de"}]}},"_links":{"self":[{"href":"https:\/\/kueha.mw.tu-dresden.de\/de\/wp-json\/wp\/v2\/pages\/11773","targetHints":{"allow":["GET"]}}],"collection":[{"href":"https:\/\/kueha.mw.tu-dresden.de\/de\/wp-json\/wp\/v2\/pages"}],"about":[{"href":"https:\/\/kueha.mw.tu-dresden.de\/de\/wp-json\/wp\/v2\/types\/page"}],"author":[{"embeddable":true,"href":"https:\/\/kueha.mw.tu-dresden.de\/de\/wp-json\/wp\/v2\/users\/60"}],"replies":[{"embeddable":true,"href":"https:\/\/kueha.mw.tu-dresden.de\/de\/wp-json\/wp\/v2\/comments?post=11773"}],"version-history":[{"count":7,"href":"https:\/\/kueha.mw.tu-dresden.de\/de\/wp-json\/wp\/v2\/pages\/11773\/revisions"}],"predecessor-version":[{"id":12129,"href":"https:\/\/kueha.mw.tu-dresden.de\/de\/wp-json\/wp\/v2\/pages\/11773\/revisions\/12129"}],"wp:attachment":[{"href":"https:\/\/kueha.mw.tu-dresden.de\/de\/wp-json\/wp\/v2\/media?parent=11773"}],"curies":[{"name":"wp","href":"https:\/\/api.w.org\/{rel}","templated":true}]}}