{"id":11649,"date":"2018-12-02T14:50:42","date_gmt":"2018-12-02T14:50:42","guid":{"rendered":"https:\/\/kueha.mw.tu-dresden.de\/de\/?page_id=11649"},"modified":"2020-09-29T06:42:12","modified_gmt":"2020-09-29T06:42:12","slug":"entdecke-kaltluftsee","status":"publish","type":"page","link":"https:\/\/kueha.mw.tu-dresden.de\/de\/entdecke-kaltluftsee\/","title":{"rendered":"Entdecke-Kaltluftsee"},"content":{"rendered":"<p><\/p>\n<h1><strong>Kaltluftsee<\/strong><\/h1>\n<p>&nbsp;<\/p>\n<p>Im Heizfall f\u00f6rdern Freie Heizfl\u00e4chen einen warmen, \u00fcber der Heizfl\u00e4che aufsteigenden Luftvolumenstrom. Dessen Ausbreitung im Raum wird meist durch die thermische Wirkung des sich dar\u00fcber befindlichen Fensters beeinflusst. Vom Fenster ausgehende thermische Wirkungen resultieren aus dessen geringer Oberfl\u00e4chentemperatur und des \u00fcber die Fensterfugen einstr\u00f6menden Au\u00dfenluftvolumenstromes. Die Ausbreitung der \u00fcber Freien Heizfl\u00e4chen aufsteigenden Warmluftstr\u00f6mung ist daher nur bedingt kalkulierbar.<br \/>\nDie von Freien Heizfl\u00e4chen im K\u00fchlfall gef\u00f6rderte Kaltluft wird dagegen immer solange im Fu\u00dfbodenbereich verharren, bis sie durch die darin befindlichen W\u00e4rmelasten erw\u00e4rmt wird. Die Wirkung eines sich so einstellenden Kaltluftsees ist daher unmittelbar auf die darin befindlichen W\u00e4rmequellen gerichtet.<br \/>\n<div style=\"width: 750px;\" class=\"wp-video\"><!--[if lt IE 9]><script>document.createElement('video');<\/script><![endif]-->\n<video class=\"wp-video-shortcode\" id=\"video-11649-1\" width=\"750\" height=\"422\" preload=\"metadata\" controls=\"controls\"><source type=\"video\/mp4\" src=\"https:\/\/kueha.mw.tu-dresden.de\/wp-content\/uploads\/2018-07-31-Str\u00f6mungsversuch-1280x720.mp4?_=1\" \/><a href=\"https:\/\/kueha.mw.tu-dresden.de\/wp-content\/uploads\/2018-07-31-Str\u00f6mungsversuch-1280x720.mp4\">https:\/\/kueha.mw.tu-dresden.de\/wp-content\/uploads\/2018-07-31-Str\u00f6mungsversuch-1280x720.mp4<\/a><\/video><\/div><\/p>\n<p>Im Video wird die von einer kalten Heizfl\u00e4che erzeugte Luftstr\u00f6mung mittels Rauch visualisiert. Deutlich zu erkennen ist die Speisung des Kaltluftsees und die an der warmen Bekleidung aufsteigende Kaltluftstr\u00f6mung.<br \/>\n<div style=\"width: 750px;\" class=\"wp-video\"><video class=\"wp-video-shortcode\" id=\"video-11649-2\" width=\"750\" height=\"422\" preload=\"metadata\" controls=\"controls\"><source type=\"video\/mp4\" src=\"https:\/\/kueha.mw.tu-dresden.de\/wp-content\/uploads\/VideoGrenzschicht.mp4?_=2\" \/><a href=\"https:\/\/kueha.mw.tu-dresden.de\/wp-content\/uploads\/VideoGrenzschicht.mp4\">https:\/\/kueha.mw.tu-dresden.de\/wp-content\/uploads\/VideoGrenzschicht.mp4<\/a><\/video><\/div><\/p>\n<p>Das Video (16-fache Geschwindigkeit) zeigt die mit Rauch visualisierte Luftstr\u00f6mung vor der Eingangst\u00fcr eines B\u00fcroraumes. Die T\u00fcr befindet sich gegen\u00fcber dem vor der Au\u00dfenwand befindlichen Heizk\u00f6rper. Deutlich zu erkennen ist die thermische Grenzschicht ca. 50cm \u00fcber dem Fu\u00dfboden.<\/p>\n<p>Die Ergebnisse eines Pilotversuches zeigen, dass durch die Wirkung gek\u00fchlter Heizfl\u00e4chen die Temperatur unterhalb einer H\u00f6he von ca. 1 m stark abnimmt und dieser Temperaturverlauf auch noch in einer deutlichen Entfernung zur Heizfl\u00e4che nachweisbar ist.<br \/>\nBei nicht-repr\u00e4sentativen Befragungen w\u00e4hrend der sommerlichen K\u00fchlperiode wurde der Temperaturgradient als sehr angenehm beschrieben. Ein versuchsweise durchgef\u00fchrter K\u00fchlbetrieb in der \u00dcbergangszeit f\u00fchrte hingegen vereinzelt zu R\u00fcckmeldungen \u00fcber zu niedrige Temperaturen im Fu\u00dfbereich.<\/p>\n<p><a href=\"https:\/\/kueha.mw.tu-dresden.de\/de\/entdecke\/\">zur\u00fcck<\/a><\/p>","protected":false},"excerpt":{"rendered":"<p>Kaltluftsee &nbsp; Im Heizfall f\u00f6rdern Freie Heizfl\u00e4chen einen warmen, \u00fcber der Heizfl\u00e4che aufsteigenden Luftvolumenstrom. Dessen Ausbreitung im Raum wird meist durch die thermische Wirkung des sich dar\u00fcber befindlichen Fensters beeinflusst. Vom Fenster ausgehende thermische Wirkungen resultieren aus dessen geringer Oberfl\u00e4chentemperatur und des \u00fcber die Fensterfugen einstr\u00f6menden Au\u00dfenluftvolumenstromes. Die Ausbreitung der \u00fcber Freien Heizfl\u00e4chen aufsteigenden Warmluftstr\u00f6mung [&hellip;]<\/p>\n","protected":false},"author":60,"featured_media":0,"parent":0,"menu_order":0,"comment_status":"closed","ping_status":"closed","template":"","meta":{"footnotes":""},"class_list":["post-11649","page","type-page","status-publish","hentry"],"yoast_head":"<!-- This site is optimized with the Yoast SEO plugin v25.9 - https:\/\/yoast.com\/wordpress\/plugins\/seo\/ -->\n<title>Entdecke-Kaltluftsee - KUEHA<\/title>\n<meta name=\"robots\" content=\"index, follow, max-snippet:-1, max-image-preview:large, max-video-preview:-1\" \/>\n<link rel=\"canonical\" href=\"https:\/\/kueha.mw.tu-dresden.de\/de\/entdecke-kaltluftsee\/\" \/>\n<meta property=\"og:locale\" content=\"de_DE\" \/>\n<meta property=\"og:type\" content=\"article\" \/>\n<meta property=\"og:title\" content=\"Entdecke-Kaltluftsee - KUEHA\" \/>\n<meta property=\"og:description\" content=\"Kaltluftsee &nbsp; Im Heizfall f\u00f6rdern Freie Heizfl\u00e4chen einen warmen, \u00fcber der Heizfl\u00e4che aufsteigenden Luftvolumenstrom. Dessen Ausbreitung im Raum wird meist durch die thermische Wirkung des sich dar\u00fcber befindlichen Fensters beeinflusst. Vom Fenster ausgehende thermische Wirkungen resultieren aus dessen geringer Oberfl\u00e4chentemperatur und des \u00fcber die Fensterfugen einstr\u00f6menden Au\u00dfenluftvolumenstromes. Die Ausbreitung der \u00fcber Freien Heizfl\u00e4chen aufsteigenden Warmluftstr\u00f6mung [&hellip;]\" \/>\n<meta property=\"og:url\" content=\"https:\/\/kueha.mw.tu-dresden.de\/de\/entdecke-kaltluftsee\/\" \/>\n<meta property=\"og:site_name\" content=\"KUEHA\" \/>\n<meta property=\"article:modified_time\" content=\"2020-09-29T06:42:12+00:00\" \/>\n<meta name=\"twitter:card\" content=\"summary_large_image\" \/>\n<meta name=\"twitter:label1\" content=\"Gesch\u00e4tzte Lesezeit\" \/>\n\t<meta name=\"twitter:data1\" content=\"3\u00a0Minuten\" \/>\n<script type=\"application\/ld+json\" class=\"yoast-schema-graph\">{\"@context\":\"https:\/\/schema.org\",\"@graph\":[{\"@type\":\"WebPage\",\"@id\":\"https:\/\/kueha.mw.tu-dresden.de\/de\/entdecke-kaltluftsee\/\",\"url\":\"https:\/\/kueha.mw.tu-dresden.de\/de\/entdecke-kaltluftsee\/\",\"name\":\"Entdecke-Kaltluftsee - KUEHA\",\"isPartOf\":{\"@id\":\"https:\/\/kueha.mw.tu-dresden.de\/de\/#website\"},\"datePublished\":\"2018-12-02T14:50:42+00:00\",\"dateModified\":\"2020-09-29T06:42:12+00:00\",\"breadcrumb\":{\"@id\":\"https:\/\/kueha.mw.tu-dresden.de\/de\/entdecke-kaltluftsee\/#breadcrumb\"},\"inLanguage\":\"de\",\"potentialAction\":[{\"@type\":\"ReadAction\",\"target\":[\"https:\/\/kueha.mw.tu-dresden.de\/de\/entdecke-kaltluftsee\/\"]}]},{\"@type\":\"BreadcrumbList\",\"@id\":\"https:\/\/kueha.mw.tu-dresden.de\/de\/entdecke-kaltluftsee\/#breadcrumb\",\"itemListElement\":[{\"@type\":\"ListItem\",\"position\":1,\"name\":\"Home\",\"item\":\"https:\/\/kueha.mw.tu-dresden.de\/de\/\"},{\"@type\":\"ListItem\",\"position\":2,\"name\":\"Entdecke-Kaltluftsee\"}]},{\"@type\":\"WebSite\",\"@id\":\"https:\/\/kueha.mw.tu-dresden.de\/de\/#website\",\"url\":\"https:\/\/kueha.mw.tu-dresden.de\/de\/\",\"name\":\"KUEHA\",\"description\":\"KUEHA\",\"potentialAction\":[{\"@type\":\"SearchAction\",\"target\":{\"@type\":\"EntryPoint\",\"urlTemplate\":\"https:\/\/kueha.mw.tu-dresden.de\/de\/?s={search_term_string}\"},\"query-input\":{\"@type\":\"PropertyValueSpecification\",\"valueRequired\":true,\"valueName\":\"search_term_string\"}}],\"inLanguage\":\"de\"}]}<\/script>\n<!-- \/ Yoast SEO plugin. -->","yoast_head_json":{"title":"Entdecke-Kaltluftsee - KUEHA","robots":{"index":"index","follow":"follow","max-snippet":"max-snippet:-1","max-image-preview":"max-image-preview:large","max-video-preview":"max-video-preview:-1"},"canonical":"https:\/\/kueha.mw.tu-dresden.de\/de\/entdecke-kaltluftsee\/","og_locale":"de_DE","og_type":"article","og_title":"Entdecke-Kaltluftsee - KUEHA","og_description":"Kaltluftsee &nbsp; Im Heizfall f\u00f6rdern Freie Heizfl\u00e4chen einen warmen, \u00fcber der Heizfl\u00e4che aufsteigenden Luftvolumenstrom. Dessen Ausbreitung im Raum wird meist durch die thermische Wirkung des sich dar\u00fcber befindlichen Fensters beeinflusst. Vom Fenster ausgehende thermische Wirkungen resultieren aus dessen geringer Oberfl\u00e4chentemperatur und des \u00fcber die Fensterfugen einstr\u00f6menden Au\u00dfenluftvolumenstromes. Die Ausbreitung der \u00fcber Freien Heizfl\u00e4chen aufsteigenden Warmluftstr\u00f6mung [&hellip;]","og_url":"https:\/\/kueha.mw.tu-dresden.de\/de\/entdecke-kaltluftsee\/","og_site_name":"KUEHA","article_modified_time":"2020-09-29T06:42:12+00:00","twitter_card":"summary_large_image","twitter_misc":{"Gesch\u00e4tzte Lesezeit":"3\u00a0Minuten"},"schema":{"@context":"https:\/\/schema.org","@graph":[{"@type":"WebPage","@id":"https:\/\/kueha.mw.tu-dresden.de\/de\/entdecke-kaltluftsee\/","url":"https:\/\/kueha.mw.tu-dresden.de\/de\/entdecke-kaltluftsee\/","name":"Entdecke-Kaltluftsee - KUEHA","isPartOf":{"@id":"https:\/\/kueha.mw.tu-dresden.de\/de\/#website"},"datePublished":"2018-12-02T14:50:42+00:00","dateModified":"2020-09-29T06:42:12+00:00","breadcrumb":{"@id":"https:\/\/kueha.mw.tu-dresden.de\/de\/entdecke-kaltluftsee\/#breadcrumb"},"inLanguage":"de","potentialAction":[{"@type":"ReadAction","target":["https:\/\/kueha.mw.tu-dresden.de\/de\/entdecke-kaltluftsee\/"]}]},{"@type":"BreadcrumbList","@id":"https:\/\/kueha.mw.tu-dresden.de\/de\/entdecke-kaltluftsee\/#breadcrumb","itemListElement":[{"@type":"ListItem","position":1,"name":"Home","item":"https:\/\/kueha.mw.tu-dresden.de\/de\/"},{"@type":"ListItem","position":2,"name":"Entdecke-Kaltluftsee"}]},{"@type":"WebSite","@id":"https:\/\/kueha.mw.tu-dresden.de\/de\/#website","url":"https:\/\/kueha.mw.tu-dresden.de\/de\/","name":"KUEHA","description":"KUEHA","potentialAction":[{"@type":"SearchAction","target":{"@type":"EntryPoint","urlTemplate":"https:\/\/kueha.mw.tu-dresden.de\/de\/?s={search_term_string}"},"query-input":{"@type":"PropertyValueSpecification","valueRequired":true,"valueName":"search_term_string"}}],"inLanguage":"de"}]}},"_links":{"self":[{"href":"https:\/\/kueha.mw.tu-dresden.de\/de\/wp-json\/wp\/v2\/pages\/11649","targetHints":{"allow":["GET"]}}],"collection":[{"href":"https:\/\/kueha.mw.tu-dresden.de\/de\/wp-json\/wp\/v2\/pages"}],"about":[{"href":"https:\/\/kueha.mw.tu-dresden.de\/de\/wp-json\/wp\/v2\/types\/page"}],"author":[{"embeddable":true,"href":"https:\/\/kueha.mw.tu-dresden.de\/de\/wp-json\/wp\/v2\/users\/60"}],"replies":[{"embeddable":true,"href":"https:\/\/kueha.mw.tu-dresden.de\/de\/wp-json\/wp\/v2\/comments?post=11649"}],"version-history":[{"count":38,"href":"https:\/\/kueha.mw.tu-dresden.de\/de\/wp-json\/wp\/v2\/pages\/11649\/revisions"}],"predecessor-version":[{"id":12099,"href":"https:\/\/kueha.mw.tu-dresden.de\/de\/wp-json\/wp\/v2\/pages\/11649\/revisions\/12099"}],"wp:attachment":[{"href":"https:\/\/kueha.mw.tu-dresden.de\/de\/wp-json\/wp\/v2\/media?parent=11649"}],"curies":[{"name":"wp","href":"https:\/\/api.w.org\/{rel}","templated":true}]}}