{"id":11609,"date":"2018-12-02T13:50:07","date_gmt":"2018-12-02T13:50:07","guid":{"rendered":"https:\/\/kueha.mw.tu-dresden.de\/de\/?page_id=11609"},"modified":"2020-09-29T06:44:54","modified_gmt":"2020-09-29T06:44:54","slug":"entdecke-logo","status":"publish","type":"page","link":"https:\/\/kueha.mw.tu-dresden.de\/de\/entdecke-logo\/","title":{"rendered":"Entdecke-Logo"},"content":{"rendered":"<p><\/p>\n<h1><strong>Projektlogo<\/strong><\/h1>\n<p>&nbsp;<\/p>\n<p><img loading=\"lazy\" decoding=\"async\" class=\"alignnone size-full wp-image-11203\" src=\"https:\/\/kueha.mw.tu-dresden.de\/wp-content\/uploads\/KUEHA_Logo_512x512_browser_tab_icon-2.png\" alt=\"\" width=\"512\" height=\"540\" \/><br \/>\nDas Projektlogo repr\u00e4sentiert die wesentlichen Merkmale der Projektidee:<\/p>\n<ul>\n<li>Die Farbe <span style=\"color: red;\"><b>Rot<\/b><\/span> steht f\u00fcr Heizen und die Farbe <span style=\"color: blue;\"><b>Blau<\/b><\/span> f\u00fcr K\u00fchlen.<\/li>\n<li>Der Name <b>KUEHA<\/b> leitet sich von &#8222;<b>KUE<\/b>hlen mit der vorhandenen <b>H<\/b>eizungs-<b>A<\/b>nlage ab&#8220;.<\/li>\n<li>Neben der Absenkung der Raumtemperatur erwarten wir die Ausbildung eines Kaltluftsees. Dies soll die blau eingef\u00e4rbte Spiegelung des Projektnamens transportieren.<\/li>\n<li>Die typische vertikale Durchstr\u00f6mung Freier Heizfl\u00e4chen erfordert differenzierte Betrachtungen <a href=\"https:\/\/kueha.mw.tu-dresden.de\/de\/radiator\/\">(Entdecke-Radiator)<\/a> unter Ber\u00fccksichtigung der Richtung des Temperaturgef\u00e4lles.<\/li>\n<li>Das obligatorische Regelventil hat nur im Winterfall eine Regelfunktion. Im K\u00fchlfall sollte das Ventil einen maximalen Durchfluss gew\u00e4hrleitsen.<\/li>\n<\/ul>\n<p>&nbsp;<\/p>\n<p><a href=\"https:\/\/kueha.mw.tu-dresden.de\/de\/entdecke\/\">zur\u00fcck<\/a><\/p>","protected":false},"excerpt":{"rendered":"<p>Projektlogo &nbsp; Das Projektlogo repr\u00e4sentiert die wesentlichen Merkmale der Projektidee: Die Farbe Rot steht f\u00fcr Heizen und die Farbe Blau f\u00fcr K\u00fchlen. Der Name KUEHA leitet sich von &#8222;KUEhlen mit der vorhandenen Heizungs-Anlage ab&#8220;. Neben der Absenkung der Raumtemperatur erwarten wir die Ausbildung eines Kaltluftsees. Dies soll die blau eingef\u00e4rbte Spiegelung des Projektnamens transportieren. Die [&hellip;]<\/p>\n","protected":false},"author":60,"featured_media":0,"parent":0,"menu_order":0,"comment_status":"closed","ping_status":"closed","template":"","meta":{"footnotes":""},"class_list":["post-11609","page","type-page","status-publish","hentry"],"yoast_head":"<!-- This site is optimized with the Yoast SEO plugin v25.9 - https:\/\/yoast.com\/wordpress\/plugins\/seo\/ -->\n<title>Entdecke-Logo - KUEHA<\/title>\n<meta name=\"robots\" content=\"index, follow, max-snippet:-1, max-image-preview:large, max-video-preview:-1\" \/>\n<link rel=\"canonical\" href=\"https:\/\/kueha.mw.tu-dresden.de\/de\/entdecke-logo\/\" \/>\n<meta property=\"og:locale\" content=\"de_DE\" \/>\n<meta property=\"og:type\" content=\"article\" \/>\n<meta property=\"og:title\" content=\"Entdecke-Logo - KUEHA\" \/>\n<meta property=\"og:description\" content=\"Projektlogo &nbsp; Das Projektlogo repr\u00e4sentiert die wesentlichen Merkmale der Projektidee: Die Farbe Rot steht f\u00fcr Heizen und die Farbe Blau f\u00fcr K\u00fchlen. Der Name KUEHA leitet sich von &#8222;KUEhlen mit der vorhandenen Heizungs-Anlage ab&#8220;. Neben der Absenkung der Raumtemperatur erwarten wir die Ausbildung eines Kaltluftsees. Dies soll die blau eingef\u00e4rbte Spiegelung des Projektnamens transportieren. Die [&hellip;]\" \/>\n<meta property=\"og:url\" content=\"https:\/\/kueha.mw.tu-dresden.de\/de\/entdecke-logo\/\" \/>\n<meta property=\"og:site_name\" content=\"KUEHA\" \/>\n<meta property=\"article:modified_time\" content=\"2020-09-29T06:44:54+00:00\" \/>\n<meta property=\"og:image\" content=\"https:\/\/kueha.mw.tu-dresden.de\/wp-content\/uploads\/KUEHA_Logo_512x512_browser_tab_icon-2.png\" \/>\n<meta name=\"twitter:card\" content=\"summary_large_image\" \/>\n<meta name=\"twitter:label1\" content=\"Gesch\u00e4tzte Lesezeit\" \/>\n\t<meta name=\"twitter:data1\" content=\"1\u00a0Minute\" \/>\n<script type=\"application\/ld+json\" class=\"yoast-schema-graph\">{\"@context\":\"https:\/\/schema.org\",\"@graph\":[{\"@type\":\"WebPage\",\"@id\":\"https:\/\/kueha.mw.tu-dresden.de\/de\/entdecke-logo\/\",\"url\":\"https:\/\/kueha.mw.tu-dresden.de\/de\/entdecke-logo\/\",\"name\":\"Entdecke-Logo - KUEHA\",\"isPartOf\":{\"@id\":\"https:\/\/kueha.mw.tu-dresden.de\/de\/#website\"},\"primaryImageOfPage\":{\"@id\":\"https:\/\/kueha.mw.tu-dresden.de\/de\/entdecke-logo\/#primaryimage\"},\"image\":{\"@id\":\"https:\/\/kueha.mw.tu-dresden.de\/de\/entdecke-logo\/#primaryimage\"},\"thumbnailUrl\":\"https:\/\/kueha.mw.tu-dresden.de\/wp-content\/uploads\/KUEHA_Logo_512x512_browser_tab_icon-2.png\",\"datePublished\":\"2018-12-02T13:50:07+00:00\",\"dateModified\":\"2020-09-29T06:44:54+00:00\",\"breadcrumb\":{\"@id\":\"https:\/\/kueha.mw.tu-dresden.de\/de\/entdecke-logo\/#breadcrumb\"},\"inLanguage\":\"de\",\"potentialAction\":[{\"@type\":\"ReadAction\",\"target\":[\"https:\/\/kueha.mw.tu-dresden.de\/de\/entdecke-logo\/\"]}]},{\"@type\":\"ImageObject\",\"inLanguage\":\"de\",\"@id\":\"https:\/\/kueha.mw.tu-dresden.de\/de\/entdecke-logo\/#primaryimage\",\"url\":\"https:\/\/kueha.mw.tu-dresden.de\/wp-content\/uploads\/KUEHA_Logo_512x512_browser_tab_icon-2.png\",\"contentUrl\":\"https:\/\/kueha.mw.tu-dresden.de\/wp-content\/uploads\/KUEHA_Logo_512x512_browser_tab_icon-2.png\"},{\"@type\":\"BreadcrumbList\",\"@id\":\"https:\/\/kueha.mw.tu-dresden.de\/de\/entdecke-logo\/#breadcrumb\",\"itemListElement\":[{\"@type\":\"ListItem\",\"position\":1,\"name\":\"Home\",\"item\":\"https:\/\/kueha.mw.tu-dresden.de\/de\/\"},{\"@type\":\"ListItem\",\"position\":2,\"name\":\"Entdecke-Logo\"}]},{\"@type\":\"WebSite\",\"@id\":\"https:\/\/kueha.mw.tu-dresden.de\/de\/#website\",\"url\":\"https:\/\/kueha.mw.tu-dresden.de\/de\/\",\"name\":\"KUEHA\",\"description\":\"KUEHA\",\"potentialAction\":[{\"@type\":\"SearchAction\",\"target\":{\"@type\":\"EntryPoint\",\"urlTemplate\":\"https:\/\/kueha.mw.tu-dresden.de\/de\/?s={search_term_string}\"},\"query-input\":{\"@type\":\"PropertyValueSpecification\",\"valueRequired\":true,\"valueName\":\"search_term_string\"}}],\"inLanguage\":\"de\"}]}<\/script>\n<!-- \/ Yoast SEO plugin. -->","yoast_head_json":{"title":"Entdecke-Logo - KUEHA","robots":{"index":"index","follow":"follow","max-snippet":"max-snippet:-1","max-image-preview":"max-image-preview:large","max-video-preview":"max-video-preview:-1"},"canonical":"https:\/\/kueha.mw.tu-dresden.de\/de\/entdecke-logo\/","og_locale":"de_DE","og_type":"article","og_title":"Entdecke-Logo - KUEHA","og_description":"Projektlogo &nbsp; Das Projektlogo repr\u00e4sentiert die wesentlichen Merkmale der Projektidee: Die Farbe Rot steht f\u00fcr Heizen und die Farbe Blau f\u00fcr K\u00fchlen. Der Name KUEHA leitet sich von &#8222;KUEhlen mit der vorhandenen Heizungs-Anlage ab&#8220;. Neben der Absenkung der Raumtemperatur erwarten wir die Ausbildung eines Kaltluftsees. Dies soll die blau eingef\u00e4rbte Spiegelung des Projektnamens transportieren. Die [&hellip;]","og_url":"https:\/\/kueha.mw.tu-dresden.de\/de\/entdecke-logo\/","og_site_name":"KUEHA","article_modified_time":"2020-09-29T06:44:54+00:00","og_image":[{"url":"https:\/\/kueha.mw.tu-dresden.de\/wp-content\/uploads\/KUEHA_Logo_512x512_browser_tab_icon-2.png","type":"","width":"","height":""}],"twitter_card":"summary_large_image","twitter_misc":{"Gesch\u00e4tzte Lesezeit":"1\u00a0Minute"},"schema":{"@context":"https:\/\/schema.org","@graph":[{"@type":"WebPage","@id":"https:\/\/kueha.mw.tu-dresden.de\/de\/entdecke-logo\/","url":"https:\/\/kueha.mw.tu-dresden.de\/de\/entdecke-logo\/","name":"Entdecke-Logo - KUEHA","isPartOf":{"@id":"https:\/\/kueha.mw.tu-dresden.de\/de\/#website"},"primaryImageOfPage":{"@id":"https:\/\/kueha.mw.tu-dresden.de\/de\/entdecke-logo\/#primaryimage"},"image":{"@id":"https:\/\/kueha.mw.tu-dresden.de\/de\/entdecke-logo\/#primaryimage"},"thumbnailUrl":"https:\/\/kueha.mw.tu-dresden.de\/wp-content\/uploads\/KUEHA_Logo_512x512_browser_tab_icon-2.png","datePublished":"2018-12-02T13:50:07+00:00","dateModified":"2020-09-29T06:44:54+00:00","breadcrumb":{"@id":"https:\/\/kueha.mw.tu-dresden.de\/de\/entdecke-logo\/#breadcrumb"},"inLanguage":"de","potentialAction":[{"@type":"ReadAction","target":["https:\/\/kueha.mw.tu-dresden.de\/de\/entdecke-logo\/"]}]},{"@type":"ImageObject","inLanguage":"de","@id":"https:\/\/kueha.mw.tu-dresden.de\/de\/entdecke-logo\/#primaryimage","url":"https:\/\/kueha.mw.tu-dresden.de\/wp-content\/uploads\/KUEHA_Logo_512x512_browser_tab_icon-2.png","contentUrl":"https:\/\/kueha.mw.tu-dresden.de\/wp-content\/uploads\/KUEHA_Logo_512x512_browser_tab_icon-2.png"},{"@type":"BreadcrumbList","@id":"https:\/\/kueha.mw.tu-dresden.de\/de\/entdecke-logo\/#breadcrumb","itemListElement":[{"@type":"ListItem","position":1,"name":"Home","item":"https:\/\/kueha.mw.tu-dresden.de\/de\/"},{"@type":"ListItem","position":2,"name":"Entdecke-Logo"}]},{"@type":"WebSite","@id":"https:\/\/kueha.mw.tu-dresden.de\/de\/#website","url":"https:\/\/kueha.mw.tu-dresden.de\/de\/","name":"KUEHA","description":"KUEHA","potentialAction":[{"@type":"SearchAction","target":{"@type":"EntryPoint","urlTemplate":"https:\/\/kueha.mw.tu-dresden.de\/de\/?s={search_term_string}"},"query-input":{"@type":"PropertyValueSpecification","valueRequired":true,"valueName":"search_term_string"}}],"inLanguage":"de"}]}},"_links":{"self":[{"href":"https:\/\/kueha.mw.tu-dresden.de\/de\/wp-json\/wp\/v2\/pages\/11609","targetHints":{"allow":["GET"]}}],"collection":[{"href":"https:\/\/kueha.mw.tu-dresden.de\/de\/wp-json\/wp\/v2\/pages"}],"about":[{"href":"https:\/\/kueha.mw.tu-dresden.de\/de\/wp-json\/wp\/v2\/types\/page"}],"author":[{"embeddable":true,"href":"https:\/\/kueha.mw.tu-dresden.de\/de\/wp-json\/wp\/v2\/users\/60"}],"replies":[{"embeddable":true,"href":"https:\/\/kueha.mw.tu-dresden.de\/de\/wp-json\/wp\/v2\/comments?post=11609"}],"version-history":[{"count":34,"href":"https:\/\/kueha.mw.tu-dresden.de\/de\/wp-json\/wp\/v2\/pages\/11609\/revisions"}],"predecessor-version":[{"id":12100,"href":"https:\/\/kueha.mw.tu-dresden.de\/de\/wp-json\/wp\/v2\/pages\/11609\/revisions\/12100"}],"wp:attachment":[{"href":"https:\/\/kueha.mw.tu-dresden.de\/de\/wp-json\/wp\/v2\/media?parent=11609"}],"curies":[{"name":"wp","href":"https:\/\/api.w.org\/{rel}","templated":true}]}}