{"id":11575,"date":"2018-12-01T17:04:27","date_gmt":"2018-12-01T17:04:27","guid":{"rendered":"https:\/\/kueha.mw.tu-dresden.de\/de\/?page_id=11575"},"modified":"2020-09-29T06:46:02","modified_gmt":"2020-09-29T06:46:02","slug":"radiator","status":"publish","type":"page","link":"https:\/\/kueha.mw.tu-dresden.de\/de\/entdecke-radiator\/","title":{"rendered":"Entdecke-Radiator"},"content":{"rendered":"<p><\/p>\n<h1><strong>Oberfl\u00e4chentemperatur Freier Heizfl\u00e4chen im K\u00fchlfall<\/strong><\/h1>\n<p>&nbsp;<\/p>\n<p>Bei Freien Heizfl\u00e4chen wird der Vorlauf des Heizmittels in den oberen Bereich der Heizfl\u00e4che eingeleitet. Dadurch, dass das einstr\u00f6mende w\u00e4rmere Vorlaufwasser das Bestreben hat, entgegen dem anstehendem Druckgef\u00e4lle zwischen Vor- und R\u00fccklauf aufzusteigen, wird eine gleichm\u00e4\u00dfige Temperierung der Heizfl\u00e4che erreicht. Im K\u00fchlfall w\u00fcrde das oben eintretende K\u00fchlmittel mit dem Druckgef\u00e4lle in Richtung R\u00fccklauf &#8222;fallen&#8220;. Es entsteht eine Kurzschlussstr\u00f6mung. Diese l\u00e4sst sich durch hinreichend hohe Massestr\u00f6me vermeiden. Eine weitere M\u00f6glichkeit zur Vermeidung einer Kurzschlussstr\u00f6mung ist die Umkehr der Durchstr\u00f6mungsrichtung einer Heizfl\u00e4che. Erste Messungen zeigen, dass Heizk\u00f6rper, bei denen die einzelnen Platten nacheinander durchstr\u00f6mt werden (serielle Durchstr\u00f6mung), auch bei kleinen Volumenstr\u00f6men ohne Str\u00f6mungsumkehr gleichm\u00e4\u00dfig gek\u00fchlt werden.<\/p>\n<p>&nbsp;<br \/>\n<img decoding=\"async\" src=\"https:\/\/kueha.mw.tu-dresden.de\/wp-content\/uploads\/KurzschlussHEM1.png\" alt=\"Radiator HEM Kurzschlussstr\u00f6mung1\" \/><\/p>\n<p>Thermografieaufnahme eines parallel durchstr\u00f6mten Radiators mit oberem Kaltwassereintritt. Der Radiator wird nur mit der H\u00e4lfte des Auslegungsvolumenstromes versorgt. Der zu geringe Volumenstrom f\u00fchrt zu einer Kurzschlussstr\u00f6mung. Dadurch wird nur ein kleiner Teil der Oberfl\u00e4che des Radiators thermisch wirksam. Erforderlich ist eine deutliche Anhebung des Volumenstroms oder die Umkehr der Durchstr\u00f6mungsrichtung des Radiators.<\/p>\n<p>&nbsp;<br \/>\n<img decoding=\"async\" src=\"https:\/\/kueha.mw.tu-dresden.de\/wp-content\/uploads\/KurzschlussHEM2.png\" alt=\"Radiator HEM Kurzschlussstr\u00f6mung2\" \/><\/p>\n<p>Die Thermografie zeigt eine Kurzschlussstr\u00f6mung welche sich in einem parallel durchstr\u00f6mten Radiator einstellt. Rechts ist die Einbausituation des Radiators abgebildet. Der Kaltwassereintritt erfolgt oben. Der Massestrom ist zu gering. Da nur ein kleiner Teil der Oberfl\u00e4che des Radiators thermisch wirksam ist, stellt sich keine Kaltluftf\u00f6rderung ein. Auf den Fu\u00dfboden wirkt eine starke solare W\u00e4rmebelastung, welche nicht kompensiert werden kann.<\/p>\n<p>&nbsp;<br \/>\n<div style=\"width: 750px;\" class=\"wp-video\"><!--[if lt IE 9]><script>document.createElement('video');<\/script><![endif]-->\n<video class=\"wp-video-shortcode\" id=\"video-11575-1\" width=\"750\" height=\"422\" preload=\"metadata\" controls=\"controls\"><source type=\"video\/mp4\" src=\"https:\/\/kueha.mw.tu-dresden.de\/wp-content\/uploads\/Mer302-K\u00fchlfallVLoP-gesamt-15fps1920x1080.mp4?_=1\" \/><a href=\"https:\/\/kueha.mw.tu-dresden.de\/wp-content\/uploads\/Mer302-K\u00fchlfallVLoP-gesamt-15fps1920x1080.mp4\">https:\/\/kueha.mw.tu-dresden.de\/wp-content\/uploads\/Mer302-K\u00fchlfallVLoP-gesamt-15fps1920x1080.mp4<\/a><\/video><\/div><\/p>\n<p>Das Video zeigt die Entwicklung der Temperaturverteilung in einem parallel durchstr\u00f6mten Radiator bei einem oberen Kaltwassereintritt. Durch die sich ausbildende Kurzschlussstr\u00f6mung ist die K\u00fchlwirkung minimal.<br \/>\nF\u00fcr eine vollfl\u00e4chige Durchstr\u00f6mung der Heizfl\u00e4che ist eine Str\u00f6mungsumkehr (Kaltwassereintritt unten) oder eine deutliche Erh\u00f6hung des Volumenstromes erforderlich.<\/p>\n<p>&nbsp;<br \/>\n<div style=\"width: 750px;\" class=\"wp-video\"><video class=\"wp-video-shortcode\" id=\"video-11575-2\" width=\"750\" height=\"422\" preload=\"metadata\" controls=\"controls\"><source type=\"video\/mp4\" src=\"https:\/\/kueha.mw.tu-dresden.de\/wp-content\/uploads\/Mer302-K\u00fchlfallVLu-gesamt-30fps1920x1080.mp4?_=2\" \/><a href=\"https:\/\/kueha.mw.tu-dresden.de\/wp-content\/uploads\/Mer302-K\u00fchlfallVLu-gesamt-30fps1920x1080.mp4\">https:\/\/kueha.mw.tu-dresden.de\/wp-content\/uploads\/Mer302-K\u00fchlfallVLu-gesamt-30fps1920x1080.mp4<\/a><\/video><\/div><\/p>\n<p>Das Video zeigt die Entwicklung der Temperaturverteilung in einem sequentiell durchstr\u00f6mten Radiator mit unterem Kaltwassereintritt. \u00c4hnlich wie bei einem parallel durchstr\u00f6mten Heizk\u00f6rper mit einem unteren Kaltwassereintritt wird dieser vollfl\u00e4chig gek\u00fchlt.<\/p>\n<p>&nbsp;<br \/>\n<div style=\"width: 750px;\" class=\"wp-video\"><video class=\"wp-video-shortcode\" id=\"video-11575-3\" width=\"750\" height=\"422\" preload=\"metadata\" controls=\"controls\"><source type=\"video\/mp4\" src=\"https:\/\/kueha.mw.tu-dresden.de\/wp-content\/uploads\/Mer302-K\u00fchlfallVLo-gesamt-15fps1920x1080.mp4?_=3\" \/><a href=\"https:\/\/kueha.mw.tu-dresden.de\/wp-content\/uploads\/Mer302-K\u00fchlfallVLo-gesamt-15fps1920x1080.mp4\">https:\/\/kueha.mw.tu-dresden.de\/wp-content\/uploads\/Mer302-K\u00fchlfallVLo-gesamt-15fps1920x1080.mp4<\/a><\/video><\/div><\/p>\n<p>Bei einem seriell durchstr\u00f6mten Radiator wurde auch bei oberem Kaltwassereintritt eine durchg\u00e4ngige Aktivierung beobachtet. Die dabei auftretende zeitliche Verz\u00f6gerung ist nicht relevant, da das Konzept der K\u00fchlung \u00fcber Freie Heizfl\u00e4chen von einem durchg\u00e4ngigen K\u00fchlbetrieb ausgeht. Wenn die \u00dcbertragbarkeit des Ergebnisses gegeben ist, kann bei seriell durchstr\u00f6mten Radiatoren im K\u00fchlfall auf eine Umkehr der Str\u00f6mungsrichtung verzichtet werden.<\/p>\n<p>&nbsp;<br \/>\n<a href=\"https:\/\/kueha.mw.tu-dresden.de\/de\/entdecke\/\">zur\u00fcck<\/a><\/p>","protected":false},"excerpt":{"rendered":"<p>Oberfl\u00e4chentemperatur Freier Heizfl\u00e4chen im K\u00fchlfall &nbsp; Bei Freien Heizfl\u00e4chen wird der Vorlauf des Heizmittels in den oberen Bereich der Heizfl\u00e4che eingeleitet. Dadurch, dass das einstr\u00f6mende w\u00e4rmere Vorlaufwasser das Bestreben hat, entgegen dem anstehendem Druckgef\u00e4lle zwischen Vor- und R\u00fccklauf aufzusteigen, wird eine gleichm\u00e4\u00dfige Temperierung der Heizfl\u00e4che erreicht. Im K\u00fchlfall w\u00fcrde das oben eintretende K\u00fchlmittel mit dem [&hellip;]<\/p>\n","protected":false},"author":60,"featured_media":0,"parent":0,"menu_order":0,"comment_status":"closed","ping_status":"closed","template":"","meta":{"footnotes":""},"class_list":["post-11575","page","type-page","status-publish","hentry"],"yoast_head":"<!-- This site is optimized with the Yoast SEO plugin v25.9 - https:\/\/yoast.com\/wordpress\/plugins\/seo\/ -->\n<title>Entdecke-Radiator - KUEHA<\/title>\n<meta name=\"robots\" content=\"index, follow, max-snippet:-1, max-image-preview:large, max-video-preview:-1\" \/>\n<link rel=\"canonical\" href=\"https:\/\/kueha.mw.tu-dresden.de\/de\/entdecke-radiator\/\" \/>\n<meta property=\"og:locale\" content=\"de_DE\" \/>\n<meta property=\"og:type\" content=\"article\" \/>\n<meta property=\"og:title\" content=\"Entdecke-Radiator - KUEHA\" \/>\n<meta property=\"og:description\" content=\"Oberfl\u00e4chentemperatur Freier Heizfl\u00e4chen im K\u00fchlfall &nbsp; Bei Freien Heizfl\u00e4chen wird der Vorlauf des Heizmittels in den oberen Bereich der Heizfl\u00e4che eingeleitet. Dadurch, dass das einstr\u00f6mende w\u00e4rmere Vorlaufwasser das Bestreben hat, entgegen dem anstehendem Druckgef\u00e4lle zwischen Vor- und R\u00fccklauf aufzusteigen, wird eine gleichm\u00e4\u00dfige Temperierung der Heizfl\u00e4che erreicht. Im K\u00fchlfall w\u00fcrde das oben eintretende K\u00fchlmittel mit dem [&hellip;]\" \/>\n<meta property=\"og:url\" content=\"https:\/\/kueha.mw.tu-dresden.de\/de\/entdecke-radiator\/\" \/>\n<meta property=\"og:site_name\" content=\"KUEHA\" \/>\n<meta property=\"article:modified_time\" content=\"2020-09-29T06:46:02+00:00\" \/>\n<meta property=\"og:image\" content=\"https:\/\/kueha.mw.tu-dresden.de\/wp-content\/uploads\/KurzschlussHEM1.png\" \/>\n<meta name=\"twitter:card\" content=\"summary_large_image\" \/>\n<meta name=\"twitter:label1\" content=\"Gesch\u00e4tzte Lesezeit\" \/>\n\t<meta name=\"twitter:data1\" content=\"5\u00a0Minuten\" \/>\n<script type=\"application\/ld+json\" class=\"yoast-schema-graph\">{\"@context\":\"https:\/\/schema.org\",\"@graph\":[{\"@type\":\"WebPage\",\"@id\":\"https:\/\/kueha.mw.tu-dresden.de\/de\/entdecke-radiator\/\",\"url\":\"https:\/\/kueha.mw.tu-dresden.de\/de\/entdecke-radiator\/\",\"name\":\"Entdecke-Radiator - KUEHA\",\"isPartOf\":{\"@id\":\"https:\/\/kueha.mw.tu-dresden.de\/de\/#website\"},\"primaryImageOfPage\":{\"@id\":\"https:\/\/kueha.mw.tu-dresden.de\/de\/entdecke-radiator\/#primaryimage\"},\"image\":{\"@id\":\"https:\/\/kueha.mw.tu-dresden.de\/de\/entdecke-radiator\/#primaryimage\"},\"thumbnailUrl\":\"https:\/\/kueha.mw.tu-dresden.de\/wp-content\/uploads\/KurzschlussHEM1.png\",\"datePublished\":\"2018-12-01T17:04:27+00:00\",\"dateModified\":\"2020-09-29T06:46:02+00:00\",\"breadcrumb\":{\"@id\":\"https:\/\/kueha.mw.tu-dresden.de\/de\/entdecke-radiator\/#breadcrumb\"},\"inLanguage\":\"de\",\"potentialAction\":[{\"@type\":\"ReadAction\",\"target\":[\"https:\/\/kueha.mw.tu-dresden.de\/de\/entdecke-radiator\/\"]}]},{\"@type\":\"ImageObject\",\"inLanguage\":\"de\",\"@id\":\"https:\/\/kueha.mw.tu-dresden.de\/de\/entdecke-radiator\/#primaryimage\",\"url\":\"https:\/\/kueha.mw.tu-dresden.de\/wp-content\/uploads\/KurzschlussHEM1.png\",\"contentUrl\":\"https:\/\/kueha.mw.tu-dresden.de\/wp-content\/uploads\/KurzschlussHEM1.png\"},{\"@type\":\"BreadcrumbList\",\"@id\":\"https:\/\/kueha.mw.tu-dresden.de\/de\/entdecke-radiator\/#breadcrumb\",\"itemListElement\":[{\"@type\":\"ListItem\",\"position\":1,\"name\":\"Home\",\"item\":\"https:\/\/kueha.mw.tu-dresden.de\/de\/\"},{\"@type\":\"ListItem\",\"position\":2,\"name\":\"Entdecke-Radiator\"}]},{\"@type\":\"WebSite\",\"@id\":\"https:\/\/kueha.mw.tu-dresden.de\/de\/#website\",\"url\":\"https:\/\/kueha.mw.tu-dresden.de\/de\/\",\"name\":\"KUEHA\",\"description\":\"KUEHA\",\"potentialAction\":[{\"@type\":\"SearchAction\",\"target\":{\"@type\":\"EntryPoint\",\"urlTemplate\":\"https:\/\/kueha.mw.tu-dresden.de\/de\/?s={search_term_string}\"},\"query-input\":{\"@type\":\"PropertyValueSpecification\",\"valueRequired\":true,\"valueName\":\"search_term_string\"}}],\"inLanguage\":\"de\"}]}<\/script>\n<!-- \/ Yoast SEO plugin. -->","yoast_head_json":{"title":"Entdecke-Radiator - KUEHA","robots":{"index":"index","follow":"follow","max-snippet":"max-snippet:-1","max-image-preview":"max-image-preview:large","max-video-preview":"max-video-preview:-1"},"canonical":"https:\/\/kueha.mw.tu-dresden.de\/de\/entdecke-radiator\/","og_locale":"de_DE","og_type":"article","og_title":"Entdecke-Radiator - KUEHA","og_description":"Oberfl\u00e4chentemperatur Freier Heizfl\u00e4chen im K\u00fchlfall &nbsp; Bei Freien Heizfl\u00e4chen wird der Vorlauf des Heizmittels in den oberen Bereich der Heizfl\u00e4che eingeleitet. Dadurch, dass das einstr\u00f6mende w\u00e4rmere Vorlaufwasser das Bestreben hat, entgegen dem anstehendem Druckgef\u00e4lle zwischen Vor- und R\u00fccklauf aufzusteigen, wird eine gleichm\u00e4\u00dfige Temperierung der Heizfl\u00e4che erreicht. Im K\u00fchlfall w\u00fcrde das oben eintretende K\u00fchlmittel mit dem [&hellip;]","og_url":"https:\/\/kueha.mw.tu-dresden.de\/de\/entdecke-radiator\/","og_site_name":"KUEHA","article_modified_time":"2020-09-29T06:46:02+00:00","og_image":[{"url":"https:\/\/kueha.mw.tu-dresden.de\/wp-content\/uploads\/KurzschlussHEM1.png","type":"","width":"","height":""}],"twitter_card":"summary_large_image","twitter_misc":{"Gesch\u00e4tzte Lesezeit":"5\u00a0Minuten"},"schema":{"@context":"https:\/\/schema.org","@graph":[{"@type":"WebPage","@id":"https:\/\/kueha.mw.tu-dresden.de\/de\/entdecke-radiator\/","url":"https:\/\/kueha.mw.tu-dresden.de\/de\/entdecke-radiator\/","name":"Entdecke-Radiator - KUEHA","isPartOf":{"@id":"https:\/\/kueha.mw.tu-dresden.de\/de\/#website"},"primaryImageOfPage":{"@id":"https:\/\/kueha.mw.tu-dresden.de\/de\/entdecke-radiator\/#primaryimage"},"image":{"@id":"https:\/\/kueha.mw.tu-dresden.de\/de\/entdecke-radiator\/#primaryimage"},"thumbnailUrl":"https:\/\/kueha.mw.tu-dresden.de\/wp-content\/uploads\/KurzschlussHEM1.png","datePublished":"2018-12-01T17:04:27+00:00","dateModified":"2020-09-29T06:46:02+00:00","breadcrumb":{"@id":"https:\/\/kueha.mw.tu-dresden.de\/de\/entdecke-radiator\/#breadcrumb"},"inLanguage":"de","potentialAction":[{"@type":"ReadAction","target":["https:\/\/kueha.mw.tu-dresden.de\/de\/entdecke-radiator\/"]}]},{"@type":"ImageObject","inLanguage":"de","@id":"https:\/\/kueha.mw.tu-dresden.de\/de\/entdecke-radiator\/#primaryimage","url":"https:\/\/kueha.mw.tu-dresden.de\/wp-content\/uploads\/KurzschlussHEM1.png","contentUrl":"https:\/\/kueha.mw.tu-dresden.de\/wp-content\/uploads\/KurzschlussHEM1.png"},{"@type":"BreadcrumbList","@id":"https:\/\/kueha.mw.tu-dresden.de\/de\/entdecke-radiator\/#breadcrumb","itemListElement":[{"@type":"ListItem","position":1,"name":"Home","item":"https:\/\/kueha.mw.tu-dresden.de\/de\/"},{"@type":"ListItem","position":2,"name":"Entdecke-Radiator"}]},{"@type":"WebSite","@id":"https:\/\/kueha.mw.tu-dresden.de\/de\/#website","url":"https:\/\/kueha.mw.tu-dresden.de\/de\/","name":"KUEHA","description":"KUEHA","potentialAction":[{"@type":"SearchAction","target":{"@type":"EntryPoint","urlTemplate":"https:\/\/kueha.mw.tu-dresden.de\/de\/?s={search_term_string}"},"query-input":{"@type":"PropertyValueSpecification","valueRequired":true,"valueName":"search_term_string"}}],"inLanguage":"de"}]}},"_links":{"self":[{"href":"https:\/\/kueha.mw.tu-dresden.de\/de\/wp-json\/wp\/v2\/pages\/11575","targetHints":{"allow":["GET"]}}],"collection":[{"href":"https:\/\/kueha.mw.tu-dresden.de\/de\/wp-json\/wp\/v2\/pages"}],"about":[{"href":"https:\/\/kueha.mw.tu-dresden.de\/de\/wp-json\/wp\/v2\/types\/page"}],"author":[{"embeddable":true,"href":"https:\/\/kueha.mw.tu-dresden.de\/de\/wp-json\/wp\/v2\/users\/60"}],"replies":[{"embeddable":true,"href":"https:\/\/kueha.mw.tu-dresden.de\/de\/wp-json\/wp\/v2\/comments?post=11575"}],"version-history":[{"count":48,"href":"https:\/\/kueha.mw.tu-dresden.de\/de\/wp-json\/wp\/v2\/pages\/11575\/revisions"}],"predecessor-version":[{"id":12101,"href":"https:\/\/kueha.mw.tu-dresden.de\/de\/wp-json\/wp\/v2\/pages\/11575\/revisions\/12101"}],"wp:attachment":[{"href":"https:\/\/kueha.mw.tu-dresden.de\/de\/wp-json\/wp\/v2\/media?parent=11575"}],"curies":[{"name":"wp","href":"https:\/\/api.w.org\/{rel}","templated":true}]}}