{"id":11085,"date":"2018-11-07T15:11:09","date_gmt":"2018-11-07T15:11:09","guid":{"rendered":"https:\/\/kueha.mw.tu-dresden.de\/de\/?page_id=11085"},"modified":"2021-10-12T17:04:31","modified_gmt":"2021-10-12T17:04:31","slug":"fachbeitraege","status":"publish","type":"page","link":"https:\/\/kueha.mw.tu-dresden.de\/de\/fachbeitraege\/","title":{"rendered":"Fachbeitr\u00e4ge"},"content":{"rendered":"<p><\/p>\n<h1><strong>Fachbeitr\u00e4ge &#8211; Ergebnisse, Erfahrungen, Ideen<\/strong><\/h1>\n<p>&nbsp;<\/p>\n<h3><strong>Ank\u00fcndigung: Unser Beitrag zur DKV-Tagung 2021<\/strong><\/h3>\n<p><img loading=\"lazy\" decoding=\"async\" class=\"alignnone wp-image-12220\" src=\"https:\/\/kueha.mw.tu-dresden.de\/wp-content\/uploads\/DKV-2021.png\" alt=\"\" width=\"766\" height=\"429\" \/><\/p>\n<p><strong><em> &#8222;<\/em>KUEHA &#8211; K\u00fchlen mit der vorhandenen Heizungsanlage<br \/>\n<em> Teil 2: K\u00fchlwirkung in Bestandsgeb\u00e4uden&#8220;<\/em><\/strong><br \/>\nDeutsche K\u00e4lte- und Klimatagung 2021 (DKV-Tagung)<\/p>\n<p>&nbsp;<\/p>\n<h3><strong>6. Oktober 2021: Verleihung des Dachs-Award 2020<br \/>\n<\/strong><\/h3>\n<p><img loading=\"lazy\" decoding=\"async\" class=\"alignnone wp-image-12220\" src=\"https:\/\/kueha.mw.tu-dresden.de\/wp-content\/uploads\/Dachs-Award-2020.png\" alt=\"\" width=\"705\" height=\"720\" \/><\/p>\n<p>Unser <em><a href=\"https:\/\/kueha.mw.tu-dresden.de\/de\/personen\/\">Team<\/a><\/em> hat sich zusammen mit unserem <em><a href=\"https:\/\/kueha.mw.tu-dresden.de\/de\/institutionen\/\">Projektpartner<\/a><\/em>, der <a href=\"https:\/\/www.ohraenergie.de\"><em>Ohra Energie GmbH<\/em><\/a>, f\u00fcr den DACHS-AWARD in der Kategorie &#8222;Gewerbe&#8220; beworben. Insgesamt wurden von der <a href=\"https:\/\/kueha.mw.tu-dresden.de\/wp-content\/uploads\/DachsAwardJury.png\"><em>Jury<\/em><\/a> mehr als \u00a060 Bewerbungen f\u00fcr in 2020 realisierte Anlagen bewertet. In der Kategorie &#8222;Gewerbe&#8220; hat sich unsere L\u00f6sung <a href=\"https:\/\/kueha.mw.tu-dresden.de\/wp-content\/uploads\/DachsAward2020-OhraEnergie-TUD.pdf\"><em>Mit der Ertragsmaximierung des DACHS zu einem ganzj\u00e4hrig angenehmen Raumklima<\/em><\/a>\u00a0unter 30 Mitbewerbern durchgesetzt. Den <em><a href=\"https:\/\/kueha.mw.tu-dresden.de\/wp-content\/uploads\/DachsAwardVerleihung.png\">Preis<\/a><\/em> konnten wir am Stammsitz der <em><a href=\"https:\/\/www.senertec.de\">SenerTec Kraft-W\u00e4rme-Energiesysteme GmbH<\/a><\/em> entgegennehmen. W\u00e4hrend einer <em><a href=\"https:\/\/kueha.mw.tu-dresden.de\/wp-content\/uploads\/DachsAwardFertigung.png\">Besichtigung der Fertigung<\/a><\/em> wurden uns die Qualit\u00e4tsmerkmale der Produkte von SenerTec sehr anschaulich demonstriert.<\/p>\n<h3><\/h3>\n<p>&nbsp;<\/p>\n<h3><strong>1. Oktober 2021: Start Phase II<\/strong><\/h3>\n<p><img loading=\"lazy\" decoding=\"async\" class=\"alignnone size-medium wp-image-12302\" src=\"https:\/\/kueha.mw.tu-dresden.de\/wp-content\/uploads\/KuehaSystemStart-300x409.png\" alt=\"\" width=\"450\" height=\"614\" srcset=\"https:\/\/kueha.mw.tu-dresden.de\/wp-content\/uploads\/KuehaSystemStart-300x409.png 300w, https:\/\/kueha.mw.tu-dresden.de\/wp-content\/uploads\/KuehaSystemStart-150x205.png 150w, https:\/\/kueha.mw.tu-dresden.de\/wp-content\/uploads\/KuehaSystemStart-768x1048.png 768w, https:\/\/kueha.mw.tu-dresden.de\/wp-content\/uploads\/KuehaSystemStart.png 772w\" sizes=\"auto, (max-width: 450px) 100vw, 450px\" \/><\/p>\n<p>Mit der Unterst\u00fctzung des <a href=\"https:\/\/www.ptj.de\"><em>Projekttr\u00e4ger J\u00fclich<\/em><\/a> und einer F\u00f6rderung durch das <em><a href=\"https:\/\/www.bmwi.de\">BMWi<\/a><\/em>\u00a0startet unser Verbundprojekt mit weiteren Praxispartnern in Richtung der Realisierung zus\u00e4tzlicher und deutlich gr\u00f6\u00dferer Demonstrationsvorhaben im Bereich der Bestandsgeb\u00e4ude mit neuen Produkten und Regelstrategien. Hierbei haben wir die Optimierung des ganzj\u00e4hrigen Anlagenbetriebes im Blick.<\/p>\n<p>&nbsp;<\/p>\n<p>&nbsp;<\/p>\n<p><img loading=\"lazy\" decoding=\"async\" class=\"alignnone wp-image-12242 \" src=\"https:\/\/kueha.mw.tu-dresden.de\/wp-content\/uploads\/Schlussbericht.png\" alt=\"\" width=\"770\" height=\"533\" \/><\/p>\n<p><a href=\"https:\/\/kueha.mw.tu-dresden.de\/wp-content\/uploads\/InhaltUndLit-Schlussbericht-03ET1461A-opt.pdf\"><em>EnOB: KUEHA &#8211; Erprobung und Demonstration einer neuartigen Systeml\u00f6sung zur sommerlichen Raumk\u00fchlung unter besonderer Ber\u00fccksichtigung von Energieeffizienz und Praxistauglichkeit<\/em><\/a><\/p>\n<p>Schlussbericht, Juli 2021<\/p>\n<p>&nbsp;<\/p>\n<p><img loading=\"lazy\" decoding=\"async\" class=\"alignnone wp-image-12242 \" src=\"https:\/\/kueha.mw.tu-dresden.de\/wp-content\/uploads\/HLH-03-2021.png\" alt=\"\" width=\"618\" height=\"533\" \/><\/p>\n<p><em>&#8222;K\u00fchlen im Geb\u00e4udebestand &#8211; Kann die vorhandene Heizungsanlage zur sommerlichen Raumk\u00fchlung genutzt werden?&#8220;<\/em><\/p>\n<p>HLH 03 | 2021<\/p>\n<p>&nbsp;<\/p>\n<p><img loading=\"lazy\" decoding=\"async\" class=\"alignnone wp-image-12242 \" src=\"https:\/\/kueha.mw.tu-dresden.de\/wp-content\/uploads\/TGA-Kongress-2020-1-300x168.png\" alt=\"\" width=\"764\" height=\"428\" srcset=\"https:\/\/kueha.mw.tu-dresden.de\/wp-content\/uploads\/TGA-Kongress-2020-1-300x168.png 300w, https:\/\/kueha.mw.tu-dresden.de\/wp-content\/uploads\/TGA-Kongress-2020-1-1024x574.png 1024w, https:\/\/kueha.mw.tu-dresden.de\/wp-content\/uploads\/TGA-Kongress-2020-1-150x84.png 150w, https:\/\/kueha.mw.tu-dresden.de\/wp-content\/uploads\/TGA-Kongress-2020-1-768x431.png 768w, https:\/\/kueha.mw.tu-dresden.de\/wp-content\/uploads\/TGA-Kongress-2020-1-1536x862.png 1536w, https:\/\/kueha.mw.tu-dresden.de\/wp-content\/uploads\/TGA-Kongress-2020-1-2048x1149.png 2048w\" sizes=\"auto, (max-width: 764px) 100vw, 764px\" \/><\/p>\n<p><a href=\"https:\/\/kueha.mw.tu-dresden.de\/de\/fachbeitraege\/tga_kueha_arendt\/\"><em>KUEHA: K\u00fchlen mit der vorhandenen Heizungsanlage &#8211; Ergebnisse der Wirkung gek\u00fchlter Heizfl\u00e4chen im Raum<\/em><\/a><br \/>\nTGA-Kongress 2020 &#8211; Berlin, 28.\/29. Januar 2021<\/p>\n<p>&nbsp;<\/p>\n<p><img loading=\"lazy\" decoding=\"async\" class=\"alignnone wp-image-12220\" src=\"https:\/\/kueha.mw.tu-dresden.de\/wp-content\/uploads\/DKV-2020-300x168.png\" alt=\"\" width=\"766\" height=\"429\" srcset=\"https:\/\/kueha.mw.tu-dresden.de\/wp-content\/uploads\/DKV-2020-300x168.png 300w, https:\/\/kueha.mw.tu-dresden.de\/wp-content\/uploads\/DKV-2020-1024x574.png 1024w, https:\/\/kueha.mw.tu-dresden.de\/wp-content\/uploads\/DKV-2020-150x84.png 150w, https:\/\/kueha.mw.tu-dresden.de\/wp-content\/uploads\/DKV-2020-768x430.png 768w, https:\/\/kueha.mw.tu-dresden.de\/wp-content\/uploads\/DKV-2020-1536x861.png 1536w, https:\/\/kueha.mw.tu-dresden.de\/wp-content\/uploads\/DKV-2020-2048x1147.png 2048w\" sizes=\"auto, (max-width: 766px) 100vw, 766px\" \/><\/p>\n<p><a href=\"https:\/\/kueha.mw.tu-dresden.de\/wp-content\/uploads\/2020-DKV-KUEHA-Arendt.pdf\"><em>KUEHA &#8211; K\u00fchlen mit der vorhandenen Heizungsanlage<\/em><\/a><br \/>\nDeutsche K\u00e4lte- und Klimatagung 2020 (DKV-Tagung)<\/p>\n<p>&nbsp;<\/p>\n<p><img loading=\"lazy\" decoding=\"async\" class=\"alignnone wp-image-12215\" src=\"https:\/\/kueha.mw.tu-dresden.de\/wp-content\/uploads\/IKZ-09-2020-300x419.png\" alt=\"\" width=\"403\" height=\"562\" srcset=\"https:\/\/kueha.mw.tu-dresden.de\/wp-content\/uploads\/IKZ-09-2020-300x419.png 300w, https:\/\/kueha.mw.tu-dresden.de\/wp-content\/uploads\/IKZ-09-2020-150x210.png 150w, https:\/\/kueha.mw.tu-dresden.de\/wp-content\/uploads\/IKZ-09-2020-768x1073.png 768w, https:\/\/kueha.mw.tu-dresden.de\/wp-content\/uploads\/IKZ-09-2020.png 952w\" sizes=\"auto, (max-width: 403px) 100vw, 403px\" \/><br \/>\n<a href=\"https:\/\/kueha.mw.tu-dresden.de\/de\/kuehlen-mit-heizungsanlagen_mit-nachgefragt\/\"><em>K\u00fchlen mit (Bestands-)Heizungsanlagen<\/em><\/a><br \/>\nIKZ-Fachplaner September 2020<\/p>\n<p>&nbsp;<\/p>\n<p><img loading=\"lazy\" decoding=\"async\" class=\"alignnone wp-image-12206\" src=\"https:\/\/kueha.mw.tu-dresden.de\/wp-content\/uploads\/PtJ-ZwBericht3-300x212.png\" alt=\"\" width=\"754\" height=\"533\" srcset=\"https:\/\/kueha.mw.tu-dresden.de\/wp-content\/uploads\/PtJ-ZwBericht3-300x212.png 300w, https:\/\/kueha.mw.tu-dresden.de\/wp-content\/uploads\/PtJ-ZwBericht3-1024x722.png 1024w, https:\/\/kueha.mw.tu-dresden.de\/wp-content\/uploads\/PtJ-ZwBericht3-150x106.png 150w, https:\/\/kueha.mw.tu-dresden.de\/wp-content\/uploads\/PtJ-ZwBericht3-1536x1083.png 1536w, https:\/\/kueha.mw.tu-dresden.de\/wp-content\/uploads\/PtJ-ZwBericht3.png 1546w\" sizes=\"auto, (max-width: 754px) 100vw, 754px\" \/><\/p>\n<p><a href=\"https:\/\/kueha.mw.tu-dresden.de\/wp-content\/uploads\/3-InhaltUndLit-Zwischenbericht3-03ET1461A-opt.pdf\"><em>EnOB: KUEHA &#8211; Erprobung und Demonstration einer neuartigen Systeml\u00f6sung zur sommerlichen Raumk\u00fchlung unter besonderer Ber\u00fccksichtigung von Energieeffizienz und Praxistauglichkeit<\/em><\/a><\/p>\n<p>Dritter Zwischenbericht, April 2020<\/p>\n<p>&nbsp;<\/p>\n<p><img decoding=\"async\" class=\"alignnone size-full wp-image-10654\" src=\"https:\/\/kueha.mw.tu-dresden.de\/wp-content\/uploads\/HRC2020-KUEHA-Arendt-Titelfolie.png \" alt=\"\" width=\"783.75\" height=\"440.86\" \/><br \/>\nTemperierungseffekt gek\u00fchlter Heizfl\u00e4chen im Raum<br \/>\nVortrag zum 19. Hermann-Rietschel-Colloquium, Hirschegg (A), M\u00e4rz 2020<br \/>\n<br class=\"clear\" \/><br class=\"clear\" \/><\/p>\n<p>&nbsp;<\/p>\n<p><img decoding=\"async\" class=\"alignnone size-full wp-image-10654\" src=\"https:\/\/kueha.mw.tu-dresden.de\/wp-content\/uploads\/Titelblatt_EnInnov.png \" alt=\"\" width=\"783.75\" height=\"440.86\" \/><br \/>\n<a href=\"https:\/\/www.tugraz.at\/fileadmin\/user_upload\/tugrazExternal\/4778f047-2e50-4e9e-b72d-e5af373f95a4\/files\/pr\/Session_G2\/722_PR_Kremonke.pdf\"><em>KUEHA \u2013 Raumk\u00fchlung \u00fcber die vorhandene Heizungsanlage unter Nutzung regenerativer Energiequellen (Vortrag)<\/em><\/a><br \/>\n<a href=\"https:\/\/www.tugraz.at\/fileadmin\/user_upload\/tugrazExternal\/4778f047-2e50-4e9e-b72d-e5af373f95a4\/files\/lf\/Session_G2\/722_LF_Kremonke.pdf\"><em>KUEHA \u2013 Raumk\u00fchlung \u00fcber die vorhandene Heizungsanlage unter Nutzung regenerativer Energiequellen (Langfassung) <\/em><\/a><br \/>\nVortrag zum 16. Symposium Energieinnvoation EnInnov2020 &#8222;ENERGY FOR FUTRUE &#8211; Wege zur Klimaneutralit\u00e4t&#8220;, 12.-14. Februar 2020<br \/>\n<br class=\"clear\" \/><br class=\"clear\" \/><\/p>\n<p>&nbsp;<\/p>\n<p><img loading=\"lazy\" decoding=\"async\" class=\"alignnone size-full wp-image-10654\" src=\"https:\/\/kueha.mw.tu-dresden.de\/wp-content\/uploads\/Titelfolie.png \" alt=\"\" width=\"540\" height=\"440\" \/><br \/>\n<a href=\"https:\/\/kueha.mw.tu-dresden.de\/wp-content\/uploads\/2019_05_28_Fachsymposium-Mannheim.pdf\"><em>Ganzj\u00e4hrige Optimierung von Heizungssystemen<\/em><\/a><br \/>\nVortrag zum Fachsymposium &#8222;Effiziente Heizungsoptimierung&#8220;, 28. Mai 2019<br \/>\n<br class=\"clear\" \/><br class=\"clear\" \/><\/p>\n<p>&nbsp;<\/p>\n<p><img loading=\"lazy\" decoding=\"async\" class=\"alignnone size-full wp-image-10654\" src=\"https:\/\/kueha.mw.tu-dresden.de\/wp-content\/uploads\/Titelblatt_2_Zwischenbericht.png \" alt=\"\" width=\"660\" height=\"467\" \/><br \/>\n<a href=\"https:\/\/kueha.mw.tu-dresden.de\/wp-content\/uploads\/InhaltUndLit-Zwischenbericht-2-03ET1461A-opt.pdf\"><em>EnOB: KUEHA &#8211; Erprobung und Demonstration einer neuartigen Systeml\u00f6sung zur sommerlichen Raumk\u00fchlung unter besonderer Ber\u00fccksichtigung von Energieeffizienz und Praxistauglichkeit<\/em><\/a><br \/>\nZweiter Zwischenbereicht, April 2019<br \/>\n<br class=\"clear\" \/><br class=\"clear\" \/><\/p>\n<p>&nbsp;<\/p>\n<p><img decoding=\"async\" class=\"alignnone size-full wp-image-10654\" src=\"https:\/\/kueha.mw.tu-dresden.de\/wp-content\/uploads\/PJLT-11-2018-1653x928.png \" alt=\"\" width=\"783.75\" height=\"440\" \/><br \/>\n<a href=\"https:\/\/kueha.mw.tu-dresden.de\/wp-content\/uploads\/Praxisbericht_KUEHA.pdf\"><em>Praxisbericht IV: KUEHA<\/em><\/a><br \/>\nVortrag zum 5. Projektleitertreffen <a href=\"https:\/\/projektinfos.energiewendebauen.de\">ENERGIEWENDEBAUEN<\/a><br \/>\n&#8222;K\u00e4lte und K\u00fchlung &#8211; aktive und passive Konzepte&#8220;, November 2018<br \/>\n<br class=\"clear\" \/><br class=\"clear\" \/><\/p>\n<p>&nbsp;<\/p>\n<p><img decoding=\"async\" class=\"alignnone size-full wp-image-10654\" src=\"https:\/\/kueha.mw.tu-dresden.de\/wp-content\/uploads\/RJ-02-2018-624x883.png\" alt=\"\" width=\"312\" height=\"441.5\" \/><img decoding=\"async\" class=\"alignnone size-full wp-image-10654\" src=\"https:\/\/kueha.mw.tu-dresden.de\/wp-content\/uploads\/RJ-02-2018-rechts-625x884.png\" alt=\"\" width=\"312.5\" height=\"442\" \/><br \/>\n<a href=\"https:\/\/www.rehva.eu\/fileadmin\/REHVA_Journal\/REHVA_Journal_2018\/RJ2\/RJ1802_WEB.pdf\" target=\"_blank\" rel=\"noopener noreferrer\"><em>The KUEHA project &#8211; A new solution for space cooling during summer<\/em><\/a><br \/>\nThe REHVA European HVAC Journal, Volume 55, Issue: 2, April 2018<br \/>\n<br class=\"clear\" \/><br class=\"clear\" \/><\/p>\n<p>&nbsp;<\/p>\n<p><img decoding=\"async\" class=\"alignnone size-full wp-image-10654\" src=\"https:\/\/kueha.mw.tu-dresden.de\/wp-content\/uploads\/Haustech-04-2018-619x881.png\" alt=\"\" width=\"309.5\" height=\"440.5\" \/><img decoding=\"async\" class=\"alignnone size-full wp-image-10654\" src=\"https:\/\/kueha.mw.tu-dresden.de\/wp-content\/uploads\/Haustech-04-2018-rechts-618x879.png\" alt=\"\" width=\"309\" height=\"439.5\" \/><br \/>\n<a href=\"https:\/\/kueha.mw.tu-dresden.de\/wp-content\/uploads\/HT04_Raumk\u00fchlung.pdf\" target=\"_blank\" rel=\"noopener noreferrer\"><em>Die Heizung als K\u00fchlger\u00e4t<\/em><\/a><br \/>\n<a href=\"https:\/\/www.fachtitel.ch\/\">HAUSTECH &#8211; Magazin f\u00fcr vernetztes Bauen, Heft 4 (2018)<\/a><br \/>\n<br class=\"clear\" \/><br class=\"clear\" \/><\/p>\n<p>&nbsp;<\/p>\n<p><img decoding=\"async\" class=\"alignnone size-full wp-image-10654\" src=\"https:\/\/kueha.mw.tu-dresden.de\/wp-content\/uploads\/HRC-2018-1173x880.png\" alt=\"\" width=\"553.6\" height=\"440\" \/><br \/>\nProjekt \u201eKUEHA\u201c \u2013 K\u00fchlen mit der Heizungsanlage<br \/>\nVortrag zum 18. Hermann-Rietschel-Colloquium, Hirschegg (A), M\u00e4rz 2018<br \/>\n<br class=\"clear\" \/><br class=\"clear\" \/><\/p>\n<p>&nbsp;<\/p>\n<p><img decoding=\"async\" class=\"alignnone size-full wp-image-10654\" src=\"https:\/\/kueha.mw.tu-dresden.de\/wp-content\/uploads\/gi-02-2018-618x879.png\" alt=\"\" width=\"309\" height=\"439.5\" \/><img decoding=\"async\" class=\"alignnone size-full wp-image-10654\" src=\"https:\/\/kueha.mw.tu-dresden.de\/wp-content\/uploads\/gi-02-2018-rechts-619x880.png\" alt=\"\" width=\"309.5\" height=\"440\" \/><br \/>\n<a href=\"https:\/\/kueha.mw.tu-dresden.de\/wp-content\/uploads\/GI_02_2018_FW_Kremonke.pdf\" target=\"_blank\" rel=\"noopener noreferrer\"><em>Entwicklung eines vernetzten Systems zur Erfassung, Visualisierung und Auswertung von Messdaten sowie zur Ansteuerung von Aktoren &#8211; Teil 1<\/em><\/a><br \/>\n<a href=\"https:\/\/www.recknagel-online.de\/wissen\/gi\/\" target=\"_blank\" rel=\"noopener noreferrer\">G|I Geb\u00e4udetechnik in Wissenschaft &amp; Praxis <\/a>139 (2018), Heft 2<br \/>\n<br class=\"clear\" \/><br class=\"clear\" \/><\/p>\n<p>&nbsp;<\/p>\n<p><img decoding=\"async\" class=\"alignnone size-full wp-image-10654\" src=\"https:\/\/kueha.mw.tu-dresden.de\/wp-content\/uploads\/gi-03-2017-624x883.png\" alt=\"\" width=\"312\" height=\"441.5\" \/><img loading=\"lazy\" decoding=\"async\" class=\"alignnone size-full wp-image-10654\" src=\"https:\/\/kueha.mw.tu-dresden.de\/wp-content\/uploads\/gi-03-2017-rechts-622x882.png\" alt=\"\" width=\"311\" height=\"441\" \/><br \/>\n<a href=\"https:\/\/kueha.mw.tu-dresden.de\/wp-content\/uploads\/GI_03_2017_WS_Kremonke.pdf\" target=\"_blank\" rel=\"noopener noreferrer\"><em>Sommerliche Raumk\u00fchlung \u00fcber \u00f6rtliche Heizfl\u00e4chen \u2013 Aktueller Erkenntnisstand und Ausblick<\/em><\/a><br \/>\n<a href=\"https:\/\/www.recknagel-online.de\/wissen\/gi\/\" target=\"_blank\" rel=\"noopener noreferrer\">G|I Geb\u00e4udetechnik in Wissenschaft &amp; Praxis <\/a>138 (2017), Heft 3<\/p>","protected":false},"excerpt":{"rendered":"<p>Fachbeitr\u00e4ge &#8211; Ergebnisse, Erfahrungen, Ideen &nbsp; Ank\u00fcndigung: Unser Beitrag zur DKV-Tagung 2021 &#8222;KUEHA &#8211; K\u00fchlen mit der vorhandenen Heizungsanlage Teil 2: K\u00fchlwirkung in Bestandsgeb\u00e4uden&#8220; Deutsche K\u00e4lte- und Klimatagung 2021 (DKV-Tagung) &nbsp; 6. Oktober 2021: Verleihung des Dachs-Award 2020 Unser Team hat sich zusammen mit unserem Projektpartner, der Ohra Energie GmbH, f\u00fcr den DACHS-AWARD in der [&hellip;]<\/p>\n","protected":false},"author":60,"featured_media":11893,"parent":0,"menu_order":0,"comment_status":"closed","ping_status":"closed","template":"","meta":{"footnotes":""},"class_list":["post-11085","page","type-page","status-publish","has-post-thumbnail","hentry"],"yoast_head":"<!-- This site is optimized with the Yoast SEO plugin v25.9 - https:\/\/yoast.com\/wordpress\/plugins\/seo\/ -->\n<title>Fachbeitr\u00e4ge - KUEHA<\/title>\n<meta name=\"robots\" content=\"index, follow, max-snippet:-1, max-image-preview:large, max-video-preview:-1\" \/>\n<link rel=\"canonical\" href=\"https:\/\/kueha.mw.tu-dresden.de\/de\/fachbeitraege\/\" \/>\n<meta property=\"og:locale\" content=\"de_DE\" \/>\n<meta property=\"og:type\" content=\"article\" \/>\n<meta property=\"og:title\" content=\"Fachbeitr\u00e4ge - KUEHA\" \/>\n<meta property=\"og:description\" content=\"Fachbeitr\u00e4ge &#8211; Ergebnisse, Erfahrungen, Ideen &nbsp; Ank\u00fcndigung: Unser Beitrag zur DKV-Tagung 2021 &#8222;KUEHA &#8211; K\u00fchlen mit der vorhandenen Heizungsanlage Teil 2: K\u00fchlwirkung in Bestandsgeb\u00e4uden&#8220; Deutsche K\u00e4lte- und Klimatagung 2021 (DKV-Tagung) &nbsp; 6. Oktober 2021: Verleihung des Dachs-Award 2020 Unser Team hat sich zusammen mit unserem Projektpartner, der Ohra Energie GmbH, f\u00fcr den DACHS-AWARD in der [&hellip;]\" \/>\n<meta property=\"og:url\" content=\"https:\/\/kueha.mw.tu-dresden.de\/de\/fachbeitraege\/\" \/>\n<meta property=\"og:site_name\" content=\"KUEHA\" \/>\n<meta property=\"article:modified_time\" content=\"2021-10-12T17:04:31+00:00\" \/>\n<meta property=\"og:image\" content=\"https:\/\/kueha.mw.tu-dresden.de\/wp-content\/uploads\/Vision-1613x516-compressed.png\" \/>\n\t<meta property=\"og:image:width\" content=\"1613\" \/>\n\t<meta property=\"og:image:height\" content=\"560\" \/>\n\t<meta property=\"og:image:type\" content=\"image\/png\" \/>\n<meta name=\"twitter:card\" content=\"summary_large_image\" \/>\n<meta name=\"twitter:label1\" content=\"Gesch\u00e4tzte Lesezeit\" \/>\n\t<meta name=\"twitter:data1\" content=\"7\u00a0Minuten\" \/>\n<script type=\"application\/ld+json\" class=\"yoast-schema-graph\">{\"@context\":\"https:\/\/schema.org\",\"@graph\":[{\"@type\":\"WebPage\",\"@id\":\"https:\/\/kueha.mw.tu-dresden.de\/de\/fachbeitraege\/\",\"url\":\"https:\/\/kueha.mw.tu-dresden.de\/de\/fachbeitraege\/\",\"name\":\"Fachbeitr\u00e4ge - KUEHA\",\"isPartOf\":{\"@id\":\"https:\/\/kueha.mw.tu-dresden.de\/de\/#website\"},\"primaryImageOfPage\":{\"@id\":\"https:\/\/kueha.mw.tu-dresden.de\/de\/fachbeitraege\/#primaryimage\"},\"image\":{\"@id\":\"https:\/\/kueha.mw.tu-dresden.de\/de\/fachbeitraege\/#primaryimage\"},\"thumbnailUrl\":\"https:\/\/kueha.mw.tu-dresden.de\/wp-content\/uploads\/Vision-1613x516-compressed.png\",\"datePublished\":\"2018-11-07T15:11:09+00:00\",\"dateModified\":\"2021-10-12T17:04:31+00:00\",\"breadcrumb\":{\"@id\":\"https:\/\/kueha.mw.tu-dresden.de\/de\/fachbeitraege\/#breadcrumb\"},\"inLanguage\":\"de\",\"potentialAction\":[{\"@type\":\"ReadAction\",\"target\":[\"https:\/\/kueha.mw.tu-dresden.de\/de\/fachbeitraege\/\"]}]},{\"@type\":\"ImageObject\",\"inLanguage\":\"de\",\"@id\":\"https:\/\/kueha.mw.tu-dresden.de\/de\/fachbeitraege\/#primaryimage\",\"url\":\"https:\/\/kueha.mw.tu-dresden.de\/wp-content\/uploads\/Vision-1613x516-compressed.png\",\"contentUrl\":\"https:\/\/kueha.mw.tu-dresden.de\/wp-content\/uploads\/Vision-1613x516-compressed.png\",\"width\":1613,\"height\":560,\"caption\":\"Eine blaue Spiralgalaxy um die Vision des Projektes zu verdeutlichen\"},{\"@type\":\"BreadcrumbList\",\"@id\":\"https:\/\/kueha.mw.tu-dresden.de\/de\/fachbeitraege\/#breadcrumb\",\"itemListElement\":[{\"@type\":\"ListItem\",\"position\":1,\"name\":\"Home\",\"item\":\"https:\/\/kueha.mw.tu-dresden.de\/de\/\"},{\"@type\":\"ListItem\",\"position\":2,\"name\":\"Fachbeitr\u00e4ge\"}]},{\"@type\":\"WebSite\",\"@id\":\"https:\/\/kueha.mw.tu-dresden.de\/de\/#website\",\"url\":\"https:\/\/kueha.mw.tu-dresden.de\/de\/\",\"name\":\"KUEHA\",\"description\":\"KUEHA\",\"potentialAction\":[{\"@type\":\"SearchAction\",\"target\":{\"@type\":\"EntryPoint\",\"urlTemplate\":\"https:\/\/kueha.mw.tu-dresden.de\/de\/?s={search_term_string}\"},\"query-input\":{\"@type\":\"PropertyValueSpecification\",\"valueRequired\":true,\"valueName\":\"search_term_string\"}}],\"inLanguage\":\"de\"}]}<\/script>\n<!-- \/ Yoast SEO plugin. -->","yoast_head_json":{"title":"Fachbeitr\u00e4ge - KUEHA","robots":{"index":"index","follow":"follow","max-snippet":"max-snippet:-1","max-image-preview":"max-image-preview:large","max-video-preview":"max-video-preview:-1"},"canonical":"https:\/\/kueha.mw.tu-dresden.de\/de\/fachbeitraege\/","og_locale":"de_DE","og_type":"article","og_title":"Fachbeitr\u00e4ge - KUEHA","og_description":"Fachbeitr\u00e4ge &#8211; Ergebnisse, Erfahrungen, Ideen &nbsp; Ank\u00fcndigung: Unser Beitrag zur DKV-Tagung 2021 &#8222;KUEHA &#8211; K\u00fchlen mit der vorhandenen Heizungsanlage Teil 2: K\u00fchlwirkung in Bestandsgeb\u00e4uden&#8220; Deutsche K\u00e4lte- und Klimatagung 2021 (DKV-Tagung) &nbsp; 6. Oktober 2021: Verleihung des Dachs-Award 2020 Unser Team hat sich zusammen mit unserem Projektpartner, der Ohra Energie GmbH, f\u00fcr den DACHS-AWARD in der [&hellip;]","og_url":"https:\/\/kueha.mw.tu-dresden.de\/de\/fachbeitraege\/","og_site_name":"KUEHA","article_modified_time":"2021-10-12T17:04:31+00:00","og_image":[{"width":1613,"height":560,"url":"https:\/\/kueha.mw.tu-dresden.de\/wp-content\/uploads\/Vision-1613x516-compressed.png","type":"image\/png"}],"twitter_card":"summary_large_image","twitter_misc":{"Gesch\u00e4tzte Lesezeit":"7\u00a0Minuten"},"schema":{"@context":"https:\/\/schema.org","@graph":[{"@type":"WebPage","@id":"https:\/\/kueha.mw.tu-dresden.de\/de\/fachbeitraege\/","url":"https:\/\/kueha.mw.tu-dresden.de\/de\/fachbeitraege\/","name":"Fachbeitr\u00e4ge - KUEHA","isPartOf":{"@id":"https:\/\/kueha.mw.tu-dresden.de\/de\/#website"},"primaryImageOfPage":{"@id":"https:\/\/kueha.mw.tu-dresden.de\/de\/fachbeitraege\/#primaryimage"},"image":{"@id":"https:\/\/kueha.mw.tu-dresden.de\/de\/fachbeitraege\/#primaryimage"},"thumbnailUrl":"https:\/\/kueha.mw.tu-dresden.de\/wp-content\/uploads\/Vision-1613x516-compressed.png","datePublished":"2018-11-07T15:11:09+00:00","dateModified":"2021-10-12T17:04:31+00:00","breadcrumb":{"@id":"https:\/\/kueha.mw.tu-dresden.de\/de\/fachbeitraege\/#breadcrumb"},"inLanguage":"de","potentialAction":[{"@type":"ReadAction","target":["https:\/\/kueha.mw.tu-dresden.de\/de\/fachbeitraege\/"]}]},{"@type":"ImageObject","inLanguage":"de","@id":"https:\/\/kueha.mw.tu-dresden.de\/de\/fachbeitraege\/#primaryimage","url":"https:\/\/kueha.mw.tu-dresden.de\/wp-content\/uploads\/Vision-1613x516-compressed.png","contentUrl":"https:\/\/kueha.mw.tu-dresden.de\/wp-content\/uploads\/Vision-1613x516-compressed.png","width":1613,"height":560,"caption":"Eine blaue Spiralgalaxy um die Vision des Projektes zu verdeutlichen"},{"@type":"BreadcrumbList","@id":"https:\/\/kueha.mw.tu-dresden.de\/de\/fachbeitraege\/#breadcrumb","itemListElement":[{"@type":"ListItem","position":1,"name":"Home","item":"https:\/\/kueha.mw.tu-dresden.de\/de\/"},{"@type":"ListItem","position":2,"name":"Fachbeitr\u00e4ge"}]},{"@type":"WebSite","@id":"https:\/\/kueha.mw.tu-dresden.de\/de\/#website","url":"https:\/\/kueha.mw.tu-dresden.de\/de\/","name":"KUEHA","description":"KUEHA","potentialAction":[{"@type":"SearchAction","target":{"@type":"EntryPoint","urlTemplate":"https:\/\/kueha.mw.tu-dresden.de\/de\/?s={search_term_string}"},"query-input":{"@type":"PropertyValueSpecification","valueRequired":true,"valueName":"search_term_string"}}],"inLanguage":"de"}]}},"_links":{"self":[{"href":"https:\/\/kueha.mw.tu-dresden.de\/de\/wp-json\/wp\/v2\/pages\/11085","targetHints":{"allow":["GET"]}}],"collection":[{"href":"https:\/\/kueha.mw.tu-dresden.de\/de\/wp-json\/wp\/v2\/pages"}],"about":[{"href":"https:\/\/kueha.mw.tu-dresden.de\/de\/wp-json\/wp\/v2\/types\/page"}],"author":[{"embeddable":true,"href":"https:\/\/kueha.mw.tu-dresden.de\/de\/wp-json\/wp\/v2\/users\/60"}],"replies":[{"embeddable":true,"href":"https:\/\/kueha.mw.tu-dresden.de\/de\/wp-json\/wp\/v2\/comments?post=11085"}],"version-history":[{"count":194,"href":"https:\/\/kueha.mw.tu-dresden.de\/de\/wp-json\/wp\/v2\/pages\/11085\/revisions"}],"predecessor-version":[{"id":12311,"href":"https:\/\/kueha.mw.tu-dresden.de\/de\/wp-json\/wp\/v2\/pages\/11085\/revisions\/12311"}],"wp:featuredmedia":[{"embeddable":true,"href":"https:\/\/kueha.mw.tu-dresden.de\/de\/wp-json\/wp\/v2\/media\/11893"}],"wp:attachment":[{"href":"https:\/\/kueha.mw.tu-dresden.de\/de\/wp-json\/wp\/v2\/media?parent=11085"}],"curies":[{"name":"wp","href":"https:\/\/api.w.org\/{rel}","templated":true}]}}