{"id":11077,"date":"2018-11-07T14:52:43","date_gmt":"2018-11-07T14:52:43","guid":{"rendered":"https:\/\/kueha.mw.tu-dresden.de\/de\/?page_id=11077"},"modified":"2018-12-17T09:21:13","modified_gmt":"2018-12-17T09:21:13","slug":"projekt","status":"publish","type":"page","link":"https:\/\/kueha.mw.tu-dresden.de\/de\/projekt\/","title":{"rendered":"Projekt"},"content":{"rendered":"<p><\/p>\n<h1><strong>Projekt &#8211; Praktische Erprobung.<\/strong><\/h1>\n<p><br class=\"clear\"\/><\/p>\n<p>Im Juni 2017 wurde das vom BMWi gef\u00f6rderte Vorhaben &#8222;Erprobung und Demonstration einer neuartigen Systeml\u00f6sung zur sommerlichen Raumk\u00fchlung unter besonderer Ber\u00fccksichtigung von Energieeffizienz und Praxistauglichkeit&#8220; gestartet.<br \/>\nDen Schwerpunkt der Untersuchungen bildet die praktische Erprobung und Demonstration. Hierf\u00fcr stehen mehrere Anlagen unterschiedlicher Nutzung, Gr\u00f6\u00dfe, Bauart sowie anlagen-, mess- und regelungstechnischer Ausstattung zur Verf\u00fcgung. Die praktische Erprobung kann f\u00fcr ausgew\u00e4hlte Objekte bei Bedarf auf einen integralen Entwicklungsansatz erweitert werden, bei dem sowohl analytische als auch numerische Methoden oder Laboruntersuchungen flexibel einbezogen werden.<br \/>\nIm Rahmen der messtechnischen Untersuchungen werden auch verschiedene Komfortk\u00fchlsysteme betrachtet, so dass die K\u00fchlwirkung Freier Heizfl\u00e4chen im Vergleich zu den Komfortk\u00fchlsystemen bewertet werden kann. <\/p>","protected":false},"excerpt":{"rendered":"<p>Projekt &#8211; Praktische Erprobung. Im Juni 2017 wurde das vom BMWi gef\u00f6rderte Vorhaben &#8222;Erprobung und Demonstration einer neuartigen Systeml\u00f6sung zur sommerlichen Raumk\u00fchlung unter besonderer Ber\u00fccksichtigung von Energieeffizienz und Praxistauglichkeit&#8220; gestartet. Den Schwerpunkt der Untersuchungen bildet die praktische Erprobung und Demonstration. Hierf\u00fcr stehen mehrere Anlagen unterschiedlicher Nutzung, Gr\u00f6\u00dfe, Bauart sowie anlagen-, mess- und regelungstechnischer Ausstattung zur [&hellip;]<\/p>\n","protected":false},"author":60,"featured_media":11891,"parent":0,"menu_order":0,"comment_status":"closed","ping_status":"closed","template":"","meta":{"footnotes":""},"class_list":["post-11077","page","type-page","status-publish","has-post-thumbnail","hentry"],"yoast_head":"<!-- This site is optimized with the Yoast SEO plugin v25.9 - https:\/\/yoast.com\/wordpress\/plugins\/seo\/ -->\n<title>Projekt - KUEHA<\/title>\n<meta name=\"robots\" content=\"index, follow, max-snippet:-1, max-image-preview:large, max-video-preview:-1\" \/>\n<link rel=\"canonical\" href=\"https:\/\/kueha.mw.tu-dresden.de\/de\/projekt\/\" \/>\n<meta property=\"og:locale\" content=\"de_DE\" \/>\n<meta property=\"og:type\" content=\"article\" \/>\n<meta property=\"og:title\" content=\"Projekt - KUEHA\" \/>\n<meta property=\"og:description\" content=\"Projekt &#8211; Praktische Erprobung. Im Juni 2017 wurde das vom BMWi gef\u00f6rderte Vorhaben &#8222;Erprobung und Demonstration einer neuartigen Systeml\u00f6sung zur sommerlichen Raumk\u00fchlung unter besonderer Ber\u00fccksichtigung von Energieeffizienz und Praxistauglichkeit&#8220; gestartet. Den Schwerpunkt der Untersuchungen bildet die praktische Erprobung und Demonstration. Hierf\u00fcr stehen mehrere Anlagen unterschiedlicher Nutzung, Gr\u00f6\u00dfe, Bauart sowie anlagen-, mess- und regelungstechnischer Ausstattung zur [&hellip;]\" \/>\n<meta property=\"og:url\" content=\"https:\/\/kueha.mw.tu-dresden.de\/de\/projekt\/\" \/>\n<meta property=\"og:site_name\" content=\"KUEHA\" \/>\n<meta property=\"article:modified_time\" content=\"2018-12-17T09:21:13+00:00\" \/>\n<meta property=\"og:image\" content=\"https:\/\/kueha.mw.tu-dresden.de\/wp-content\/uploads\/Projekt-1605x587-compressed.png\" \/>\n\t<meta property=\"og:image:width\" content=\"1605\" \/>\n\t<meta property=\"og:image:height\" content=\"587\" \/>\n\t<meta property=\"og:image:type\" content=\"image\/png\" \/>\n<meta name=\"twitter:card\" content=\"summary_large_image\" \/>\n<meta name=\"twitter:label1\" content=\"Gesch\u00e4tzte Lesezeit\" \/>\n\t<meta name=\"twitter:data1\" content=\"1\u00a0Minute\" \/>\n<script type=\"application\/ld+json\" class=\"yoast-schema-graph\">{\"@context\":\"https:\/\/schema.org\",\"@graph\":[{\"@type\":\"WebPage\",\"@id\":\"https:\/\/kueha.mw.tu-dresden.de\/de\/projekt\/\",\"url\":\"https:\/\/kueha.mw.tu-dresden.de\/de\/projekt\/\",\"name\":\"Projekt - KUEHA\",\"isPartOf\":{\"@id\":\"https:\/\/kueha.mw.tu-dresden.de\/de\/#website\"},\"primaryImageOfPage\":{\"@id\":\"https:\/\/kueha.mw.tu-dresden.de\/de\/projekt\/#primaryimage\"},\"image\":{\"@id\":\"https:\/\/kueha.mw.tu-dresden.de\/de\/projekt\/#primaryimage\"},\"thumbnailUrl\":\"https:\/\/kueha.mw.tu-dresden.de\/wp-content\/uploads\/Projekt-1605x587-compressed.png\",\"datePublished\":\"2018-11-07T14:52:43+00:00\",\"dateModified\":\"2018-12-17T09:21:13+00:00\",\"breadcrumb\":{\"@id\":\"https:\/\/kueha.mw.tu-dresden.de\/de\/projekt\/#breadcrumb\"},\"inLanguage\":\"de\",\"potentialAction\":[{\"@type\":\"ReadAction\",\"target\":[\"https:\/\/kueha.mw.tu-dresden.de\/de\/projekt\/\"]}]},{\"@type\":\"ImageObject\",\"inLanguage\":\"de\",\"@id\":\"https:\/\/kueha.mw.tu-dresden.de\/de\/projekt\/#primaryimage\",\"url\":\"https:\/\/kueha.mw.tu-dresden.de\/wp-content\/uploads\/Projekt-1605x587-compressed.png\",\"contentUrl\":\"https:\/\/kueha.mw.tu-dresden.de\/wp-content\/uploads\/Projekt-1605x587-compressed.png\",\"width\":1605,\"height\":587,\"caption\":\"Haus aus Glas und Beton\"},{\"@type\":\"BreadcrumbList\",\"@id\":\"https:\/\/kueha.mw.tu-dresden.de\/de\/projekt\/#breadcrumb\",\"itemListElement\":[{\"@type\":\"ListItem\",\"position\":1,\"name\":\"Home\",\"item\":\"https:\/\/kueha.mw.tu-dresden.de\/de\/\"},{\"@type\":\"ListItem\",\"position\":2,\"name\":\"Projekt\"}]},{\"@type\":\"WebSite\",\"@id\":\"https:\/\/kueha.mw.tu-dresden.de\/de\/#website\",\"url\":\"https:\/\/kueha.mw.tu-dresden.de\/de\/\",\"name\":\"KUEHA\",\"description\":\"KUEHA\",\"potentialAction\":[{\"@type\":\"SearchAction\",\"target\":{\"@type\":\"EntryPoint\",\"urlTemplate\":\"https:\/\/kueha.mw.tu-dresden.de\/de\/?s={search_term_string}\"},\"query-input\":{\"@type\":\"PropertyValueSpecification\",\"valueRequired\":true,\"valueName\":\"search_term_string\"}}],\"inLanguage\":\"de\"}]}<\/script>\n<!-- \/ Yoast SEO plugin. -->","yoast_head_json":{"title":"Projekt - KUEHA","robots":{"index":"index","follow":"follow","max-snippet":"max-snippet:-1","max-image-preview":"max-image-preview:large","max-video-preview":"max-video-preview:-1"},"canonical":"https:\/\/kueha.mw.tu-dresden.de\/de\/projekt\/","og_locale":"de_DE","og_type":"article","og_title":"Projekt - KUEHA","og_description":"Projekt &#8211; Praktische Erprobung. Im Juni 2017 wurde das vom BMWi gef\u00f6rderte Vorhaben &#8222;Erprobung und Demonstration einer neuartigen Systeml\u00f6sung zur sommerlichen Raumk\u00fchlung unter besonderer Ber\u00fccksichtigung von Energieeffizienz und Praxistauglichkeit&#8220; gestartet. Den Schwerpunkt der Untersuchungen bildet die praktische Erprobung und Demonstration. Hierf\u00fcr stehen mehrere Anlagen unterschiedlicher Nutzung, Gr\u00f6\u00dfe, Bauart sowie anlagen-, mess- und regelungstechnischer Ausstattung zur [&hellip;]","og_url":"https:\/\/kueha.mw.tu-dresden.de\/de\/projekt\/","og_site_name":"KUEHA","article_modified_time":"2018-12-17T09:21:13+00:00","og_image":[{"width":1605,"height":587,"url":"https:\/\/kueha.mw.tu-dresden.de\/wp-content\/uploads\/Projekt-1605x587-compressed.png","type":"image\/png"}],"twitter_card":"summary_large_image","twitter_misc":{"Gesch\u00e4tzte Lesezeit":"1\u00a0Minute"},"schema":{"@context":"https:\/\/schema.org","@graph":[{"@type":"WebPage","@id":"https:\/\/kueha.mw.tu-dresden.de\/de\/projekt\/","url":"https:\/\/kueha.mw.tu-dresden.de\/de\/projekt\/","name":"Projekt - KUEHA","isPartOf":{"@id":"https:\/\/kueha.mw.tu-dresden.de\/de\/#website"},"primaryImageOfPage":{"@id":"https:\/\/kueha.mw.tu-dresden.de\/de\/projekt\/#primaryimage"},"image":{"@id":"https:\/\/kueha.mw.tu-dresden.de\/de\/projekt\/#primaryimage"},"thumbnailUrl":"https:\/\/kueha.mw.tu-dresden.de\/wp-content\/uploads\/Projekt-1605x587-compressed.png","datePublished":"2018-11-07T14:52:43+00:00","dateModified":"2018-12-17T09:21:13+00:00","breadcrumb":{"@id":"https:\/\/kueha.mw.tu-dresden.de\/de\/projekt\/#breadcrumb"},"inLanguage":"de","potentialAction":[{"@type":"ReadAction","target":["https:\/\/kueha.mw.tu-dresden.de\/de\/projekt\/"]}]},{"@type":"ImageObject","inLanguage":"de","@id":"https:\/\/kueha.mw.tu-dresden.de\/de\/projekt\/#primaryimage","url":"https:\/\/kueha.mw.tu-dresden.de\/wp-content\/uploads\/Projekt-1605x587-compressed.png","contentUrl":"https:\/\/kueha.mw.tu-dresden.de\/wp-content\/uploads\/Projekt-1605x587-compressed.png","width":1605,"height":587,"caption":"Haus aus Glas und Beton"},{"@type":"BreadcrumbList","@id":"https:\/\/kueha.mw.tu-dresden.de\/de\/projekt\/#breadcrumb","itemListElement":[{"@type":"ListItem","position":1,"name":"Home","item":"https:\/\/kueha.mw.tu-dresden.de\/de\/"},{"@type":"ListItem","position":2,"name":"Projekt"}]},{"@type":"WebSite","@id":"https:\/\/kueha.mw.tu-dresden.de\/de\/#website","url":"https:\/\/kueha.mw.tu-dresden.de\/de\/","name":"KUEHA","description":"KUEHA","potentialAction":[{"@type":"SearchAction","target":{"@type":"EntryPoint","urlTemplate":"https:\/\/kueha.mw.tu-dresden.de\/de\/?s={search_term_string}"},"query-input":{"@type":"PropertyValueSpecification","valueRequired":true,"valueName":"search_term_string"}}],"inLanguage":"de"}]}},"_links":{"self":[{"href":"https:\/\/kueha.mw.tu-dresden.de\/de\/wp-json\/wp\/v2\/pages\/11077","targetHints":{"allow":["GET"]}}],"collection":[{"href":"https:\/\/kueha.mw.tu-dresden.de\/de\/wp-json\/wp\/v2\/pages"}],"about":[{"href":"https:\/\/kueha.mw.tu-dresden.de\/de\/wp-json\/wp\/v2\/types\/page"}],"author":[{"embeddable":true,"href":"https:\/\/kueha.mw.tu-dresden.de\/de\/wp-json\/wp\/v2\/users\/60"}],"replies":[{"embeddable":true,"href":"https:\/\/kueha.mw.tu-dresden.de\/de\/wp-json\/wp\/v2\/comments?post=11077"}],"version-history":[{"count":16,"href":"https:\/\/kueha.mw.tu-dresden.de\/de\/wp-json\/wp\/v2\/pages\/11077\/revisions"}],"predecessor-version":[{"id":11425,"href":"https:\/\/kueha.mw.tu-dresden.de\/de\/wp-json\/wp\/v2\/pages\/11077\/revisions\/11425"}],"wp:featuredmedia":[{"embeddable":true,"href":"https:\/\/kueha.mw.tu-dresden.de\/de\/wp-json\/wp\/v2\/media\/11891"}],"wp:attachment":[{"href":"https:\/\/kueha.mw.tu-dresden.de\/de\/wp-json\/wp\/v2\/media?parent=11077"}],"curies":[{"name":"wp","href":"https:\/\/api.w.org\/{rel}","templated":true}]}}