{"id":10664,"date":"2018-07-09T10:57:28","date_gmt":"2018-07-09T10:57:28","guid":{"rendered":"https:\/\/kueha.mw.tu-dresden.de\/?page_id=10664"},"modified":"2020-10-09T06:14:50","modified_gmt":"2020-10-09T06:14:50","slug":"impressum","status":"publish","type":"page","link":"https:\/\/kueha.mw.tu-dresden.de\/de\/impressum\/","title":{"rendered":"Impressum \/ Datenschutzerkl\u00e4rung"},"content":{"rendered":"<p><\/p>\n<h1>Impressum<\/h1>\n<p>Es gilt das Impressum der <a href=\"https:\/\/tu-dresden.de\/impressum\">TU Dresden<\/a> mit folgenden \u00c4nderungen:<\/p>\n<h1>Ansprechpartner<\/h1>\n<p><strong>Inhalt:<\/strong><br \/>\nTU Dresden \/ Institut f\u00fcr Energietechnik<br \/>\nDr.-Ing. A. Kremonke<br \/>\nTel.: +49 (0) 351 463-35345<br \/>\n<a href=\"mailto:andre.kremonke@\u200btu-dresden.de\">andre.kremonke@\u200btu-dresden.de<\/a><\/p>\n<p><strong>Konzeption, techn. Realisierung:<\/strong><br \/>\nO&amp;O Services GmbH<br \/>\nAm Borsigturm 50<br \/>\n13507 Berlin, Germany<br \/>\nTel.: +49 30 991 9162-00, Fax: -99<\/p>\n<p>&nbsp;<\/p>\n<p>&nbsp;<\/p>\n<h1 id=\"datenschutz\" name=\"datenschutz\">Datenschutzerkl\u00e4rung<\/h1>\n<p>Es gilt die Datenschutzerkl\u00e4rung der <a href=\"https:\/\/tu-dresden.de\/impressum#ck_datenschutz\">TU Dresden<\/a> mit folgenden \u00c4nderungen:<\/p>\n<p>&nbsp;<\/p>\n<p><strong>Verwendung von Analysediensten<\/strong><\/p>\n<p>Wir verwenden auf unserer Website eine separate Instanz des Webanalyseprogramms Matomo (ehem. \u201ePiwik\u201c). Dieses Programm erm\u00f6glicht es uns, die Benutzung unserer Website zu erfassen und hierdurch gegebenenfalls Optimierungen unserer Website vorzunehmen. Hierzu verwendet das Programm \u201eMatomo\u201c sogenannte Cookies. Das sind kleine Textdateien, die auf Ihrem Computer gespeichert werden. Die hierdurch gewonnen Nutzungsinformationen werden zusammen mit Ihrer IP-Adresse an unseren Server weitergeleitet und zu Analyse des Nutzungsverhaltens gespeichert. Bei diesem Vorgang wird Ihre IP-Adresse umgehend anonymisiert, sodass wir keine R\u00fcckschl\u00fcsse auf Sie als Nutzer ziehen k\u00f6nnen. Die derart gewonnen Informationen werden nicht an Dritte weitergegeben. Sie k\u00f6nnen die Einstellungen Ihrer Browser-Software \u00e4ndern und so verhindern, dass Cookies verwendet werden. In diesem Fall kann es vorkommen, dass Sie nicht alle Funktionen unserer Website vollumf\u00e4nglich nutzen k\u00f6nnen.<\/p>\n<p>Sie k\u00f6nnen der Speicherung und Verwertung dieser Daten w\u00e4hrend Ihres Besuchs auf unserer Website jederzeit widersprechen. Hierf\u00fcr m\u00fcssen Sie lediglich das unten stehende K\u00e4stchen anklicken, sodass das gesetzte H\u00e4kchen nicht mehr zu sehen ist (Opt-out-Verfahren). In diesem Fall wird in Ihrem Browser ein sogenannter Opt-out-Cookie hinterlegt, sodass Matomo keine Sitzungsdaten mehr erheben kann. Beachten Sie bitte, dass das L\u00f6schen Ihrer Cookies der jeweiligen Sitzung zur Folge hat, dass auch das Opt-out-Cookie gel\u00f6scht wird und unter Umst\u00e4nden von Ihnen beim n\u00e4chsten Besuch unserer Website erneut aktiviert werden muss.<\/p>\n<p>&nbsp;<\/p>\n<p><strong>Matomo Opt-Out<\/strong><\/p>\n<p><p id=\"matomo_opted_out_intro\" style=\"display:none;\">Opt-out abgeschlossen; Ihre Besuche auf dieser Webseite werden nicht vom Webanalysetool erfasst. Bitte beachten Sie, dass auch der Matomo-Deaktivierungs-Cookie dieser Webseite gel\u00f6scht wird, wenn Sie die in Ihrem Browser abgelegten Cookies entfernen. Au\u00dferdem m\u00fcssen Sie, wenn Sie einen anderen Computer oder einen anderen Webbrowser verwenden, die Deaktivierungsprozedur nochmals absolvieren.<\/p><p id=\"matomo_opted_in_intro\" >Sie haben die M\u00f6glichkeit zu verhindern, dass von Ihnen hier get\u00e4tigte Aktionen analysiert und verkn\u00fcpft werden. Dies wird Ihre Privatsph\u00e4re sch\u00fctzen, aber wird auch den Besitzer daran hindern, aus Ihren Aktionen zu lernen und die Bedienbarkeit f\u00fcr Sie und andere Benutzer zu verbessern.<\/p><form>\n        <input type=\"checkbox\" id=\"matomo_optout_checkbox\" checked=\"checked\"\/>\n        <label for=\"matomo_optout_checkbox\"><strong>\n        <span id=\"matomo_opted_in_label\" >Ihr Besuch dieser Webseite wird aktuell von der Matomo Webanalyse erfasst. Diese Checkbox abw\u00e4hlen f\u00fcr Opt-Out.<\/span>\n\t\t<span id=\"matomo_opted_out_label\" style=\"display:none;\">Ihr Besuch dieser Webseite wird aktuell von der Matomo Webanalyse nicht erfasst. Diese Checkbox aktivieren f\u00fcr Opt-In.<\/span>\n        <\/strong><\/label><\/form><noscript><p><strong style=\"color: #ff0000;\">This opt out feature requires JavaScript.<\/strong><\/p><\/noscript><p id=\"matomo_outout_err_cookies\" style=\"display: none;\"><strong>Die Tracking opt-out Funktion ben\u00f6tigt aktivierte Cookies.<\/strong><\/p><br \/>\n<\/p>","protected":false},"excerpt":{"rendered":"<p>Impressum Es gilt das Impressum der TU Dresden mit folgenden \u00c4nderungen: Ansprechpartner Inhalt: TU Dresden \/ Institut f\u00fcr Energietechnik Dr.-Ing. A. Kremonke Tel.: +49 (0) 351 463-35345 andre.kremonke@\u200btu-dresden.de Konzeption, techn. Realisierung: O&amp;O Services GmbH Am Borsigturm 50 13507 Berlin, Germany Tel.: +49 30 991 9162-00, Fax: -99 &nbsp; &nbsp; Datenschutzerkl\u00e4rung Es gilt die Datenschutzerkl\u00e4rung der [&hellip;]<\/p>\n","protected":false},"author":10,"featured_media":0,"parent":0,"menu_order":0,"comment_status":"closed","ping_status":"closed","template":"","meta":{"footnotes":""},"class_list":["post-10664","page","type-page","status-publish","hentry"],"yoast_head":"<!-- This site is optimized with the Yoast SEO plugin v25.9 - https:\/\/yoast.com\/wordpress\/plugins\/seo\/ -->\n<title>Impressum \/ Datenschutzerkl\u00e4rung - KUEHA<\/title>\n<meta name=\"robots\" content=\"index, follow, max-snippet:-1, max-image-preview:large, max-video-preview:-1\" \/>\n<link rel=\"canonical\" href=\"https:\/\/kueha.mw.tu-dresden.de\/de\/impressum\/\" \/>\n<meta property=\"og:locale\" content=\"de_DE\" \/>\n<meta property=\"og:type\" content=\"article\" \/>\n<meta property=\"og:title\" content=\"Impressum \/ Datenschutzerkl\u00e4rung - KUEHA\" \/>\n<meta property=\"og:description\" content=\"Impressum Es gilt das Impressum der TU Dresden mit folgenden \u00c4nderungen: Ansprechpartner Inhalt: TU Dresden \/ Institut f\u00fcr Energietechnik Dr.-Ing. A. Kremonke Tel.: +49 (0) 351 463-35345 andre.kremonke@\u200btu-dresden.de Konzeption, techn. Realisierung: O&amp;O Services GmbH Am Borsigturm 50 13507 Berlin, Germany Tel.: +49 30 991 9162-00, Fax: -99 &nbsp; &nbsp; Datenschutzerkl\u00e4rung Es gilt die Datenschutzerkl\u00e4rung der [&hellip;]\" \/>\n<meta property=\"og:url\" content=\"https:\/\/kueha.mw.tu-dresden.de\/de\/impressum\/\" \/>\n<meta property=\"og:site_name\" content=\"KUEHA\" \/>\n<meta property=\"article:modified_time\" content=\"2020-10-09T06:14:50+00:00\" \/>\n<meta name=\"twitter:card\" content=\"summary_large_image\" \/>\n<meta name=\"twitter:label1\" content=\"Gesch\u00e4tzte Lesezeit\" \/>\n\t<meta name=\"twitter:data1\" content=\"3\u00a0Minuten\" \/>\n<script type=\"application\/ld+json\" class=\"yoast-schema-graph\">{\"@context\":\"https:\/\/schema.org\",\"@graph\":[{\"@type\":\"WebPage\",\"@id\":\"https:\/\/kueha.mw.tu-dresden.de\/de\/impressum\/\",\"url\":\"https:\/\/kueha.mw.tu-dresden.de\/de\/impressum\/\",\"name\":\"Impressum \/ Datenschutzerkl\u00e4rung - KUEHA\",\"isPartOf\":{\"@id\":\"https:\/\/kueha.mw.tu-dresden.de\/de\/#website\"},\"datePublished\":\"2018-07-09T10:57:28+00:00\",\"dateModified\":\"2020-10-09T06:14:50+00:00\",\"breadcrumb\":{\"@id\":\"https:\/\/kueha.mw.tu-dresden.de\/de\/impressum\/#breadcrumb\"},\"inLanguage\":\"de\",\"potentialAction\":[{\"@type\":\"ReadAction\",\"target\":[\"https:\/\/kueha.mw.tu-dresden.de\/de\/impressum\/\"]}]},{\"@type\":\"BreadcrumbList\",\"@id\":\"https:\/\/kueha.mw.tu-dresden.de\/de\/impressum\/#breadcrumb\",\"itemListElement\":[{\"@type\":\"ListItem\",\"position\":1,\"name\":\"Home\",\"item\":\"https:\/\/kueha.mw.tu-dresden.de\/de\/\"},{\"@type\":\"ListItem\",\"position\":2,\"name\":\"Impressum \/ Datenschutzerkl\u00e4rung\"}]},{\"@type\":\"WebSite\",\"@id\":\"https:\/\/kueha.mw.tu-dresden.de\/de\/#website\",\"url\":\"https:\/\/kueha.mw.tu-dresden.de\/de\/\",\"name\":\"KUEHA\",\"description\":\"KUEHA\",\"potentialAction\":[{\"@type\":\"SearchAction\",\"target\":{\"@type\":\"EntryPoint\",\"urlTemplate\":\"https:\/\/kueha.mw.tu-dresden.de\/de\/?s={search_term_string}\"},\"query-input\":{\"@type\":\"PropertyValueSpecification\",\"valueRequired\":true,\"valueName\":\"search_term_string\"}}],\"inLanguage\":\"de\"}]}<\/script>\n<!-- \/ Yoast SEO plugin. -->","yoast_head_json":{"title":"Impressum \/ Datenschutzerkl\u00e4rung - KUEHA","robots":{"index":"index","follow":"follow","max-snippet":"max-snippet:-1","max-image-preview":"max-image-preview:large","max-video-preview":"max-video-preview:-1"},"canonical":"https:\/\/kueha.mw.tu-dresden.de\/de\/impressum\/","og_locale":"de_DE","og_type":"article","og_title":"Impressum \/ Datenschutzerkl\u00e4rung - KUEHA","og_description":"Impressum Es gilt das Impressum der TU Dresden mit folgenden \u00c4nderungen: Ansprechpartner Inhalt: TU Dresden \/ Institut f\u00fcr Energietechnik Dr.-Ing. A. Kremonke Tel.: +49 (0) 351 463-35345 andre.kremonke@\u200btu-dresden.de Konzeption, techn. Realisierung: O&amp;O Services GmbH Am Borsigturm 50 13507 Berlin, Germany Tel.: +49 30 991 9162-00, Fax: -99 &nbsp; &nbsp; Datenschutzerkl\u00e4rung Es gilt die Datenschutzerkl\u00e4rung der [&hellip;]","og_url":"https:\/\/kueha.mw.tu-dresden.de\/de\/impressum\/","og_site_name":"KUEHA","article_modified_time":"2020-10-09T06:14:50+00:00","twitter_card":"summary_large_image","twitter_misc":{"Gesch\u00e4tzte Lesezeit":"3\u00a0Minuten"},"schema":{"@context":"https:\/\/schema.org","@graph":[{"@type":"WebPage","@id":"https:\/\/kueha.mw.tu-dresden.de\/de\/impressum\/","url":"https:\/\/kueha.mw.tu-dresden.de\/de\/impressum\/","name":"Impressum \/ Datenschutzerkl\u00e4rung - KUEHA","isPartOf":{"@id":"https:\/\/kueha.mw.tu-dresden.de\/de\/#website"},"datePublished":"2018-07-09T10:57:28+00:00","dateModified":"2020-10-09T06:14:50+00:00","breadcrumb":{"@id":"https:\/\/kueha.mw.tu-dresden.de\/de\/impressum\/#breadcrumb"},"inLanguage":"de","potentialAction":[{"@type":"ReadAction","target":["https:\/\/kueha.mw.tu-dresden.de\/de\/impressum\/"]}]},{"@type":"BreadcrumbList","@id":"https:\/\/kueha.mw.tu-dresden.de\/de\/impressum\/#breadcrumb","itemListElement":[{"@type":"ListItem","position":1,"name":"Home","item":"https:\/\/kueha.mw.tu-dresden.de\/de\/"},{"@type":"ListItem","position":2,"name":"Impressum \/ Datenschutzerkl\u00e4rung"}]},{"@type":"WebSite","@id":"https:\/\/kueha.mw.tu-dresden.de\/de\/#website","url":"https:\/\/kueha.mw.tu-dresden.de\/de\/","name":"KUEHA","description":"KUEHA","potentialAction":[{"@type":"SearchAction","target":{"@type":"EntryPoint","urlTemplate":"https:\/\/kueha.mw.tu-dresden.de\/de\/?s={search_term_string}"},"query-input":{"@type":"PropertyValueSpecification","valueRequired":true,"valueName":"search_term_string"}}],"inLanguage":"de"}]}},"_links":{"self":[{"href":"https:\/\/kueha.mw.tu-dresden.de\/de\/wp-json\/wp\/v2\/pages\/10664","targetHints":{"allow":["GET"]}}],"collection":[{"href":"https:\/\/kueha.mw.tu-dresden.de\/de\/wp-json\/wp\/v2\/pages"}],"about":[{"href":"https:\/\/kueha.mw.tu-dresden.de\/de\/wp-json\/wp\/v2\/types\/page"}],"author":[{"embeddable":true,"href":"https:\/\/kueha.mw.tu-dresden.de\/de\/wp-json\/wp\/v2\/users\/10"}],"replies":[{"embeddable":true,"href":"https:\/\/kueha.mw.tu-dresden.de\/de\/wp-json\/wp\/v2\/comments?post=10664"}],"version-history":[{"count":27,"href":"https:\/\/kueha.mw.tu-dresden.de\/de\/wp-json\/wp\/v2\/pages\/10664\/revisions"}],"predecessor-version":[{"id":12202,"href":"https:\/\/kueha.mw.tu-dresden.de\/de\/wp-json\/wp\/v2\/pages\/10664\/revisions\/12202"}],"wp:attachment":[{"href":"https:\/\/kueha.mw.tu-dresden.de\/de\/wp-json\/wp\/v2\/media?parent=10664"}],"curies":[{"name":"wp","href":"https:\/\/api.w.org\/{rel}","templated":true}]}}