{"id":10550,"date":"2018-06-29T08:42:53","date_gmt":"2018-06-29T08:42:53","guid":{"rendered":"https:\/\/kueha.mw.tu-dresden.de\/?page_id=10550"},"modified":"2020-09-29T12:59:22","modified_gmt":"2020-09-29T12:59:22","slug":"footer","status":"publish","type":"page","link":"https:\/\/kueha.mw.tu-dresden.de\/de\/footer\/","title":{"rendered":"Footer"},"content":{"rendered":"<p><\/p>\n<div class=\"footer-content row\">\n<div class=\"col-xs-12 col-md-3 text-left\">\n<h4>Kontakt TU Dresden<\/h4>\n<p>TU Dresden &#8211; Institut f\u00fcr Energietechnik<br \/>\nProfessur f\u00fcr Geb\u00e4udeenergietechnik und W\u00e4rmeversorgung<\/p>\n<p class=\"footeri\"><i class=\"tel\"><\/i>+49 (0) 351 463-35345<\/p>\n<p>E-Mail: <a href=\"mailto:andre.kremonke@tu-dresden.de\">andre.kremonke@tu-dresden.de<\/a><\/p>\n<\/div>\n<div class=\"col-xs-12 col-md-3 text-left\">\n<h4>Partner<\/h4>\n<ul>\n<li><a href=\"https:\/\/www.sib.sachsen.de\/de\/organisation\/standorte\/dresden_ii\/\">Staatsbetrieb S\u00e4chsisches Immobilien und Baumanagement<\/a><\/li>\n<li><a href=\"https:\/\/www.kermi.de\">KERMI GmbH<\/a><\/li>\n<li><a href=\"https:\/\/www.ohraenergie.de\/\">OHRA Energie GmbH<\/a><\/li>\n<\/ul>\n<\/div>\n<div class=\"col-xs-12 col-md-3 text-left\">\n<h4><img decoding=\"async\" class=\"alignnone size-full wp-image-10654\" src=\"https:\/\/kueha.mw.tu-dresden.de\/wp-content\/uploads\/BMWi-Gefoerdert-352x362.png\" alt=\"\" width=\"140.8\" height=\"144.8\" \/><\/h4>\n<\/div>\n<div class=\"col-xs-12 col-md-3 text-left\">\n<h4><a style=\"color: #ffffff;\" href=\"https:\/\/kueha.mw.tu-dresden.de\/de\/impressum\/\">Impressum<\/a><\/h4>\n<h4><a style=\"color: #ffffff;\" href=\"https:\/\/kueha.mw.tu-dresden.de\/de\/impressum#datenschutzerkl\u00e4rung\">Datenschutzerkl\u00e4rung<\/a><\/h4>\n<h4><a style=\"color: #ffffff;\" href=\"https:\/\/kueha.mw.tu-dresden.de\/de\/seitenuebersicht\">Seiten\u00fcbersicht<\/a><\/h4>\n<h4><a style=\"color: #ffffff;\" href=\"https:\/\/kueha.mw.tu-dresden.de\/wp-admin\/\">Intern<\/a><\/h4>\n<div id=\"langswitcher\">\n\t<a href=\"\" class=\"deurl\"><i class=\"selecta\"><\/i><\/a>\n\t<a href=\"\" class=\"enurl\"><\/a>\n\t<\/div>\n<\/div>\n<p>&nbsp;<\/p>\n<\/div>\n<p><\/p>","protected":false},"excerpt":{"rendered":"<p>Kontakt TU Dresden TU Dresden &#8211; Institut f\u00fcr Energietechnik Professur f\u00fcr Geb\u00e4udeenergietechnik und W\u00e4rmeversorgung +49 (0) 351 463-35345 E-Mail: andre.kremonke@tu-dresden.de Partner Staatsbetrieb S\u00e4chsisches Immobilien und Baumanagement KERMI GmbH OHRA Energie GmbH Impressum Datenschutzerkl\u00e4rung Seiten\u00fcbersicht Intern &nbsp;<\/p>\n","protected":false},"author":10,"featured_media":0,"parent":0,"menu_order":0,"comment_status":"closed","ping_status":"closed","template":"","meta":{"footnotes":""},"class_list":["post-10550","page","type-page","status-publish","hentry"],"yoast_head":"<!-- This site is optimized with the Yoast SEO plugin v25.9 - https:\/\/yoast.com\/wordpress\/plugins\/seo\/ -->\n<title>Footer - KUEHA<\/title>\n<meta name=\"robots\" content=\"index, follow, max-snippet:-1, max-image-preview:large, max-video-preview:-1\" \/>\n<link rel=\"canonical\" href=\"https:\/\/kueha.mw.tu-dresden.de\/de\/footer\/\" \/>\n<meta property=\"og:locale\" content=\"de_DE\" \/>\n<meta property=\"og:type\" content=\"article\" \/>\n<meta property=\"og:title\" content=\"Footer - KUEHA\" \/>\n<meta property=\"og:description\" content=\"Kontakt TU Dresden TU Dresden &#8211; Institut f\u00fcr Energietechnik Professur f\u00fcr Geb\u00e4udeenergietechnik und W\u00e4rmeversorgung +49 (0) 351 463-35345 E-Mail: andre.kremonke@tu-dresden.de Partner Staatsbetrieb S\u00e4chsisches Immobilien und Baumanagement KERMI GmbH OHRA Energie GmbH Impressum Datenschutzerkl\u00e4rung Seiten\u00fcbersicht Intern &nbsp;\" \/>\n<meta property=\"og:url\" content=\"https:\/\/kueha.mw.tu-dresden.de\/de\/footer\/\" \/>\n<meta property=\"og:site_name\" content=\"KUEHA\" \/>\n<meta property=\"article:modified_time\" content=\"2020-09-29T12:59:22+00:00\" \/>\n<meta property=\"og:image\" content=\"https:\/\/kueha.mw.tu-dresden.de\/wp-content\/uploads\/BMWi-Gefoerdert-352x362.png\" \/>\n<meta name=\"twitter:card\" content=\"summary_large_image\" \/>\n<script type=\"application\/ld+json\" class=\"yoast-schema-graph\">{\"@context\":\"https:\/\/schema.org\",\"@graph\":[{\"@type\":\"WebPage\",\"@id\":\"https:\/\/kueha.mw.tu-dresden.de\/de\/footer\/\",\"url\":\"https:\/\/kueha.mw.tu-dresden.de\/de\/footer\/\",\"name\":\"Footer - KUEHA\",\"isPartOf\":{\"@id\":\"https:\/\/kueha.mw.tu-dresden.de\/de\/#website\"},\"primaryImageOfPage\":{\"@id\":\"https:\/\/kueha.mw.tu-dresden.de\/de\/footer\/#primaryimage\"},\"image\":{\"@id\":\"https:\/\/kueha.mw.tu-dresden.de\/de\/footer\/#primaryimage\"},\"thumbnailUrl\":\"https:\/\/kueha.mw.tu-dresden.de\/wp-content\/uploads\/BMWi-Gefoerdert-352x362.png\",\"datePublished\":\"2018-06-29T08:42:53+00:00\",\"dateModified\":\"2020-09-29T12:59:22+00:00\",\"breadcrumb\":{\"@id\":\"https:\/\/kueha.mw.tu-dresden.de\/de\/footer\/#breadcrumb\"},\"inLanguage\":\"de\",\"potentialAction\":[{\"@type\":\"ReadAction\",\"target\":[\"https:\/\/kueha.mw.tu-dresden.de\/de\/footer\/\"]}]},{\"@type\":\"ImageObject\",\"inLanguage\":\"de\",\"@id\":\"https:\/\/kueha.mw.tu-dresden.de\/de\/footer\/#primaryimage\",\"url\":\"https:\/\/kueha.mw.tu-dresden.de\/wp-content\/uploads\/BMWi-Gefoerdert-352x362.png\",\"contentUrl\":\"https:\/\/kueha.mw.tu-dresden.de\/wp-content\/uploads\/BMWi-Gefoerdert-352x362.png\"},{\"@type\":\"BreadcrumbList\",\"@id\":\"https:\/\/kueha.mw.tu-dresden.de\/de\/footer\/#breadcrumb\",\"itemListElement\":[{\"@type\":\"ListItem\",\"position\":1,\"name\":\"Home\",\"item\":\"https:\/\/kueha.mw.tu-dresden.de\/de\/\"},{\"@type\":\"ListItem\",\"position\":2,\"name\":\"Footer\"}]},{\"@type\":\"WebSite\",\"@id\":\"https:\/\/kueha.mw.tu-dresden.de\/de\/#website\",\"url\":\"https:\/\/kueha.mw.tu-dresden.de\/de\/\",\"name\":\"KUEHA\",\"description\":\"KUEHA\",\"potentialAction\":[{\"@type\":\"SearchAction\",\"target\":{\"@type\":\"EntryPoint\",\"urlTemplate\":\"https:\/\/kueha.mw.tu-dresden.de\/de\/?s={search_term_string}\"},\"query-input\":{\"@type\":\"PropertyValueSpecification\",\"valueRequired\":true,\"valueName\":\"search_term_string\"}}],\"inLanguage\":\"de\"}]}<\/script>\n<!-- \/ Yoast SEO plugin. -->","yoast_head_json":{"title":"Footer - KUEHA","robots":{"index":"index","follow":"follow","max-snippet":"max-snippet:-1","max-image-preview":"max-image-preview:large","max-video-preview":"max-video-preview:-1"},"canonical":"https:\/\/kueha.mw.tu-dresden.de\/de\/footer\/","og_locale":"de_DE","og_type":"article","og_title":"Footer - KUEHA","og_description":"Kontakt TU Dresden TU Dresden &#8211; Institut f\u00fcr Energietechnik Professur f\u00fcr Geb\u00e4udeenergietechnik und W\u00e4rmeversorgung +49 (0) 351 463-35345 E-Mail: andre.kremonke@tu-dresden.de Partner Staatsbetrieb S\u00e4chsisches Immobilien und Baumanagement KERMI GmbH OHRA Energie GmbH Impressum Datenschutzerkl\u00e4rung Seiten\u00fcbersicht Intern &nbsp;","og_url":"https:\/\/kueha.mw.tu-dresden.de\/de\/footer\/","og_site_name":"KUEHA","article_modified_time":"2020-09-29T12:59:22+00:00","og_image":[{"url":"https:\/\/kueha.mw.tu-dresden.de\/wp-content\/uploads\/BMWi-Gefoerdert-352x362.png","type":"","width":"","height":""}],"twitter_card":"summary_large_image","schema":{"@context":"https:\/\/schema.org","@graph":[{"@type":"WebPage","@id":"https:\/\/kueha.mw.tu-dresden.de\/de\/footer\/","url":"https:\/\/kueha.mw.tu-dresden.de\/de\/footer\/","name":"Footer - KUEHA","isPartOf":{"@id":"https:\/\/kueha.mw.tu-dresden.de\/de\/#website"},"primaryImageOfPage":{"@id":"https:\/\/kueha.mw.tu-dresden.de\/de\/footer\/#primaryimage"},"image":{"@id":"https:\/\/kueha.mw.tu-dresden.de\/de\/footer\/#primaryimage"},"thumbnailUrl":"https:\/\/kueha.mw.tu-dresden.de\/wp-content\/uploads\/BMWi-Gefoerdert-352x362.png","datePublished":"2018-06-29T08:42:53+00:00","dateModified":"2020-09-29T12:59:22+00:00","breadcrumb":{"@id":"https:\/\/kueha.mw.tu-dresden.de\/de\/footer\/#breadcrumb"},"inLanguage":"de","potentialAction":[{"@type":"ReadAction","target":["https:\/\/kueha.mw.tu-dresden.de\/de\/footer\/"]}]},{"@type":"ImageObject","inLanguage":"de","@id":"https:\/\/kueha.mw.tu-dresden.de\/de\/footer\/#primaryimage","url":"https:\/\/kueha.mw.tu-dresden.de\/wp-content\/uploads\/BMWi-Gefoerdert-352x362.png","contentUrl":"https:\/\/kueha.mw.tu-dresden.de\/wp-content\/uploads\/BMWi-Gefoerdert-352x362.png"},{"@type":"BreadcrumbList","@id":"https:\/\/kueha.mw.tu-dresden.de\/de\/footer\/#breadcrumb","itemListElement":[{"@type":"ListItem","position":1,"name":"Home","item":"https:\/\/kueha.mw.tu-dresden.de\/de\/"},{"@type":"ListItem","position":2,"name":"Footer"}]},{"@type":"WebSite","@id":"https:\/\/kueha.mw.tu-dresden.de\/de\/#website","url":"https:\/\/kueha.mw.tu-dresden.de\/de\/","name":"KUEHA","description":"KUEHA","potentialAction":[{"@type":"SearchAction","target":{"@type":"EntryPoint","urlTemplate":"https:\/\/kueha.mw.tu-dresden.de\/de\/?s={search_term_string}"},"query-input":{"@type":"PropertyValueSpecification","valueRequired":true,"valueName":"search_term_string"}}],"inLanguage":"de"}]}},"_links":{"self":[{"href":"https:\/\/kueha.mw.tu-dresden.de\/de\/wp-json\/wp\/v2\/pages\/10550","targetHints":{"allow":["GET"]}}],"collection":[{"href":"https:\/\/kueha.mw.tu-dresden.de\/de\/wp-json\/wp\/v2\/pages"}],"about":[{"href":"https:\/\/kueha.mw.tu-dresden.de\/de\/wp-json\/wp\/v2\/types\/page"}],"author":[{"embeddable":true,"href":"https:\/\/kueha.mw.tu-dresden.de\/de\/wp-json\/wp\/v2\/users\/10"}],"replies":[{"embeddable":true,"href":"https:\/\/kueha.mw.tu-dresden.de\/de\/wp-json\/wp\/v2\/comments?post=10550"}],"version-history":[{"count":119,"href":"https:\/\/kueha.mw.tu-dresden.de\/de\/wp-json\/wp\/v2\/pages\/10550\/revisions"}],"predecessor-version":[{"id":12125,"href":"https:\/\/kueha.mw.tu-dresden.de\/de\/wp-json\/wp\/v2\/pages\/10550\/revisions\/12125"}],"wp:attachment":[{"href":"https:\/\/kueha.mw.tu-dresden.de\/de\/wp-json\/wp\/v2\/media?parent=10550"}],"curies":[{"name":"wp","href":"https:\/\/api.w.org\/{rel}","templated":true}]}}