{"id":10538,"date":"2018-06-26T13:09:44","date_gmt":"2018-06-26T13:09:44","guid":{"rendered":"https:\/\/kueha.mw.tu-dresden.de\/?page_id=10538"},"modified":"2018-12-17T09:22:01","modified_gmt":"2018-12-17T09:22:01","slug":"beteiligte-institutionen","status":"publish","type":"page","link":"https:\/\/kueha.mw.tu-dresden.de\/de\/institutionen\/","title":{"rendered":"Partner"},"content":{"rendered":"<p><\/p>\n<h1><strong>Partner &#8211; Gemeinsame Arbeit an der Umsetzung.<\/strong><\/h1>\n<p><br class=\"clear\"\/><\/p>\n<p><img decoding=\"async\" class=\"alignnone size-full wp-image-10654\" src=\"https:\/\/kueha.mw.tu-dresden.de\/wp-content\/uploads\/TUD-PtJ-BMWi-1696x213.png\" alt=\"\" width=\"382.9\" height=\"48\" \/><br \/>\nDas Projekt wird an der <a href=\"http:\/\/www.tu-dresden.de\">TU Dresden<\/a> innerhalb der Professur f\u00fcr Geb\u00e4udeenergietechnik und W\u00e4rmeversorgung (<a href=\"https:\/\/tu-dresden.de\/ing\/maschinenwesen\/iet\/gewv\" rel=\"noopener\" target=\"_blank\">GEWV<\/a>) bearbeitet, vom Projekttr\u00e4ger J\u00fclich (<a href=\"https:\/\/www.ptj.de\" rel=\"noopener\" target=\"_blank\">PtJ<\/a>) getragen und mit Mitteln des Bundesministerium f\u00fcr Wirtschaft und Energie (<a href=\"http:\/\/www.bmwi.de\" rel=\"noopener\" target=\"_blank\">BMWi<\/a>) gef\u00f6rdert.<\/p>\n<p>Partner des Vorhabens sind der Staatsbetrieb S\u00e4chsisches Immobilien- und Baumanagement (<a href=\"https:\/\/www.sib.sachsen.de\/de\/organisation\/standorte\/dresden_ii\/\" rel=\"noopener\" target=\"_blank\">SIB<\/a>), die <a href=\"http:\/\/www.kermi.de\" rel=\"noopener\" target=\"_blank\">Kermi GmbH<\/a> und die <a href=\"http:\/\/www.ohraenergie.de\" rel=\"noopener\" target=\"_blank\">Ohra Energie GmbH<\/a>. Damit stehen dem Projekt Praxispartner mit exzellenter Expertise bei der Planung und Bewirtschaftung von Geb\u00e4uden, bei der Entwicklung von Gesamtsysteml\u00f6sungen zur thermischen Konditionierung von R\u00e4umen sowie auf dem Gebiet der Energieversorgung bei.<br \/>\n<br class=\"clear\"\/><br \/>\n<br class=\"clear\"\/><\/p>\n<p><img decoding=\"async\" class=\"alignnone size-full wp-image-10654\" src=\"https:\/\/kueha.mw.tu-dresden.de\/wp-content\/uploads\/SIB-1.png\" alt=\"\" height=\"48\" \/><br \/>\nDer Staatsbetrieb S\u00e4chsisches Immobilien- und Baumanagement (<a href=\"http:\/\/www.sib.sachsen.de\/de\/organisation\/standorte\/dresden_ii\" rel=\"noopener\" target=\"_blank\">SIB<\/a>) steuert professionell den gesamten Lebenszyklus aller Immobilien im Eigentum des Freistaates Sachsen und optimiert den Bestand und die Nutzungsstruktur der staatlichen Liegenschaften. Das beinhaltet u.a. die Planung und Durchf\u00fchrung von Bauprojekten,  das Verwalten und Bewirtschaften sowie in Teilen das Betreiben der Liegenschaften.  Die Niederlassung Dresden II ist u.a. f\u00fcr Hochschulen im Regierungsbezirk Dresden und f\u00fcr Zuwendungsbauma\u00dfnahmen zust\u00e4ndig.<br \/>\n<br class=\"clear\"\/><br \/>\n<br class=\"clear\"\/><\/p>\n<p><img decoding=\"async\" class=\"alignnone size-full wp-image-10654\" src=\"https:\/\/kueha.mw.tu-dresden.de\/wp-content\/uploads\/Kermi_201x_logo.svg_-300x116.png\" alt=\"\" width=\"124.14\" height=\"48\" \/><br \/>\nDie <a href=\"http:\/\/www.kermi.de\" rel=\"noopener\" target=\"_blank\">Kermi GmbH<\/a> geh\u00f6rt zur <a href=\"http:\/\/www.arbonia.de\" rel=\"noopener\" target=\"_blank\">Arbonia Group<\/a> und ist u.a. im Bereich der Heizungstechnik und Wohnrauml\u00fcftung einer der f\u00fchrenden Hersteller in Europa. In diesem Segment bedient KERMI den gesamten Bereich von der W\u00e4rmeerzeugung und -Speicherung \u00fcber die Verteilung und Regelung bis hin zur W\u00e4rme\u00fcbergabe mittels bauwerksintegrierten und Freien Heizfl\u00e4chen mit innovativen Produkten. Von der Innovationskraft des Unternehmens zeugen die au\u00dferordentlich erfolgreiche  Einf\u00fchrung der <a href=\"http:\/\/www.x2inside.de\" rel=\"noopener\" target=\"_blank\">x2-Technologie<\/a> im Bereich der mehrlagigen Heizk\u00f6rper und die Einf\u00fchrung des <a href=\"https:\/\/www.kermi.de\/raumklima\/kermi-system-x-optimiert\/\" rel=\"noopener\" target=\"_blank\">Kermi W\u00e4rmesystems x-optimiert<\/a>.<br \/>\n<br class=\"clear\"\/><br \/>\n<br class=\"clear\"\/><\/p>\n<p><img decoding=\"async\" class=\"alignnone size-full wp-image-10654\" src=\"https:\/\/kueha.mw.tu-dresden.de\/wp-content\/uploads\/Ohra-Logo-501x168.png\" alt=\"\" width=\"143.14\" height=\"48\" \/><br \/>\nDie <a href=\"http:\/\/www.ohraenergie.de\" rel=\"noopener\" target=\"_blank\">Ohra Energie GmbH<\/a> ist ein in Th\u00fcringen ans\u00e4ssiges regional agierendes Energieversorgungsunternehmen mit einem eigenem Erdgasversorgungsnetz. Neben der Versorgung mit Erd- und Fl\u00fcssiggas agiert das Unternehmen auch als Strom- und W\u00e4rmeanbieter. Die Ohra Energie GmbH unterst\u00fctzt den ressourcenschonenden Einsatz verschiedener Energietr\u00e4ger durch innovative Konzepte. Deren Umsetzung ist u.a. auf das Energie-Contracting fokussiert und bezieht die Unterst\u00fctzung erdgas- und elektrobetriebener Fahrzeuge ein.<\/p>\n<p><\/p>","protected":false},"excerpt":{"rendered":"<p>Partner &#8211; Gemeinsame Arbeit an der Umsetzung. Das Projekt wird an der TU Dresden innerhalb der Professur f\u00fcr Geb\u00e4udeenergietechnik und W\u00e4rmeversorgung (GEWV) bearbeitet, vom Projekttr\u00e4ger J\u00fclich (PtJ) getragen und mit Mitteln des Bundesministerium f\u00fcr Wirtschaft und Energie (BMWi) gef\u00f6rdert. Partner des Vorhabens sind der Staatsbetrieb S\u00e4chsisches Immobilien- und Baumanagement (SIB), die Kermi GmbH und die [&hellip;]<\/p>\n","protected":false},"author":10,"featured_media":11890,"parent":0,"menu_order":0,"comment_status":"closed","ping_status":"closed","template":"","meta":{"footnotes":""},"class_list":["post-10538","page","type-page","status-publish","has-post-thumbnail","hentry"],"yoast_head":"<!-- This site is optimized with the Yoast SEO plugin v25.9 - https:\/\/yoast.com\/wordpress\/plugins\/seo\/ -->\n<title>Partner - KUEHA<\/title>\n<meta name=\"robots\" content=\"index, follow, max-snippet:-1, max-image-preview:large, max-video-preview:-1\" \/>\n<link rel=\"canonical\" href=\"https:\/\/kueha.mw.tu-dresden.de\/de\/institutionen\/\" \/>\n<meta property=\"og:locale\" content=\"de_DE\" \/>\n<meta property=\"og:type\" content=\"article\" \/>\n<meta property=\"og:title\" content=\"Partner - KUEHA\" \/>\n<meta property=\"og:description\" content=\"Partner &#8211; Gemeinsame Arbeit an der Umsetzung. Das Projekt wird an der TU Dresden innerhalb der Professur f\u00fcr Geb\u00e4udeenergietechnik und W\u00e4rmeversorgung (GEWV) bearbeitet, vom Projekttr\u00e4ger J\u00fclich (PtJ) getragen und mit Mitteln des Bundesministerium f\u00fcr Wirtschaft und Energie (BMWi) gef\u00f6rdert. Partner des Vorhabens sind der Staatsbetrieb S\u00e4chsisches Immobilien- und Baumanagement (SIB), die Kermi GmbH und die [&hellip;]\" \/>\n<meta property=\"og:url\" content=\"https:\/\/kueha.mw.tu-dresden.de\/de\/institutionen\/\" \/>\n<meta property=\"og:site_name\" content=\"KUEHA\" \/>\n<meta property=\"article:modified_time\" content=\"2018-12-17T09:22:01+00:00\" \/>\n<meta property=\"og:image\" content=\"https:\/\/kueha.mw.tu-dresden.de\/wp-content\/uploads\/Partner-1610x464-compressed.png\" \/>\n\t<meta property=\"og:image:width\" content=\"1610\" \/>\n\t<meta property=\"og:image:height\" content=\"464\" \/>\n\t<meta property=\"og:image:type\" content=\"image\/png\" \/>\n<meta name=\"twitter:card\" content=\"summary_large_image\" \/>\n<meta name=\"twitter:label1\" content=\"Gesch\u00e4tzte Lesezeit\" \/>\n\t<meta name=\"twitter:data1\" content=\"3\u00a0Minuten\" \/>\n<script type=\"application\/ld+json\" class=\"yoast-schema-graph\">{\"@context\":\"https:\/\/schema.org\",\"@graph\":[{\"@type\":\"WebPage\",\"@id\":\"https:\/\/kueha.mw.tu-dresden.de\/de\/institutionen\/\",\"url\":\"https:\/\/kueha.mw.tu-dresden.de\/de\/institutionen\/\",\"name\":\"Partner - KUEHA\",\"isPartOf\":{\"@id\":\"https:\/\/kueha.mw.tu-dresden.de\/de\/#website\"},\"primaryImageOfPage\":{\"@id\":\"https:\/\/kueha.mw.tu-dresden.de\/de\/institutionen\/#primaryimage\"},\"image\":{\"@id\":\"https:\/\/kueha.mw.tu-dresden.de\/de\/institutionen\/#primaryimage\"},\"thumbnailUrl\":\"https:\/\/kueha.mw.tu-dresden.de\/wp-content\/uploads\/Partner-1610x464-compressed.png\",\"datePublished\":\"2018-06-26T13:09:44+00:00\",\"dateModified\":\"2018-12-17T09:22:01+00:00\",\"breadcrumb\":{\"@id\":\"https:\/\/kueha.mw.tu-dresden.de\/de\/institutionen\/#breadcrumb\"},\"inLanguage\":\"de\",\"potentialAction\":[{\"@type\":\"ReadAction\",\"target\":[\"https:\/\/kueha.mw.tu-dresden.de\/de\/institutionen\/\"]}]},{\"@type\":\"ImageObject\",\"inLanguage\":\"de\",\"@id\":\"https:\/\/kueha.mw.tu-dresden.de\/de\/institutionen\/#primaryimage\",\"url\":\"https:\/\/kueha.mw.tu-dresden.de\/wp-content\/uploads\/Partner-1610x464-compressed.png\",\"contentUrl\":\"https:\/\/kueha.mw.tu-dresden.de\/wp-content\/uploads\/Partner-1610x464-compressed.png\",\"width\":1610,\"height\":464,\"caption\":\"graue Synapsen auf blauem Hintergrund\"},{\"@type\":\"BreadcrumbList\",\"@id\":\"https:\/\/kueha.mw.tu-dresden.de\/de\/institutionen\/#breadcrumb\",\"itemListElement\":[{\"@type\":\"ListItem\",\"position\":1,\"name\":\"Home\",\"item\":\"https:\/\/kueha.mw.tu-dresden.de\/de\/\"},{\"@type\":\"ListItem\",\"position\":2,\"name\":\"Partner\"}]},{\"@type\":\"WebSite\",\"@id\":\"https:\/\/kueha.mw.tu-dresden.de\/de\/#website\",\"url\":\"https:\/\/kueha.mw.tu-dresden.de\/de\/\",\"name\":\"KUEHA\",\"description\":\"KUEHA\",\"potentialAction\":[{\"@type\":\"SearchAction\",\"target\":{\"@type\":\"EntryPoint\",\"urlTemplate\":\"https:\/\/kueha.mw.tu-dresden.de\/de\/?s={search_term_string}\"},\"query-input\":{\"@type\":\"PropertyValueSpecification\",\"valueRequired\":true,\"valueName\":\"search_term_string\"}}],\"inLanguage\":\"de\"}]}<\/script>\n<!-- \/ Yoast SEO plugin. -->","yoast_head_json":{"title":"Partner - KUEHA","robots":{"index":"index","follow":"follow","max-snippet":"max-snippet:-1","max-image-preview":"max-image-preview:large","max-video-preview":"max-video-preview:-1"},"canonical":"https:\/\/kueha.mw.tu-dresden.de\/de\/institutionen\/","og_locale":"de_DE","og_type":"article","og_title":"Partner - KUEHA","og_description":"Partner &#8211; Gemeinsame Arbeit an der Umsetzung. Das Projekt wird an der TU Dresden innerhalb der Professur f\u00fcr Geb\u00e4udeenergietechnik und W\u00e4rmeversorgung (GEWV) bearbeitet, vom Projekttr\u00e4ger J\u00fclich (PtJ) getragen und mit Mitteln des Bundesministerium f\u00fcr Wirtschaft und Energie (BMWi) gef\u00f6rdert. Partner des Vorhabens sind der Staatsbetrieb S\u00e4chsisches Immobilien- und Baumanagement (SIB), die Kermi GmbH und die [&hellip;]","og_url":"https:\/\/kueha.mw.tu-dresden.de\/de\/institutionen\/","og_site_name":"KUEHA","article_modified_time":"2018-12-17T09:22:01+00:00","og_image":[{"width":1610,"height":464,"url":"https:\/\/kueha.mw.tu-dresden.de\/wp-content\/uploads\/Partner-1610x464-compressed.png","type":"image\/png"}],"twitter_card":"summary_large_image","twitter_misc":{"Gesch\u00e4tzte Lesezeit":"3\u00a0Minuten"},"schema":{"@context":"https:\/\/schema.org","@graph":[{"@type":"WebPage","@id":"https:\/\/kueha.mw.tu-dresden.de\/de\/institutionen\/","url":"https:\/\/kueha.mw.tu-dresden.de\/de\/institutionen\/","name":"Partner - KUEHA","isPartOf":{"@id":"https:\/\/kueha.mw.tu-dresden.de\/de\/#website"},"primaryImageOfPage":{"@id":"https:\/\/kueha.mw.tu-dresden.de\/de\/institutionen\/#primaryimage"},"image":{"@id":"https:\/\/kueha.mw.tu-dresden.de\/de\/institutionen\/#primaryimage"},"thumbnailUrl":"https:\/\/kueha.mw.tu-dresden.de\/wp-content\/uploads\/Partner-1610x464-compressed.png","datePublished":"2018-06-26T13:09:44+00:00","dateModified":"2018-12-17T09:22:01+00:00","breadcrumb":{"@id":"https:\/\/kueha.mw.tu-dresden.de\/de\/institutionen\/#breadcrumb"},"inLanguage":"de","potentialAction":[{"@type":"ReadAction","target":["https:\/\/kueha.mw.tu-dresden.de\/de\/institutionen\/"]}]},{"@type":"ImageObject","inLanguage":"de","@id":"https:\/\/kueha.mw.tu-dresden.de\/de\/institutionen\/#primaryimage","url":"https:\/\/kueha.mw.tu-dresden.de\/wp-content\/uploads\/Partner-1610x464-compressed.png","contentUrl":"https:\/\/kueha.mw.tu-dresden.de\/wp-content\/uploads\/Partner-1610x464-compressed.png","width":1610,"height":464,"caption":"graue Synapsen auf blauem Hintergrund"},{"@type":"BreadcrumbList","@id":"https:\/\/kueha.mw.tu-dresden.de\/de\/institutionen\/#breadcrumb","itemListElement":[{"@type":"ListItem","position":1,"name":"Home","item":"https:\/\/kueha.mw.tu-dresden.de\/de\/"},{"@type":"ListItem","position":2,"name":"Partner"}]},{"@type":"WebSite","@id":"https:\/\/kueha.mw.tu-dresden.de\/de\/#website","url":"https:\/\/kueha.mw.tu-dresden.de\/de\/","name":"KUEHA","description":"KUEHA","potentialAction":[{"@type":"SearchAction","target":{"@type":"EntryPoint","urlTemplate":"https:\/\/kueha.mw.tu-dresden.de\/de\/?s={search_term_string}"},"query-input":{"@type":"PropertyValueSpecification","valueRequired":true,"valueName":"search_term_string"}}],"inLanguage":"de"}]}},"_links":{"self":[{"href":"https:\/\/kueha.mw.tu-dresden.de\/de\/wp-json\/wp\/v2\/pages\/10538","targetHints":{"allow":["GET"]}}],"collection":[{"href":"https:\/\/kueha.mw.tu-dresden.de\/de\/wp-json\/wp\/v2\/pages"}],"about":[{"href":"https:\/\/kueha.mw.tu-dresden.de\/de\/wp-json\/wp\/v2\/types\/page"}],"author":[{"embeddable":true,"href":"https:\/\/kueha.mw.tu-dresden.de\/de\/wp-json\/wp\/v2\/users\/10"}],"replies":[{"embeddable":true,"href":"https:\/\/kueha.mw.tu-dresden.de\/de\/wp-json\/wp\/v2\/comments?post=10538"}],"version-history":[{"count":166,"href":"https:\/\/kueha.mw.tu-dresden.de\/de\/wp-json\/wp\/v2\/pages\/10538\/revisions"}],"predecessor-version":[{"id":11882,"href":"https:\/\/kueha.mw.tu-dresden.de\/de\/wp-json\/wp\/v2\/pages\/10538\/revisions\/11882"}],"wp:featuredmedia":[{"embeddable":true,"href":"https:\/\/kueha.mw.tu-dresden.de\/de\/wp-json\/wp\/v2\/media\/11890"}],"wp:attachment":[{"href":"https:\/\/kueha.mw.tu-dresden.de\/de\/wp-json\/wp\/v2\/media?parent=10538"}],"curies":[{"name":"wp","href":"https:\/\/api.w.org\/{rel}","templated":true}]}}