{"id":10536,"date":"2018-06-26T13:09:14","date_gmt":"2018-06-26T13:09:14","guid":{"rendered":"https:\/\/kueha.mw.tu-dresden.de\/?page_id=10536"},"modified":"2018-12-17T09:20:15","modified_gmt":"2018-12-17T09:20:15","slug":"vision","status":"publish","type":"page","link":"https:\/\/kueha.mw.tu-dresden.de\/de\/vision\/","title":{"rendered":"Vision"},"content":{"rendered":"<p><\/p>\n<h1><strong>Vision &#8211; K\u00fchlen mit der vorhandenen Heizungsanlage.<\/strong><\/h1>\n<p>&nbsp;<\/p>\n<p>Theoretische Untersuchungen haben gezeigt, dass nicht nur mit Fl\u00e4chenheizsystemen sondern auch mit Freien Heizfl\u00e4chen eine deutliche K\u00fchlwirkung erreicht werden kann. Wird eine Raumtemperierung statt einer Komforttemperaturregelung akzeptiert, erm\u00f6glicht dies eine Raumk\u00fchlung unter Nutzung der vorhandenen Heizungsanlage, in welcher dann Kaltwasser uml\u00e4uft. Dabei steigt die Intensit\u00e4t des Temperierungseffektes mit zunehmender Raumtemperatur.<br \/>\nNeben der Absenkung der Raumtemperatur wirken weitere K\u00fchleffekte, welche sich konventionellen Bewertungsm\u00f6glichkeiten entziehen. Hierzu z\u00e4hlt die Ausbildung eines Kaltluftsees. Darin befindliche W\u00e4rmequellen (z.B. Personen) werden unmittelbar und direkt gek\u00fchlt, indem die sich einstellende Auftriebsstr\u00f6mung W\u00e4rmelasten aufnimmt und diese in Richtung Decke abf\u00fchrt.<br \/>\nDas K\u00fchlen \u00fcber Freie Heizfl\u00e4chen erfordert ein vergleichsweise hohes Temperaturniveau des K\u00fchlmediums (&gt;12\u00b0C) und einen w\u00e4hrend der K\u00fchlperiode durchgehenden Anlagenbetrieb. Dies kann bei Nutzung einer Kraft-W\u00e4rme-K\u00e4ltekopplung (KWKK) die Auslastung des BHKW&#8217;s deutlich erh\u00f6hen. Sehr kosteng\u00fcnstig und ressourcenschonend ist die Nutzung von Erdreich, Grundwasser oder tieferen Binnensee-Wasserschichten als W\u00e4rmesenken. Werden hierf\u00fcr W\u00e4rmepumpenl\u00f6sungen eingesetzt, kann die K\u00e4lteversorgung ohne Verdichterbetrieb realisiert werden.<\/p>","protected":false},"excerpt":{"rendered":"<p>Vision &#8211; K\u00fchlen mit der vorhandenen Heizungsanlage. &nbsp; Theoretische Untersuchungen haben gezeigt, dass nicht nur mit Fl\u00e4chenheizsystemen sondern auch mit Freien Heizfl\u00e4chen eine deutliche K\u00fchlwirkung erreicht werden kann. Wird eine Raumtemperierung statt einer Komforttemperaturregelung akzeptiert, erm\u00f6glicht dies eine Raumk\u00fchlung unter Nutzung der vorhandenen Heizungsanlage, in welcher dann Kaltwasser uml\u00e4uft. Dabei steigt die Intensit\u00e4t des Temperierungseffektes [&hellip;]<\/p>\n","protected":false},"author":10,"featured_media":11893,"parent":0,"menu_order":0,"comment_status":"closed","ping_status":"closed","template":"","meta":{"footnotes":""},"class_list":["post-10536","page","type-page","status-publish","has-post-thumbnail","hentry"],"yoast_head":"<!-- This site is optimized with the Yoast SEO plugin v25.9 - https:\/\/yoast.com\/wordpress\/plugins\/seo\/ -->\n<title>Vision - KUEHA<\/title>\n<meta name=\"robots\" content=\"index, follow, max-snippet:-1, max-image-preview:large, max-video-preview:-1\" \/>\n<link rel=\"canonical\" href=\"https:\/\/kueha.mw.tu-dresden.de\/de\/vision\/\" \/>\n<meta property=\"og:locale\" content=\"de_DE\" \/>\n<meta property=\"og:type\" content=\"article\" \/>\n<meta property=\"og:title\" content=\"Vision - KUEHA\" \/>\n<meta property=\"og:description\" content=\"Vision &#8211; K\u00fchlen mit der vorhandenen Heizungsanlage. &nbsp; Theoretische Untersuchungen haben gezeigt, dass nicht nur mit Fl\u00e4chenheizsystemen sondern auch mit Freien Heizfl\u00e4chen eine deutliche K\u00fchlwirkung erreicht werden kann. Wird eine Raumtemperierung statt einer Komforttemperaturregelung akzeptiert, erm\u00f6glicht dies eine Raumk\u00fchlung unter Nutzung der vorhandenen Heizungsanlage, in welcher dann Kaltwasser uml\u00e4uft. Dabei steigt die Intensit\u00e4t des Temperierungseffektes [&hellip;]\" \/>\n<meta property=\"og:url\" content=\"https:\/\/kueha.mw.tu-dresden.de\/de\/vision\/\" \/>\n<meta property=\"og:site_name\" content=\"KUEHA\" \/>\n<meta property=\"article:modified_time\" content=\"2018-12-17T09:20:15+00:00\" \/>\n<meta property=\"og:image\" content=\"https:\/\/kueha.mw.tu-dresden.de\/wp-content\/uploads\/Vision-1613x516-compressed.png\" \/>\n\t<meta property=\"og:image:width\" content=\"1613\" \/>\n\t<meta property=\"og:image:height\" content=\"560\" \/>\n\t<meta property=\"og:image:type\" content=\"image\/png\" \/>\n<meta name=\"twitter:card\" content=\"summary_large_image\" \/>\n<meta name=\"twitter:label1\" content=\"Gesch\u00e4tzte Lesezeit\" \/>\n\t<meta name=\"twitter:data1\" content=\"2\u00a0Minuten\" \/>\n<script type=\"application\/ld+json\" class=\"yoast-schema-graph\">{\"@context\":\"https:\/\/schema.org\",\"@graph\":[{\"@type\":\"WebPage\",\"@id\":\"https:\/\/kueha.mw.tu-dresden.de\/de\/vision\/\",\"url\":\"https:\/\/kueha.mw.tu-dresden.de\/de\/vision\/\",\"name\":\"Vision - KUEHA\",\"isPartOf\":{\"@id\":\"https:\/\/kueha.mw.tu-dresden.de\/de\/#website\"},\"primaryImageOfPage\":{\"@id\":\"https:\/\/kueha.mw.tu-dresden.de\/de\/vision\/#primaryimage\"},\"image\":{\"@id\":\"https:\/\/kueha.mw.tu-dresden.de\/de\/vision\/#primaryimage\"},\"thumbnailUrl\":\"https:\/\/kueha.mw.tu-dresden.de\/wp-content\/uploads\/Vision-1613x516-compressed.png\",\"datePublished\":\"2018-06-26T13:09:14+00:00\",\"dateModified\":\"2018-12-17T09:20:15+00:00\",\"breadcrumb\":{\"@id\":\"https:\/\/kueha.mw.tu-dresden.de\/de\/vision\/#breadcrumb\"},\"inLanguage\":\"de\",\"potentialAction\":[{\"@type\":\"ReadAction\",\"target\":[\"https:\/\/kueha.mw.tu-dresden.de\/de\/vision\/\"]}]},{\"@type\":\"ImageObject\",\"inLanguage\":\"de\",\"@id\":\"https:\/\/kueha.mw.tu-dresden.de\/de\/vision\/#primaryimage\",\"url\":\"https:\/\/kueha.mw.tu-dresden.de\/wp-content\/uploads\/Vision-1613x516-compressed.png\",\"contentUrl\":\"https:\/\/kueha.mw.tu-dresden.de\/wp-content\/uploads\/Vision-1613x516-compressed.png\",\"width\":1613,\"height\":560,\"caption\":\"Eine blaue Spiralgalaxy um die Vision des Projektes zu verdeutlichen\"},{\"@type\":\"BreadcrumbList\",\"@id\":\"https:\/\/kueha.mw.tu-dresden.de\/de\/vision\/#breadcrumb\",\"itemListElement\":[{\"@type\":\"ListItem\",\"position\":1,\"name\":\"Home\",\"item\":\"https:\/\/kueha.mw.tu-dresden.de\/de\/\"},{\"@type\":\"ListItem\",\"position\":2,\"name\":\"Vision\"}]},{\"@type\":\"WebSite\",\"@id\":\"https:\/\/kueha.mw.tu-dresden.de\/de\/#website\",\"url\":\"https:\/\/kueha.mw.tu-dresden.de\/de\/\",\"name\":\"KUEHA\",\"description\":\"KUEHA\",\"potentialAction\":[{\"@type\":\"SearchAction\",\"target\":{\"@type\":\"EntryPoint\",\"urlTemplate\":\"https:\/\/kueha.mw.tu-dresden.de\/de\/?s={search_term_string}\"},\"query-input\":{\"@type\":\"PropertyValueSpecification\",\"valueRequired\":true,\"valueName\":\"search_term_string\"}}],\"inLanguage\":\"de\"}]}<\/script>\n<!-- \/ Yoast SEO plugin. -->","yoast_head_json":{"title":"Vision - KUEHA","robots":{"index":"index","follow":"follow","max-snippet":"max-snippet:-1","max-image-preview":"max-image-preview:large","max-video-preview":"max-video-preview:-1"},"canonical":"https:\/\/kueha.mw.tu-dresden.de\/de\/vision\/","og_locale":"de_DE","og_type":"article","og_title":"Vision - KUEHA","og_description":"Vision &#8211; K\u00fchlen mit der vorhandenen Heizungsanlage. &nbsp; Theoretische Untersuchungen haben gezeigt, dass nicht nur mit Fl\u00e4chenheizsystemen sondern auch mit Freien Heizfl\u00e4chen eine deutliche K\u00fchlwirkung erreicht werden kann. Wird eine Raumtemperierung statt einer Komforttemperaturregelung akzeptiert, erm\u00f6glicht dies eine Raumk\u00fchlung unter Nutzung der vorhandenen Heizungsanlage, in welcher dann Kaltwasser uml\u00e4uft. Dabei steigt die Intensit\u00e4t des Temperierungseffektes [&hellip;]","og_url":"https:\/\/kueha.mw.tu-dresden.de\/de\/vision\/","og_site_name":"KUEHA","article_modified_time":"2018-12-17T09:20:15+00:00","og_image":[{"width":1613,"height":560,"url":"https:\/\/kueha.mw.tu-dresden.de\/wp-content\/uploads\/Vision-1613x516-compressed.png","type":"image\/png"}],"twitter_card":"summary_large_image","twitter_misc":{"Gesch\u00e4tzte Lesezeit":"2\u00a0Minuten"},"schema":{"@context":"https:\/\/schema.org","@graph":[{"@type":"WebPage","@id":"https:\/\/kueha.mw.tu-dresden.de\/de\/vision\/","url":"https:\/\/kueha.mw.tu-dresden.de\/de\/vision\/","name":"Vision - KUEHA","isPartOf":{"@id":"https:\/\/kueha.mw.tu-dresden.de\/de\/#website"},"primaryImageOfPage":{"@id":"https:\/\/kueha.mw.tu-dresden.de\/de\/vision\/#primaryimage"},"image":{"@id":"https:\/\/kueha.mw.tu-dresden.de\/de\/vision\/#primaryimage"},"thumbnailUrl":"https:\/\/kueha.mw.tu-dresden.de\/wp-content\/uploads\/Vision-1613x516-compressed.png","datePublished":"2018-06-26T13:09:14+00:00","dateModified":"2018-12-17T09:20:15+00:00","breadcrumb":{"@id":"https:\/\/kueha.mw.tu-dresden.de\/de\/vision\/#breadcrumb"},"inLanguage":"de","potentialAction":[{"@type":"ReadAction","target":["https:\/\/kueha.mw.tu-dresden.de\/de\/vision\/"]}]},{"@type":"ImageObject","inLanguage":"de","@id":"https:\/\/kueha.mw.tu-dresden.de\/de\/vision\/#primaryimage","url":"https:\/\/kueha.mw.tu-dresden.de\/wp-content\/uploads\/Vision-1613x516-compressed.png","contentUrl":"https:\/\/kueha.mw.tu-dresden.de\/wp-content\/uploads\/Vision-1613x516-compressed.png","width":1613,"height":560,"caption":"Eine blaue Spiralgalaxy um die Vision des Projektes zu verdeutlichen"},{"@type":"BreadcrumbList","@id":"https:\/\/kueha.mw.tu-dresden.de\/de\/vision\/#breadcrumb","itemListElement":[{"@type":"ListItem","position":1,"name":"Home","item":"https:\/\/kueha.mw.tu-dresden.de\/de\/"},{"@type":"ListItem","position":2,"name":"Vision"}]},{"@type":"WebSite","@id":"https:\/\/kueha.mw.tu-dresden.de\/de\/#website","url":"https:\/\/kueha.mw.tu-dresden.de\/de\/","name":"KUEHA","description":"KUEHA","potentialAction":[{"@type":"SearchAction","target":{"@type":"EntryPoint","urlTemplate":"https:\/\/kueha.mw.tu-dresden.de\/de\/?s={search_term_string}"},"query-input":{"@type":"PropertyValueSpecification","valueRequired":true,"valueName":"search_term_string"}}],"inLanguage":"de"}]}},"_links":{"self":[{"href":"https:\/\/kueha.mw.tu-dresden.de\/de\/wp-json\/wp\/v2\/pages\/10536","targetHints":{"allow":["GET"]}}],"collection":[{"href":"https:\/\/kueha.mw.tu-dresden.de\/de\/wp-json\/wp\/v2\/pages"}],"about":[{"href":"https:\/\/kueha.mw.tu-dresden.de\/de\/wp-json\/wp\/v2\/types\/page"}],"author":[{"embeddable":true,"href":"https:\/\/kueha.mw.tu-dresden.de\/de\/wp-json\/wp\/v2\/users\/10"}],"replies":[{"embeddable":true,"href":"https:\/\/kueha.mw.tu-dresden.de\/de\/wp-json\/wp\/v2\/comments?post=10536"}],"version-history":[{"count":42,"href":"https:\/\/kueha.mw.tu-dresden.de\/de\/wp-json\/wp\/v2\/pages\/10536\/revisions"}],"predecessor-version":[{"id":11426,"href":"https:\/\/kueha.mw.tu-dresden.de\/de\/wp-json\/wp\/v2\/pages\/10536\/revisions\/11426"}],"wp:featuredmedia":[{"embeddable":true,"href":"https:\/\/kueha.mw.tu-dresden.de\/de\/wp-json\/wp\/v2\/media\/11893"}],"wp:attachment":[{"href":"https:\/\/kueha.mw.tu-dresden.de\/de\/wp-json\/wp\/v2\/media?parent=10536"}],"curies":[{"name":"wp","href":"https:\/\/api.w.org\/{rel}","templated":true}]}}