{"id":10514,"date":"2018-06-04T08:48:09","date_gmt":"2018-06-04T08:48:09","guid":{"rendered":"https:\/\/kueha.mw.tu-dresden.de\/?page_id=10514"},"modified":"2018-12-17T17:23:08","modified_gmt":"2018-12-17T17:23:08","slug":"startseite","status":"publish","type":"page","link":"https:\/\/kueha.mw.tu-dresden.de\/de\/","title":{"rendered":"Startseite"},"content":{"rendered":"<p><\/p>\n<h1><strong>KUEHA &#8211; Eine neuartige Systeml\u00f6sung zur sommerlichen Raumk\u00fchlung.<\/strong><\/h1>\n<p><img loading=\"lazy\" decoding=\"async\" class=\"alignnone size-full wp-image-10654\" src=\"https:\/\/kueha.mw.tu-dresden.de\/wp-content\/uploads\/Kueha_Logo-Startseite_414x591_wei\u00df-1.png\" alt=\"\" width=\"140\" height=\"200\" align=\"left\" hspace=\"20\" vspace=\"7\" \/>Besonders in urbanen Gebieten kommt es in den Sommermonaten zu zunehmenden thermischen Belastungen. Dabei kann auch der zunehmende W\u00e4rmeschutz von Geb\u00e4uden die sich in deren Inneren einstellende thermische Situation versch\u00e4rfen. Bei der Planung und dem Betrieb von Wohn-, B\u00fcro- und Verwaltungsgeb\u00e4uden wird die Notwendigkeit zur sommerlichen Raumk\u00fchlung h\u00e4ufig nicht erkannt, oder aus verschiedenen Gr\u00fcnden ignoriert.<br \/>\nEine eingeschr\u00e4nkte Thermische Behaglichkeit kann dann zu Nutzerbeschwerden, eingeschr\u00e4nkten Arbeitsleistungen und gerade bei \u00e4lteren Menschen zu massiven gesundheitlichen Beeintr\u00e4chtigungen f\u00fchren.<br \/>\nAndererseits werden zunehmend bessere Erfahrungen mit anspruchsvollen Klimatisierungsl\u00f6sungen, vor allem im Fahrzeug- und kommerziellen Freizeitbereich konsumiert. Dies f\u00fchrt insbesondere im Sommerfall zu einem steigenden thermischen Komfortbed\u00fcrfnis.<br \/>\nEine Nachr\u00fcstung von L\u00f6sungen zur sommerlichen Raumk\u00fchlung ist meist aus verschiedenen Gr\u00fcnden problematisch. H\u00e4ufig kommen sogenannte dezentrale Klima-Splitsysteme zum Einsatz. Bedenklich ist hierbei vor allem der Einsatz von Elektroenergie und die meist ungenutzte Abgabe der Abw\u00e4rme an die Umwelt. Zu niedrige Zulufttemperaturen und zu hohe Luftgeschwindigkeiten k\u00f6nnen bei diesen Systemen zu einer eingeschr\u00e4nkten Thermischen Behaglichkeit f\u00fchren.<br \/>\nMit dem im Projekt verfolgten Ansatz wird eine alternative M\u00f6glichkeit zur sommerlichen Raumk\u00fchlung einer Praxiserprobung unterzogen. Dabei soll die K\u00e4ltebereitstellung vorzugsweise unter Einbeziehung regenerativer Energien erfolgen.<\/p>","protected":false},"excerpt":{"rendered":"<p>KUEHA &#8211; Eine neuartige Systeml\u00f6sung zur sommerlichen Raumk\u00fchlung. Besonders in urbanen Gebieten kommt es in den Sommermonaten zu zunehmenden thermischen Belastungen. Dabei kann auch der zunehmende W\u00e4rmeschutz von Geb\u00e4uden die sich in deren Inneren einstellende thermische Situation versch\u00e4rfen. Bei der Planung und dem Betrieb von Wohn-, B\u00fcro- und Verwaltungsgeb\u00e4uden wird die Notwendigkeit zur sommerlichen Raumk\u00fchlung [&hellip;]<\/p>\n","protected":false},"author":10,"featured_media":11892,"parent":0,"menu_order":0,"comment_status":"closed","ping_status":"closed","template":"","meta":{"footnotes":""},"class_list":["post-10514","page","type-page","status-publish","has-post-thumbnail","hentry"],"yoast_head":"<!-- This site is optimized with the Yoast SEO plugin v25.9 - https:\/\/yoast.com\/wordpress\/plugins\/seo\/ -->\n<title>Startseite - KUEHA<\/title>\n<meta name=\"description\" content=\"KUEHA\" \/>\n<meta name=\"robots\" content=\"index, follow, max-snippet:-1, max-image-preview:large, max-video-preview:-1\" \/>\n<link rel=\"canonical\" href=\"https:\/\/kueha.mw.tu-dresden.de\/de\/\" \/>\n<meta property=\"og:locale\" content=\"de_DE\" \/>\n<meta property=\"og:type\" content=\"article\" \/>\n<meta property=\"og:title\" content=\"Startseite - KUEHA\" \/>\n<meta property=\"og:description\" content=\"KUEHA\" \/>\n<meta property=\"og:url\" content=\"https:\/\/kueha.mw.tu-dresden.de\/de\/\" \/>\n<meta property=\"og:site_name\" content=\"KUEHA\" \/>\n<meta property=\"article:modified_time\" content=\"2018-12-17T17:23:08+00:00\" \/>\n<meta property=\"og:image\" content=\"https:\/\/kueha.mw.tu-dresden.de\/wp-content\/uploads\/Startseite-1616x488-compressed.png\" \/>\n\t<meta property=\"og:image:width\" content=\"1616\" \/>\n\t<meta property=\"og:image:height\" content=\"488\" \/>\n\t<meta property=\"og:image:type\" content=\"image\/png\" \/>\n<meta name=\"twitter:card\" content=\"summary_large_image\" \/>\n<meta name=\"twitter:label1\" content=\"Gesch\u00e4tzte Lesezeit\" \/>\n\t<meta name=\"twitter:data1\" content=\"2\u00a0Minuten\" \/>\n<script type=\"application\/ld+json\" class=\"yoast-schema-graph\">{\"@context\":\"https:\/\/schema.org\",\"@graph\":[{\"@type\":\"WebPage\",\"@id\":\"https:\/\/kueha.mw.tu-dresden.de\/de\/\",\"url\":\"https:\/\/kueha.mw.tu-dresden.de\/de\/\",\"name\":\"Startseite - KUEHA\",\"isPartOf\":{\"@id\":\"https:\/\/kueha.mw.tu-dresden.de\/de\/#website\"},\"primaryImageOfPage\":{\"@id\":\"https:\/\/kueha.mw.tu-dresden.de\/de\/#primaryimage\"},\"image\":{\"@id\":\"https:\/\/kueha.mw.tu-dresden.de\/de\/#primaryimage\"},\"thumbnailUrl\":\"https:\/\/kueha.mw.tu-dresden.de\/wp-content\/uploads\/Startseite-1616x488-compressed.png\",\"datePublished\":\"2018-06-04T08:48:09+00:00\",\"dateModified\":\"2018-12-17T17:23:08+00:00\",\"description\":\"KUEHA\",\"breadcrumb\":{\"@id\":\"https:\/\/kueha.mw.tu-dresden.de\/de\/#breadcrumb\"},\"inLanguage\":\"de\",\"potentialAction\":[{\"@type\":\"ReadAction\",\"target\":[\"https:\/\/kueha.mw.tu-dresden.de\/de\/\"]}]},{\"@type\":\"ImageObject\",\"inLanguage\":\"de\",\"@id\":\"https:\/\/kueha.mw.tu-dresden.de\/de\/#primaryimage\",\"url\":\"https:\/\/kueha.mw.tu-dresden.de\/wp-content\/uploads\/Startseite-1616x488-compressed.png\",\"contentUrl\":\"https:\/\/kueha.mw.tu-dresden.de\/wp-content\/uploads\/Startseite-1616x488-compressed.png\",\"width\":1616,\"height\":488,\"caption\":\"Digitaler Avatar in Blau und Wei\u00df\"},{\"@type\":\"BreadcrumbList\",\"@id\":\"https:\/\/kueha.mw.tu-dresden.de\/de\/#breadcrumb\",\"itemListElement\":[{\"@type\":\"ListItem\",\"position\":1,\"name\":\"Home\",\"item\":\"https:\/\/kueha.mw.tu-dresden.de\/de\/\"},{\"@type\":\"ListItem\",\"position\":2,\"name\":\"Startseite\"}]},{\"@type\":\"WebSite\",\"@id\":\"https:\/\/kueha.mw.tu-dresden.de\/de\/#website\",\"url\":\"https:\/\/kueha.mw.tu-dresden.de\/de\/\",\"name\":\"KUEHA\",\"description\":\"KUEHA\",\"potentialAction\":[{\"@type\":\"SearchAction\",\"target\":{\"@type\":\"EntryPoint\",\"urlTemplate\":\"https:\/\/kueha.mw.tu-dresden.de\/de\/?s={search_term_string}\"},\"query-input\":{\"@type\":\"PropertyValueSpecification\",\"valueRequired\":true,\"valueName\":\"search_term_string\"}}],\"inLanguage\":\"de\"}]}<\/script>\n<!-- \/ Yoast SEO plugin. -->","yoast_head_json":{"title":"Startseite - KUEHA","description":"KUEHA","robots":{"index":"index","follow":"follow","max-snippet":"max-snippet:-1","max-image-preview":"max-image-preview:large","max-video-preview":"max-video-preview:-1"},"canonical":"https:\/\/kueha.mw.tu-dresden.de\/de\/","og_locale":"de_DE","og_type":"article","og_title":"Startseite - KUEHA","og_description":"KUEHA","og_url":"https:\/\/kueha.mw.tu-dresden.de\/de\/","og_site_name":"KUEHA","article_modified_time":"2018-12-17T17:23:08+00:00","og_image":[{"width":1616,"height":488,"url":"https:\/\/kueha.mw.tu-dresden.de\/wp-content\/uploads\/Startseite-1616x488-compressed.png","type":"image\/png"}],"twitter_card":"summary_large_image","twitter_misc":{"Gesch\u00e4tzte Lesezeit":"2\u00a0Minuten"},"schema":{"@context":"https:\/\/schema.org","@graph":[{"@type":"WebPage","@id":"https:\/\/kueha.mw.tu-dresden.de\/de\/","url":"https:\/\/kueha.mw.tu-dresden.de\/de\/","name":"Startseite - KUEHA","isPartOf":{"@id":"https:\/\/kueha.mw.tu-dresden.de\/de\/#website"},"primaryImageOfPage":{"@id":"https:\/\/kueha.mw.tu-dresden.de\/de\/#primaryimage"},"image":{"@id":"https:\/\/kueha.mw.tu-dresden.de\/de\/#primaryimage"},"thumbnailUrl":"https:\/\/kueha.mw.tu-dresden.de\/wp-content\/uploads\/Startseite-1616x488-compressed.png","datePublished":"2018-06-04T08:48:09+00:00","dateModified":"2018-12-17T17:23:08+00:00","description":"KUEHA","breadcrumb":{"@id":"https:\/\/kueha.mw.tu-dresden.de\/de\/#breadcrumb"},"inLanguage":"de","potentialAction":[{"@type":"ReadAction","target":["https:\/\/kueha.mw.tu-dresden.de\/de\/"]}]},{"@type":"ImageObject","inLanguage":"de","@id":"https:\/\/kueha.mw.tu-dresden.de\/de\/#primaryimage","url":"https:\/\/kueha.mw.tu-dresden.de\/wp-content\/uploads\/Startseite-1616x488-compressed.png","contentUrl":"https:\/\/kueha.mw.tu-dresden.de\/wp-content\/uploads\/Startseite-1616x488-compressed.png","width":1616,"height":488,"caption":"Digitaler Avatar in Blau und Wei\u00df"},{"@type":"BreadcrumbList","@id":"https:\/\/kueha.mw.tu-dresden.de\/de\/#breadcrumb","itemListElement":[{"@type":"ListItem","position":1,"name":"Home","item":"https:\/\/kueha.mw.tu-dresden.de\/de\/"},{"@type":"ListItem","position":2,"name":"Startseite"}]},{"@type":"WebSite","@id":"https:\/\/kueha.mw.tu-dresden.de\/de\/#website","url":"https:\/\/kueha.mw.tu-dresden.de\/de\/","name":"KUEHA","description":"KUEHA","potentialAction":[{"@type":"SearchAction","target":{"@type":"EntryPoint","urlTemplate":"https:\/\/kueha.mw.tu-dresden.de\/de\/?s={search_term_string}"},"query-input":{"@type":"PropertyValueSpecification","valueRequired":true,"valueName":"search_term_string"}}],"inLanguage":"de"}]}},"_links":{"self":[{"href":"https:\/\/kueha.mw.tu-dresden.de\/de\/wp-json\/wp\/v2\/pages\/10514","targetHints":{"allow":["GET"]}}],"collection":[{"href":"https:\/\/kueha.mw.tu-dresden.de\/de\/wp-json\/wp\/v2\/pages"}],"about":[{"href":"https:\/\/kueha.mw.tu-dresden.de\/de\/wp-json\/wp\/v2\/types\/page"}],"author":[{"embeddable":true,"href":"https:\/\/kueha.mw.tu-dresden.de\/de\/wp-json\/wp\/v2\/users\/10"}],"replies":[{"embeddable":true,"href":"https:\/\/kueha.mw.tu-dresden.de\/de\/wp-json\/wp\/v2\/comments?post=10514"}],"version-history":[{"count":61,"href":"https:\/\/kueha.mw.tu-dresden.de\/de\/wp-json\/wp\/v2\/pages\/10514\/revisions"}],"predecessor-version":[{"id":11863,"href":"https:\/\/kueha.mw.tu-dresden.de\/de\/wp-json\/wp\/v2\/pages\/10514\/revisions\/11863"}],"wp:featuredmedia":[{"embeddable":true,"href":"https:\/\/kueha.mw.tu-dresden.de\/de\/wp-json\/wp\/v2\/media\/11892"}],"wp:attachment":[{"href":"https:\/\/kueha.mw.tu-dresden.de\/de\/wp-json\/wp\/v2\/media?parent=10514"}],"curies":[{"name":"wp","href":"https:\/\/api.w.org\/{rel}","templated":true}]}}